{"id":736874,"date":"2025-03-03T16:33:46","date_gmt":"2025-03-03T15:33:46","guid":{"rendered":"https:\/\/stoic-curie.212-227-153-4.plesk.page\/producto\/edelstahl-eiswuerfelmaschine-vitrifrigo-hydro-compact-24v\/"},"modified":"2026-02-24T23:35:10","modified_gmt":"2026-02-24T23:35:10","slug":"edelstahl-eiswuerfelmaschine-vitrifrigo-hydro-compact-24v","status":"publish","type":"product","link":"https:\/\/stoic-curie.212-227-153-4.plesk.page\/de\/product\/edelstahl-eiswuerfelmaschine-vitrifrigo-hydro-compact-24v\/","title":{"rendered":"Edelstahl-Eisw\u00fcrfelmaschine Vitrifrigo Hydro Compact 24V"},"content":{"rendered":"<p>Edelstahl-Eisw\u00fcrfelmaschine Vitrifrigo Hydro Compact 24V &#8211; <\/p>\n<p style=\"color: rgb(34, 34, 34); font-family: Arial, Helvetica, sans-serif; font-size: small;\"><strong>Eisbereiter: IM XT OCX2 Hydro von Vitrifrigo<\/strong><\/p>\n<p style=\"color: rgb(34, 34, 34); font-family: Arial, Helvetica, sans-serif; font-size: small;\">Der IM XT OCX2 Hydro ist ein aus Edelstahl gefertigter Eisbereiter, der sorgf\u00e4ltig f\u00fcr den maritimen Sektor entwickelt wurde und in der Lage ist, innerhalb von 24 Stunden bis zu 8 kg Eis zu produzieren.<\/p>\n<p style=\"color: rgb(34, 34, 34); font-family: Arial, Helvetica, sans-serif; font-size: small;\">Dieses hochmoderne Ger\u00e4t integriert den innovativen Steelock-Verschlussmechanismus, der w\u00e4hrend der Navigation die Sicherheit gew\u00e4hrleistet, indem er unbeabsichtigtes \u00d6ffnen verhindert. Dar\u00fcber hinaus ist die Ventilposition-Funktion entscheidend, um das Wachstum von Schimmel und die Entstehung unangenehmer Ger\u00fcche in Phasen der Inaktivit\u00e4t zu reduzieren.<\/p>\n<p style=\"color: rgb(34, 34, 34); font-family: Arial, Helvetica, sans-serif; font-size: small;\">Der IM XT OCX2 Hydro ist so konstruiert, dass er direkt an die Wasserversorgung des Bootes angeschlossen werden kann, was die Notwendigkeit eines separaten Eisbeh\u00e4lters \u00fcberfl\u00fcssig macht und den Eisproduktionsprozess vereinfacht.<\/p>\n<p style=\"color: rgb(34, 34, 34); font-family: Arial, Helvetica, sans-serif; font-size: small;\">Um die Hygiene noch weiter zu verbessern, besteht die M\u00f6glichkeit, ein UV-System zur Wasseraufbereitung zu integrieren, das h\u00f6chste Sauberkeitsstandards gew\u00e4hrleistet.<\/p>\n<p style=\"color: rgb(34, 34, 34); font-family: Arial, Helvetica, sans-serif; font-size: small;\"><strong>Technische Spezifikationen:<\/strong><\/p>\n<ul style=\"color: rgb(34, 34, 34); font-family: Arial, Helvetica, sans-serif; font-size: small;\">\n<li><strong>T\u00fcroberfl\u00e4che:<\/strong>\u00a0Edelstahl<\/li>\n<li><strong>Kapazit\u00e4t:<\/strong>\u00a024,00 Liter<\/li>\n<li><strong>H\u00f6he:<\/strong>\u00a0546 mm<\/li>\n<li><strong>L\u00e4nge:<\/strong>\u00a0416 mm<\/li>\n<li><strong>Tiefe:<\/strong>\u00a0553 mm<\/li>\n<li><strong>Serie:<\/strong>\u00a0EISBEREITER<\/li>\n<li><strong>Umkehrbare T\u00fcr:<\/strong>\u00a0Ja<\/li>\n<li><strong>Thermostat:<\/strong>\u00a0LED<\/li>\n<li><strong>K\u00fchltechnologie:<\/strong>\u00a0Kompressor<\/li>\n<li><strong>K\u00fchlungseinheit:<\/strong>\u00a0Intern<\/li>\n<li><strong>\u00d6ffnung:<\/strong>\u00a0Einzelne Frontal\u00f6ffnung<\/li>\n<li><strong>Spannung:<\/strong>\u00a0115 VAC<\/li>\n<\/ul>\n<p style=\"color: rgb(34, 34, 34); font-family: Arial, Helvetica, sans-serif; font-size: small;\">Dieser Eisbereiter verbindet m\u00fchelos Funktionalit\u00e4t mit Sicherheit und Hygiene und ist somit eine hervorragende Wahl f\u00fcr Bootsbesitzer, die zuverl\u00e4ssige Ger\u00e4te suchen.<\/p>\n","protected":false},"excerpt":{"rendered":"<p>Edelstahl-Eisw\u00fcrfelmaschine Vitrifrigo Hydro Compact 24V &#8211; Eisbereiter: IM XT OCX2 Hydro von Vitrifrigo Der IM XT OCX2 Hydro ist ein<\/p>\n","protected":false},"featured_media":5945358,"comment_status":"open","ping_status":"closed","template":"","meta":[],"product_brand":[3525],"product_cat":[1464],"product_tag":[],"class_list":{"0":"post-736874","1":"product","2":"type-product","3":"status-publish","4":"has-post-thumbnail","6":"product_brand-vitrifrigo-de","7":"product_cat-kuehlschraenke-und-gefriertruhen","9":"first","10":"instock","11":"shipping-taxable","12":"purchasable","13":"product-type-simple"},"_links":{"self":[{"href":"https:\/\/stoic-curie.212-227-153-4.plesk.page\/de\/wp-json\/wp\/v2\/product\/736874","targetHints":{"allow":["GET"]}}],"collection":[{"href":"https:\/\/stoic-curie.212-227-153-4.plesk.page\/de\/wp-json\/wp\/v2\/product"}],"about":[{"href":"https:\/\/stoic-curie.212-227-153-4.plesk.page\/de\/wp-json\/wp\/v2\/types\/product"}],"replies":[{"embeddable":true,"href":"https:\/\/stoic-curie.212-227-153-4.plesk.page\/de\/wp-json\/wp\/v2\/comments?post=736874"}],"version-history":[{"count":0,"href":"https:\/\/stoic-curie.212-227-153-4.plesk.page\/de\/wp-json\/wp\/v2\/product\/736874\/revisions"}],"wp:featuredmedia":[{"embeddable":true,"href":"https:\/\/stoic-curie.212-227-153-4.plesk.page\/de\/wp-json\/wp\/v2\/media\/5945358"}],"wp:attachment":[{"href":"https:\/\/stoic-curie.212-227-153-4.plesk.page\/de\/wp-json\/wp\/v2\/media?parent=736874"}],"wp:term":[{"taxonomy":"product_brand","embeddable":true,"href":"https:\/\/stoic-curie.212-227-153-4.plesk.page\/de\/wp-json\/wp\/v2\/product_brand?post=736874"},{"taxonomy":"product_cat","embeddable":true,"href":"https:\/\/stoic-curie.212-227-153-4.plesk.page\/de\/wp-json\/wp\/v2\/product_cat?post=736874"},{"taxonomy":"product_tag","embeddable":true,"href":"https:\/\/stoic-curie.212-227-153-4.plesk.page\/de\/wp-json\/wp\/v2\/product_tag?post=736874"}],"curies":[{"name":"wp","href":"https:\/\/api.w.org\/{rel}","templated":true}]}}