{"id":736877,"date":"2025-03-03T16:33:47","date_gmt":"2025-03-03T15:33:47","guid":{"rendered":"https:\/\/stoic-curie.212-227-153-4.plesk.page\/producto\/doppelfach-kuehlschrank-vitifrigo-dw180-rfx-12-24v\/"},"modified":"2026-02-24T23:35:10","modified_gmt":"2026-02-24T23:35:10","slug":"doppelfach-kuehlschrank-vitifrigo-dw180-rfx-12-24v","status":"publish","type":"product","link":"https:\/\/stoic-curie.212-227-153-4.plesk.page\/de\/product\/doppelfach-kuehlschrank-vitifrigo-dw180-rfx-12-24v\/","title":{"rendered":"Vitifrigo DW180 RFX"},"content":{"rendered":"<p>Vitifrigo DW180 RFX &#8211; <\/p>\n<p style=\"color: rgb(34, 34, 34); font-family: Arial, Helvetica, sans-serif; font-size: small;\"><strong>Schubladen K\u00fchlschrank-Gefrierschrank: DW180 OCX2 RFX von Vitrifrigo<\/strong><\/p>\n<p style=\"color: rgb(34, 34, 34); font-family: Arial, Helvetica, sans-serif; font-size: small;\">Der DW180 OCX2 RFX Schubladen K\u00fchlschrank mit zwei F\u00e4chern bietet eine ausgezeichnete L\u00f6sung f\u00fcr alle, die separate Bereiche f\u00fcr die optimale Lebensmittelaufbewahrung suchen. Dieses Modell verf\u00fcgt \u00fcber ein robustes Edelstahl-Au\u00dfengeh\u00e4use und arbeitet mit einer 12\/24V Danfoss K\u00fchlvorrichtung. Es umfasst zwei Schubladenf\u00e4cher, jedes mit ma\u00dfgeschneiderten Funktionen, und beinhaltet einen Rahmen zur b\u00fcndigen T\u00fcrinstallation. Der Eisbereiter funktioniert mit 115\/230 V.<\/p>\n<p style=\"color: rgb(34, 34, 34); font-family: Arial, Helvetica, sans-serif; font-size: small;\">Mit einer Gesamtkapazit\u00e4t von 5,1 Kubikfu\u00df bietet dieser K\u00fchlschrank gro\u00dfz\u00fcgigen Platz f\u00fcr Obst, Gem\u00fcse, Milchprodukte, Getr\u00e4nke und mehr, um die Frische zu verl\u00e4ngern. Das obere Fach hat eine Kapazit\u00e4t von 2,8 Kubikfu\u00df, w\u00e4hrend das untere Fach 2,3 Kubikfu\u00df bietet.<\/p>\n<p style=\"color: rgb(34, 34, 34); font-family: Arial, Helvetica, sans-serif; font-size: small;\">Der DW180 OCX2 RFX ist aus Edelstahl gefertigt und auf St\u00e4rke und Langlebigkeit ausgelegt. Sein elegantes, minimalistisches Design erm\u00f6glicht eine nahtlose Integration in K\u00fcchen und Vorratskammern jeder Art.<\/p>\n<p style=\"color: rgb(34, 34, 34); font-family: Arial, Helvetica, sans-serif; font-size: small;\">Zus\u00e4tzlich macht die Edelstahloberfl\u00e4che die Reinigung und Desinfektion einfach.<\/p>\n<p style=\"color: rgb(34, 34, 34); font-family: Arial, Helvetica, sans-serif; font-size: small;\"><strong>Spezifikationen:<\/strong><\/p>\n<ul style=\"color: rgb(34, 34, 34); font-family: Arial, Helvetica, sans-serif; font-size: small;\">\n<li><strong>T\u00fcrfinish:<\/strong>\u00a0Edelstahl<\/li>\n<li><strong>Kapazit\u00e4t:<\/strong>\u00a05,10 Kubikfu\u00df<\/li>\n<li><strong>Gewicht:<\/strong>\u00a0145,70 lbs<\/li>\n<li><strong>Serie:<\/strong>\u00a0DW OCX2<\/li>\n<li><strong>Umkehrbare T\u00fcr:<\/strong>\u00a0Nein<\/li>\n<li><strong>Thermostat:<\/strong>\u00a0LED<\/li>\n<li><strong>K\u00fchltechnologie:<\/strong>\u00a0Kompressor<\/li>\n<li><strong>K\u00fchlger\u00e4t:<\/strong>\u00a0Intern<\/li>\n<li><strong>T\u00fcr\u00f6ffnung:<\/strong>\u00a0Schubladen\u00f6ffnung<\/li>\n<li><strong>Spannung:<\/strong>\u00a012\/24 VDC &#8211; 100\/240 VAC<\/li>\n<li><strong>Abmessungen (USA):<\/strong>\u00a066,7 x 86,4 x 59,0 cm<\/li>\n<\/ul>\n","protected":false},"excerpt":{"rendered":"<p>Vitifrigo DW180 RFX &#8211; Schubladen K\u00fchlschrank-Gefrierschrank: DW180 OCX2 RFX von Vitrifrigo Der DW180 OCX2 RFX Schubladen K\u00fchlschrank mit zwei F\u00e4chern<\/p>\n","protected":false},"featured_media":5943937,"comment_status":"open","ping_status":"closed","template":"","meta":[],"product_brand":[3525],"product_cat":[1464],"product_tag":[],"class_list":{"0":"post-736877","1":"product","2":"type-product","3":"status-publish","4":"has-post-thumbnail","6":"product_brand-vitrifrigo-de","7":"product_cat-kuehlschraenke-und-gefriertruhen","9":"first","10":"instock","11":"shipping-taxable","12":"purchasable","13":"product-type-simple"},"_links":{"self":[{"href":"https:\/\/stoic-curie.212-227-153-4.plesk.page\/de\/wp-json\/wp\/v2\/product\/736877","targetHints":{"allow":["GET"]}}],"collection":[{"href":"https:\/\/stoic-curie.212-227-153-4.plesk.page\/de\/wp-json\/wp\/v2\/product"}],"about":[{"href":"https:\/\/stoic-curie.212-227-153-4.plesk.page\/de\/wp-json\/wp\/v2\/types\/product"}],"replies":[{"embeddable":true,"href":"https:\/\/stoic-curie.212-227-153-4.plesk.page\/de\/wp-json\/wp\/v2\/comments?post=736877"}],"version-history":[{"count":0,"href":"https:\/\/stoic-curie.212-227-153-4.plesk.page\/de\/wp-json\/wp\/v2\/product\/736877\/revisions"}],"wp:featuredmedia":[{"embeddable":true,"href":"https:\/\/stoic-curie.212-227-153-4.plesk.page\/de\/wp-json\/wp\/v2\/media\/5943937"}],"wp:attachment":[{"href":"https:\/\/stoic-curie.212-227-153-4.plesk.page\/de\/wp-json\/wp\/v2\/media?parent=736877"}],"wp:term":[{"taxonomy":"product_brand","embeddable":true,"href":"https:\/\/stoic-curie.212-227-153-4.plesk.page\/de\/wp-json\/wp\/v2\/product_brand?post=736877"},{"taxonomy":"product_cat","embeddable":true,"href":"https:\/\/stoic-curie.212-227-153-4.plesk.page\/de\/wp-json\/wp\/v2\/product_cat?post=736877"},{"taxonomy":"product_tag","embeddable":true,"href":"https:\/\/stoic-curie.212-227-153-4.plesk.page\/de\/wp-json\/wp\/v2\/product_tag?post=736877"}],"curies":[{"name":"wp","href":"https:\/\/api.w.org\/{rel}","templated":true}]}}