{"id":736878,"date":"2025-03-03T16:33:47","date_gmt":"2025-03-03T15:33:47","guid":{"rendered":"https:\/\/stoic-curie.212-227-153-4.plesk.page\/producto\/kuehlschrank-und-gefrierfach-dw180-dtx-im-12-24v\/"},"modified":"2026-02-24T23:35:10","modified_gmt":"2026-02-24T23:35:10","slug":"kuehlschrank-und-gefrierfach-dw180-dtx-im-12-24v","status":"publish","type":"product","link":"https:\/\/stoic-curie.212-227-153-4.plesk.page\/de\/product\/kuehlschrank-und-gefrierfach-dw180-dtx-im-12-24v\/","title":{"rendered":"Vitifrigo DW180 DTX"},"content":{"rendered":"<p>Vitifrigo DW180 DTX &#8211; <\/p>\n<p style=\"color: rgb(34, 34, 34); font-family: Arial, Helvetica, sans-serif; font-size: small;\">Die Vitrifrigo Edelstahl-Schubladen K\u00fchlschr\u00e4nke mit externem Geh\u00e4use verf\u00fcgen \u00fcber eine 12\/24V interne Danfoss-K\u00fchlungseinheit. Dieses Modell umfasst zwei Schubladenf\u00e4cher, die jeweils mit ma\u00dfgeschneiderten Funktionen ausgestattet sind, und wird mit einem Rahmen f\u00fcr die b\u00fcndige T\u00fcrinstallation geliefert. Der Eisbereiter arbeitet mit 115\/230V und ist ebenfalls f\u00fcr die b\u00fcndige T\u00fcrinstallation konzipiert. Das spezifische Modell, DW180 OCX2 DTX IM, ist eine K\u00fchlschrank-Gefrierkombination.<\/p>\n<p style=\"color: rgb(34, 34, 34); font-family: Arial, Helvetica, sans-serif; font-size: small;\">Der K\u00fchlschrank-Gefrierkombination DW180 OCX2 DTX IM besteht aus zwei F\u00e4chern. Das obere Fach bietet ein Volumen von 2,8 Kubikfu\u00df, w\u00e4hrend das untere Fach 2,3 Kubikfu\u00df Platz bietet. Das 80-Liter-Unterfach dient als Gefrierfach und ist mit einem Eisbereiter ausgestattet.<\/p>\n<p style=\"color: rgb(34, 34, 34); font-family: Arial, Helvetica, sans-serif; font-size: small;\">Im Gegensatz dazu fungiert das 2,3 Kubikfu\u00df-Unterfach als K\u00fchlschrank. Mit einem Gesamtvolumen von 5,1 Kubikfu\u00df vereint dieses Modell das schlanke, moderne Edelstahl-Design, das zeitgen\u00f6ssische Ger\u00e4te auszeichnet, mit der praktischen Funktionalit\u00e4t einer K\u00fchlschrank-Gefrierkombination.<\/p>\n<p style=\"color: rgb(34, 34, 34); font-family: Arial, Helvetica, sans-serif; font-size: small;\"><strong>Spezifikationen:<\/strong><\/p>\n<ul style=\"color: rgb(34, 34, 34); font-family: Arial, Helvetica, sans-serif; font-size: small;\">\n<li><strong>T\u00fcrfinish:<\/strong>\u00a0Edelstahl<\/li>\n<li><strong>Gesamtvolumen:<\/strong>\u00a05,10 Kubikfu\u00df<\/li>\n<li><strong>Gewicht:<\/strong>\u00a0134,50 lbs<\/li>\n<li><strong>Serie:<\/strong>\u00a0DW OCX2<\/li>\n<li><strong>Umkehrbare T\u00fcr:<\/strong>\u00a0Nein<\/li>\n<li><strong>Thermostat:<\/strong>\u00a0LED<\/li>\n<li><strong>K\u00fchltechnologie:<\/strong>\u00a0Kompressor<\/li>\n<li><strong>K\u00fchlger\u00e4t:<\/strong>\u00a0Intern<\/li>\n<li><strong>T\u00fcr\u00f6ffnung:<\/strong>\u00a0Schubladen\u00f6ffnung<\/li>\n<li><strong>Spannung:<\/strong>\u00a0115 VAC<\/li>\n<li><strong>Abmessungen (USA):<\/strong>\u00a026 1\/4 x 34 1\/8 x 23 1\/4 Zoll<\/li>\n<\/ul>\n<p style=\"color: rgb(34, 34, 34); font-family: Arial, Helvetica, sans-serif; font-size: small;\">Dieses K\u00fchlschrank-Gefrierkombination-Modell vereint \u00e4sthetische Anziehungskraft mit effizienter Funktionalit\u00e4t und ist eine ausgezeichnete Wahl f\u00fcr Bootsbesitzer, die zuverl\u00e4ssige und qualitativ hochwertige Ausr\u00fcstung suchen.<\/p>\n","protected":false},"excerpt":{"rendered":"<p>Vitifrigo DW180 DTX &#8211; Die Vitrifrigo Edelstahl-Schubladen K\u00fchlschr\u00e4nke mit externem Geh\u00e4use verf\u00fcgen \u00fcber eine 12\/24V interne Danfoss-K\u00fchlungseinheit. Dieses Modell umfasst<\/p>\n","protected":false},"featured_media":5943937,"comment_status":"open","ping_status":"closed","template":"","meta":[],"product_brand":[3525],"product_cat":[1464],"product_tag":[],"class_list":{"0":"post-736878","1":"product","2":"type-product","3":"status-publish","4":"has-post-thumbnail","6":"product_brand-vitrifrigo-de","7":"product_cat-kuehlschraenke-und-gefriertruhen","9":"first","10":"instock","11":"shipping-taxable","12":"purchasable","13":"product-type-simple"},"_links":{"self":[{"href":"https:\/\/stoic-curie.212-227-153-4.plesk.page\/de\/wp-json\/wp\/v2\/product\/736878","targetHints":{"allow":["GET"]}}],"collection":[{"href":"https:\/\/stoic-curie.212-227-153-4.plesk.page\/de\/wp-json\/wp\/v2\/product"}],"about":[{"href":"https:\/\/stoic-curie.212-227-153-4.plesk.page\/de\/wp-json\/wp\/v2\/types\/product"}],"replies":[{"embeddable":true,"href":"https:\/\/stoic-curie.212-227-153-4.plesk.page\/de\/wp-json\/wp\/v2\/comments?post=736878"}],"version-history":[{"count":0,"href":"https:\/\/stoic-curie.212-227-153-4.plesk.page\/de\/wp-json\/wp\/v2\/product\/736878\/revisions"}],"wp:featuredmedia":[{"embeddable":true,"href":"https:\/\/stoic-curie.212-227-153-4.plesk.page\/de\/wp-json\/wp\/v2\/media\/5943937"}],"wp:attachment":[{"href":"https:\/\/stoic-curie.212-227-153-4.plesk.page\/de\/wp-json\/wp\/v2\/media?parent=736878"}],"wp:term":[{"taxonomy":"product_brand","embeddable":true,"href":"https:\/\/stoic-curie.212-227-153-4.plesk.page\/de\/wp-json\/wp\/v2\/product_brand?post=736878"},{"taxonomy":"product_cat","embeddable":true,"href":"https:\/\/stoic-curie.212-227-153-4.plesk.page\/de\/wp-json\/wp\/v2\/product_cat?post=736878"},{"taxonomy":"product_tag","embeddable":true,"href":"https:\/\/stoic-curie.212-227-153-4.plesk.page\/de\/wp-json\/wp\/v2\/product_tag?post=736878"}],"curies":[{"name":"wp","href":"https:\/\/api.w.org\/{rel}","templated":true}]}}