{"id":736879,"date":"2025-03-03T16:33:47","date_gmt":"2025-03-03T15:33:47","guid":{"rendered":"https:\/\/stoic-curie.212-227-153-4.plesk.page\/producto\/doppelfach-gefrierschrank-vitifrigo-dw180-btx-12-24v\/"},"modified":"2026-02-24T23:35:10","modified_gmt":"2026-02-24T23:35:10","slug":"doppelfach-gefrierschrank-vitifrigo-dw180-btx-12-24v","status":"publish","type":"product","link":"https:\/\/stoic-curie.212-227-153-4.plesk.page\/de\/product\/doppelfach-gefrierschrank-vitifrigo-dw180-btx-12-24v\/","title":{"rendered":"Vitifrigo DW180 BTX"},"content":{"rendered":"<p>Vitifrigo DW180 BTX &#8211; <\/p>\n<p style=\"color: rgb(34, 34, 34); font-family: Arial, Helvetica, sans-serif; font-size: small;\">Die Vitrifrigo-Au\u00dfenverkleidung aus Edelstahl K\u00fchlschrank mit Schubladen verf\u00fcgen \u00fcber eine 12\/24V interne Danfoss-K\u00fchlungseinheit. Diese Einheiten bestehen aus zwei Schubladenf\u00e4chern, die jeweils mit speziellen Funktionen ausgestattet sind und kommen mit einem Rahmen f\u00fcr die b\u00fcndige T\u00fcrinstallation. Die Modelle mit Eisbereiter arbeiten mit 115\/230V und beinhalten ebenfalls einen Rahmen f\u00fcr eine nahtlose Installation mit einer b\u00fcndigen T\u00fcr.<\/p>\n<p style=\"color: rgb(34, 34, 34); font-family: Arial, Helvetica, sans-serif; font-size: small;\">Das Modell DW180 OCX2 BTX hebt sich als herausragender 144-Liter-Schubladengefrierschrank hervor, der zwei separate F\u00e4cher bietet, die gro\u00dfz\u00fcgigen Platz f\u00fcr frische und gefrorene Lebensmittel bieten.<\/p>\n<p style=\"color: rgb(34, 34, 34); font-family: Arial, Helvetica, sans-serif; font-size: small;\">Dieses Modell ist vollst\u00e4ndig aus Edelstahl gefertigt, was eine hohe Leistung und langlebige Haltbarkeit gew\u00e4hrleistet.<\/p>\n<p style=\"color: rgb(34, 34, 34); font-family: Arial, Helvetica, sans-serif; font-size: small;\">Das obere Fach hat ein Volumen von 80 Litern, w\u00e4hrend das untere Fach 64 Liter Stauraum bietet.<\/p>\n<p style=\"color: rgb(34, 34, 34); font-family: Arial, Helvetica, sans-serif; font-size: small;\">Mit seinem eleganten und minimalistischen Design f\u00fcgt sich der DW180 OCX2 BTX nahtlos in K\u00fcchen und Vorratsr\u00e4ume jeden Stils ein.<\/p>\n<p style=\"color: rgb(34, 34, 34); font-family: Arial, Helvetica, sans-serif; font-size: small;\"><strong>Zus\u00e4tzliche Informationen:<\/strong><\/p>\n<ul style=\"color: rgb(34, 34, 34); font-family: Arial, Helvetica, sans-serif; font-size: small;\">\n<li><strong>T\u00fcrfinish:<\/strong>\u00a0Edelstahl<\/li>\n<li><strong>Gesamtkapazit\u00e4t:<\/strong>\u00a0144 Liter<\/li>\n<li><strong>H\u00f6he:<\/strong>\u00a0866 mm<\/li>\n<li><strong>L\u00e4nge:<\/strong>\u00a0666 mm<\/li>\n<li><strong>Tiefe:<\/strong>\u00a0590 mm<\/li>\n<li><strong>Serie:<\/strong>\u00a0DW OCX2<\/li>\n<li><strong>Umkehrbare T\u00fcr:<\/strong>\u00a0Nein<\/li>\n<li><strong>Thermostat:<\/strong>\u00a0LED<\/li>\n<li><strong>K\u00fchltechnologie:<\/strong>\u00a0Kompressor<\/li>\n<li><strong>K\u00fchlungseinheit:<\/strong>\u00a0Intern<\/li>\n<li><strong>T\u00fcr\u00f6ffnung:<\/strong>\u00a0Schubladen\u00f6ffnung<\/li>\n<li><strong>Spannung:<\/strong>\u00a012\/24 VDC<\/li>\n<\/ul>\n","protected":false},"excerpt":{"rendered":"<p>Vitifrigo DW180 BTX &#8211; Die Vitrifrigo-Au\u00dfenverkleidung aus Edelstahl K\u00fchlschrank mit Schubladen verf\u00fcgen \u00fcber eine 12\/24V interne Danfoss-K\u00fchlungseinheit. Diese Einheiten bestehen<\/p>\n","protected":false},"featured_media":5943937,"comment_status":"open","ping_status":"closed","template":"","meta":[],"product_brand":[3525],"product_cat":[1464],"product_tag":[],"class_list":{"0":"post-736879","1":"product","2":"type-product","3":"status-publish","4":"has-post-thumbnail","6":"product_brand-vitrifrigo-de","7":"product_cat-kuehlschraenke-und-gefriertruhen","9":"first","10":"instock","11":"shipping-taxable","12":"purchasable","13":"product-type-simple"},"_links":{"self":[{"href":"https:\/\/stoic-curie.212-227-153-4.plesk.page\/de\/wp-json\/wp\/v2\/product\/736879","targetHints":{"allow":["GET"]}}],"collection":[{"href":"https:\/\/stoic-curie.212-227-153-4.plesk.page\/de\/wp-json\/wp\/v2\/product"}],"about":[{"href":"https:\/\/stoic-curie.212-227-153-4.plesk.page\/de\/wp-json\/wp\/v2\/types\/product"}],"replies":[{"embeddable":true,"href":"https:\/\/stoic-curie.212-227-153-4.plesk.page\/de\/wp-json\/wp\/v2\/comments?post=736879"}],"version-history":[{"count":0,"href":"https:\/\/stoic-curie.212-227-153-4.plesk.page\/de\/wp-json\/wp\/v2\/product\/736879\/revisions"}],"wp:featuredmedia":[{"embeddable":true,"href":"https:\/\/stoic-curie.212-227-153-4.plesk.page\/de\/wp-json\/wp\/v2\/media\/5943937"}],"wp:attachment":[{"href":"https:\/\/stoic-curie.212-227-153-4.plesk.page\/de\/wp-json\/wp\/v2\/media?parent=736879"}],"wp:term":[{"taxonomy":"product_brand","embeddable":true,"href":"https:\/\/stoic-curie.212-227-153-4.plesk.page\/de\/wp-json\/wp\/v2\/product_brand?post=736879"},{"taxonomy":"product_cat","embeddable":true,"href":"https:\/\/stoic-curie.212-227-153-4.plesk.page\/de\/wp-json\/wp\/v2\/product_cat?post=736879"},{"taxonomy":"product_tag","embeddable":true,"href":"https:\/\/stoic-curie.212-227-153-4.plesk.page\/de\/wp-json\/wp\/v2\/product_tag?post=736879"}],"curies":[{"name":"wp","href":"https:\/\/api.w.org\/{rel}","templated":true}]}}