{"id":736880,"date":"2025-03-03T16:33:47","date_gmt":"2025-03-03T15:33:47","guid":{"rendered":"https:\/\/stoic-curie.212-227-153-4.plesk.page\/producto\/gefrierschrank-und-eismaschine-vitrifrigo-dw180-btx-im-12-24v\/"},"modified":"2026-02-24T23:35:10","modified_gmt":"2026-02-24T23:35:10","slug":"gefrierschrank-und-eismaschine-vitrifrigo-dw180-btx-im-12-24v","status":"publish","type":"product","link":"https:\/\/stoic-curie.212-227-153-4.plesk.page\/de\/product\/gefrierschrank-und-eismaschine-vitrifrigo-dw180-btx-im-12-24v\/","title":{"rendered":"Vitrifrigo DW180 BTX IM"},"content":{"rendered":"<p>Vitrifrigo DW180 BTX IM &#8211; <\/p>\n<p>Die Au\u00dfenverkleidung der Edelstahl-Schubladen-K\u00fchlschr\u00e4nke von Vitrifrigo ist mit einer 12\/24V-Danfoss-K\u00fchlanlage ausgestattet. Diese K\u00fchlschr\u00e4nke verf\u00fcgen \u00fcber zwei Schubladenf\u00e4cher, die jeweils anpassbare Funktionen bieten, und kommen mit einem Rahmen f\u00fcr eine b\u00fcndige T\u00fcrmontage. Die Modelle mit Eismaschine arbeiten mit 115\/230V Strom.<\/p>\n<p>Der Seadrawer DW 180 BTX IM OCX2 ist eine Edelstahl-Innereinheit, die f\u00fcr eine effiziente K\u00fchlung entwickelt wurde. Er hat ein Volumen von 144 Litern und misst 866 mm in der H\u00f6he, 617 mm in der Breite und 590 mm in der Tiefe. Dieses Modell verbraucht 140 Watt Leistung und arbeitet mit einer Spannung von 230V. Mit einem Gewicht von 61 kg ist der Seadrawer DW 180 BTX IM OCX2 bestens f\u00fcr eine Vielzahl von K\u00fchlanwendungen geeignet und tr\u00e4gt die Produktnummer 0402-0063.<\/p>\n<p><strong>Seadrawer DW 180 BTX IM OCX2 &#8211; Gefrierger\u00e4t + Eismaschine \/ Gefrierger\u00e4t &#8211; Inneneinheit &#8211; 230V<\/strong><\/p>\n<p>Der Seadrawer DW 180 BTX IM OCX2 ist eine vielseitige Inneneinheit, die Funktionalit\u00e4t und Effizienz nahtlos kombiniert und sich hervorragend f\u00fcr unterschiedliche K\u00fchlbed\u00fcrfnisse eignet.<\/p>\n<p><strong>Spezifikationen:<\/strong><\/p>\n<ul>\n<li><strong>Oberfl\u00e4che:<\/strong> Edelstahl<\/li>\n<li><strong>Stromverbrauch:<\/strong> 140 W<\/li>\n<li><strong>H\u00f6he:<\/strong> 866 mm<\/li>\n<li><strong>Breite:<\/strong> 617 mm<\/li>\n<li><strong>Modell:<\/strong> DW 180 BTX IM OCX2<\/li>\n<li><strong>Tiefe:<\/strong> 590 mm<\/li>\n<li><strong>Volumen:<\/strong> 144 L<\/li>\n<li><strong>Gewicht:<\/strong> 61 kg<\/li>\n<li><strong>Spannung:<\/strong> 230 V<\/li>\n<li><strong>Marke:<\/strong> Vitrifrigo<\/li>\n<li><strong>Produktnummer:<\/strong> 0402-0063<\/li>\n<\/ul>\n","protected":false},"excerpt":{"rendered":"<p>Vitrifrigo DW180 BTX IM &#8211; Die Au\u00dfenverkleidung der Edelstahl-Schubladen-K\u00fchlschr\u00e4nke von Vitrifrigo ist mit einer 12\/24V-Danfoss-K\u00fchlanlage ausgestattet. Diese K\u00fchlschr\u00e4nke verf\u00fcgen \u00fcber<\/p>\n","protected":false},"featured_media":5943937,"comment_status":"open","ping_status":"closed","template":"","meta":[],"product_brand":[3525],"product_cat":[1464],"product_tag":[],"class_list":{"0":"post-736880","1":"product","2":"type-product","3":"status-publish","4":"has-post-thumbnail","6":"product_brand-vitrifrigo-de","7":"product_cat-kuehlschraenke-und-gefriertruhen","9":"first","10":"instock","11":"shipping-taxable","12":"purchasable","13":"product-type-simple"},"_links":{"self":[{"href":"https:\/\/stoic-curie.212-227-153-4.plesk.page\/de\/wp-json\/wp\/v2\/product\/736880","targetHints":{"allow":["GET"]}}],"collection":[{"href":"https:\/\/stoic-curie.212-227-153-4.plesk.page\/de\/wp-json\/wp\/v2\/product"}],"about":[{"href":"https:\/\/stoic-curie.212-227-153-4.plesk.page\/de\/wp-json\/wp\/v2\/types\/product"}],"replies":[{"embeddable":true,"href":"https:\/\/stoic-curie.212-227-153-4.plesk.page\/de\/wp-json\/wp\/v2\/comments?post=736880"}],"version-history":[{"count":0,"href":"https:\/\/stoic-curie.212-227-153-4.plesk.page\/de\/wp-json\/wp\/v2\/product\/736880\/revisions"}],"wp:featuredmedia":[{"embeddable":true,"href":"https:\/\/stoic-curie.212-227-153-4.plesk.page\/de\/wp-json\/wp\/v2\/media\/5943937"}],"wp:attachment":[{"href":"https:\/\/stoic-curie.212-227-153-4.plesk.page\/de\/wp-json\/wp\/v2\/media?parent=736880"}],"wp:term":[{"taxonomy":"product_brand","embeddable":true,"href":"https:\/\/stoic-curie.212-227-153-4.plesk.page\/de\/wp-json\/wp\/v2\/product_brand?post=736880"},{"taxonomy":"product_cat","embeddable":true,"href":"https:\/\/stoic-curie.212-227-153-4.plesk.page\/de\/wp-json\/wp\/v2\/product_cat?post=736880"},{"taxonomy":"product_tag","embeddable":true,"href":"https:\/\/stoic-curie.212-227-153-4.plesk.page\/de\/wp-json\/wp\/v2\/product_tag?post=736880"}],"curies":[{"name":"wp","href":"https:\/\/api.w.org\/{rel}","templated":true}]}}