{"id":736886,"date":"2025-03-03T16:33:49","date_gmt":"2025-03-03T15:33:49","guid":{"rendered":"https:\/\/stoic-curie.212-227-153-4.plesk.page\/producto\/warmwasserboiler-johnson-aquah-marine-500w-22l-bsp-230v\/"},"modified":"2026-02-24T23:35:10","modified_gmt":"2026-02-24T23:35:10","slug":"warmwasserboiler-johnson-aquah-marine-500w-22l-bsp-230v","status":"publish","type":"product","link":"https:\/\/stoic-curie.212-227-153-4.plesk.page\/de\/product\/warmwasserboiler-johnson-aquah-marine-500w-22l-bsp-230v\/","title":{"rendered":"Wasserheizer Johnson AquaH 500W \/ 22L"},"content":{"rendered":"<p>Wasserheizer Johnson AquaH 500W \/ 22L &#8211; <\/p>\n<p>Johnson Marine-Wassererhitzer sind sorgf\u00e4ltig aus AISI 316-Edelstahl gefertigt. Dieses Design macht sie ideal f\u00fcr maritime Umgebungen. Jeder Heater hat ein elektrisches Heizelement von 500W-220V. Das erm\u00f6glicht den Betrieb am Hafen oder wenn er mit einem Generator verbunden ist. Zudem verf\u00fcgen sie \u00fcber ein spezielles System, das W\u00e4rme aus dem K\u00fchlkreislauf des Motors nutzt.<\/p>\n<p>Die AquaH-Serie umfasst fortschrittliche Wassererhitzer mit Speicherkapazit\u00e4ten von 22 bis 80 Litern (5,3 bis 19,3 Gallonen). Jedes Modell bietet zwei Heizoptionen. Das bedeutet, sie k\u00f6nnen Wasser auf zwei Arten erhitzen. Sie k\u00f6nnen Strom verwenden oder Wasser indirekt von einem anderen System erw\u00e4rmen. Dies k\u00f6nnte ein Marine-Motor oder ein Generator-K\u00fchlsystem sein.<\/p>\n<p><strong>Begrenzte 5-Jahre Garantie<\/strong><\/p>\n<p>Diese Heizer sind durch starken AISI 304-Edelstahl gesch\u00fctzt. Sie haben auch eine langlebige Kunststoffendkappe mit Montageschienen. Die Innenseite besteht aus AISI 316L-Edelstahl, und die Ger\u00e4te sind mit Polyurethanschaum isoliert. Sie sind mit einem Sicherheits- und R\u00fcckschlagventil ausgestattet, das auf 6 Bar +\/- 0,5 Bar eingestellt ist, und die Motoranschl\u00fcsse sind auf 1\/2&#8243; BSP dimensioniert.<\/p>\n<p>Elektrische Heizelemente sind in Incoloy in den Leistungsklassen 500W und 1200W erh\u00e4ltlich. Dies stellt sicher, dass hei\u00dfes Wasser verf\u00fcgbar ist, wenn Motorw\u00e4rme nicht vorhanden ist, solange 230V Strom verf\u00fcgbar ist. Jedes Ger\u00e4t hat ein einstellbares Sicherheitsthermostat zur Temperaturkontrolle w\u00e4hrend des elektrischen Heizens.<\/p>\n<p><strong>Abmessungen<\/strong><\/p>\n<table>\n<thead>\n<tr>\n<th>Teilenummer<\/th>\n<th>Stromversorgung<\/th>\n<th>Speicherkapazit\u00e4t<\/th>\n<th>Gewicht (leer)<\/th>\n<th>A<\/th>\n<th>B<\/th>\n<th>C<\/th>\n<th>D<\/th>\n<th>E<\/th>\n<th>F<\/th>\n<\/tr>\n<\/thead>\n<tbody>\n<tr>\n<td>56-47455-01\/02<\/td>\n<td>220V<\/td>\n<td>22L (5.8 gal)<\/td>\n<td>10 kg (22 lbs)<\/td>\n<td>322 mm (12.7 in)<\/td>\n<td>290 mm (11.4 in)<\/td>\n<td>235 mm (9.25 in)<\/td>\n<td>325 mm (12.8 in)<\/td>\n<td>410 mm (16.1 in)<\/td>\n<td>485 mm (19.1 in)<\/td>\n<\/tr>\n<tr>\n<td>56-47455-03\/04<\/td>\n<td>500V<\/td>\n<td>30L (7.9 gal)<\/td>\n<td>11.5 kg (25.4 lbs)<\/td>\n<td>322 mm (12.7 in)<\/td>\n<td>290 mm (11.4 in)<\/td>\n<td>370 mm (14.6 in)<\/td>\n<td>325 mm (12.8 in)<\/td>\n<td>545 mm (21.5 in)<\/td>\n<td>620 mm (24.4 in)<\/td>\n<\/tr>\n<tr>\n<td>56-47457-01\/02<\/td>\n<td>200V<\/td>\n<td>45L (11.9 gal)<\/td>\n<td>15 kg (33.1 lbs)<\/td>\n<td>322 mm (12.7 in)<\/td>\n<td>290 mm (11.4 in)<\/td>\n<td>625 mm (24.6 in)<\/td>\n<td>325 mm (12.8 in)<\/td>\n<td>805 mm (31.7 in)<\/td>\n<td>880 mm (34.6 in)<\/td>\n<\/tr>\n<tr>\n<td>56-47458-01\/02<\/td>\n<td>200V<\/td>\n<td>60L (15.9 gal)<\/td>\n<td>17.3 kg (38.1 lbs)<\/td>\n<td>322 mm (12.7 in)<\/td>\n<td>290 mm (11.4 in)<\/td>\n<td>810 mm (31.9 in)<\/td>\n<td>325 mm (12.8 in)<\/td>\n<td>990 mm (39 in)<\/td>\n<td>1065 mm (41.9 in)<\/td>\n<\/tr>\n<tr>\n<td>56-47459-01\/02<\/td>\n<td>200V<\/td>\n<td>80L (21.1 gal)<\/td>\n<td>20 kg (44.1 lbs)<\/td>\n<td>322 mm (12.7 in)<\/td>\n<td>290 mm (11.4 in)<\/td>\n<td>1090 mm (42.9 in)<\/td>\n<td>325 mm (12.8 in)<\/td>\n<td>1270 mm (50 in)<\/td>\n<td>1345 mm (53 in)<\/td>\n<\/tr>\n<\/tbody>\n<\/table>\n<p><strong>Stromversorgung:<\/strong> 220-240 V ~ 50 Hz oder 120 V &#8211; 60 Hz<br \/><strong>Wasseranschl\u00fcsse:<\/strong> \u00bd&#8221;<\/p>\n","protected":false},"excerpt":{"rendered":"<p>Wasserheizer Johnson AquaH 500W \/ 22L &#8211; Johnson Marine-Wassererhitzer sind sorgf\u00e4ltig aus AISI 316-Edelstahl gefertigt. Dieses Design macht sie ideal<\/p>\n","protected":false},"featured_media":5938715,"comment_status":"open","ping_status":"closed","template":"","meta":[],"product_brand":[3045],"product_cat":[1364],"product_tag":[],"class_list":{"0":"post-736886","1":"product","2":"type-product","3":"status-publish","4":"has-post-thumbnail","6":"product_brand-johnson-marine-de","7":"product_cat-wasserboiler","9":"first","10":"instock","11":"shipping-taxable","12":"purchasable","13":"product-type-simple"},"_links":{"self":[{"href":"https:\/\/stoic-curie.212-227-153-4.plesk.page\/de\/wp-json\/wp\/v2\/product\/736886","targetHints":{"allow":["GET"]}}],"collection":[{"href":"https:\/\/stoic-curie.212-227-153-4.plesk.page\/de\/wp-json\/wp\/v2\/product"}],"about":[{"href":"https:\/\/stoic-curie.212-227-153-4.plesk.page\/de\/wp-json\/wp\/v2\/types\/product"}],"replies":[{"embeddable":true,"href":"https:\/\/stoic-curie.212-227-153-4.plesk.page\/de\/wp-json\/wp\/v2\/comments?post=736886"}],"version-history":[{"count":0,"href":"https:\/\/stoic-curie.212-227-153-4.plesk.page\/de\/wp-json\/wp\/v2\/product\/736886\/revisions"}],"wp:featuredmedia":[{"embeddable":true,"href":"https:\/\/stoic-curie.212-227-153-4.plesk.page\/de\/wp-json\/wp\/v2\/media\/5938715"}],"wp:attachment":[{"href":"https:\/\/stoic-curie.212-227-153-4.plesk.page\/de\/wp-json\/wp\/v2\/media?parent=736886"}],"wp:term":[{"taxonomy":"product_brand","embeddable":true,"href":"https:\/\/stoic-curie.212-227-153-4.plesk.page\/de\/wp-json\/wp\/v2\/product_brand?post=736886"},{"taxonomy":"product_cat","embeddable":true,"href":"https:\/\/stoic-curie.212-227-153-4.plesk.page\/de\/wp-json\/wp\/v2\/product_cat?post=736886"},{"taxonomy":"product_tag","embeddable":true,"href":"https:\/\/stoic-curie.212-227-153-4.plesk.page\/de\/wp-json\/wp\/v2\/product_tag?post=736886"}],"curies":[{"name":"wp","href":"https:\/\/api.w.org\/{rel}","templated":true}]}}