{"id":736893,"date":"2025-03-03T16:33:50","date_gmt":"2025-03-03T15:33:50","guid":{"rendered":"https:\/\/stoic-curie.212-227-153-4.plesk.page\/producto\/fuellstandssensor-sanisplit-t-pf-p36\/"},"modified":"2026-02-24T23:35:10","modified_gmt":"2026-02-24T23:35:10","slug":"fuellstandssensor-sanisplit-t-pf-p36","status":"publish","type":"product","link":"https:\/\/stoic-curie.212-227-153-4.plesk.page\/de\/product\/fuellstandssensor-sanisplit-t-pf-p36\/","title":{"rendered":"F\u00fcllstandssensor Sanisplit T-PF.P36"},"content":{"rendered":"<p>F\u00fcllstandssensor Sanisplit T-PF.P36 &#8211; <\/p>\n<p>Sanisplit NK ist eine leistungsstarke und leise Pumpeneinheit, die Grauwasser von Bidets, Duschen und Waschbecken abf\u00fchrt. Sie verf\u00fcgt \u00fcber ein R\u00fcckschlagventil und einen Druckschalter, der aktiviert wird, sobald Wasser in die Einheit eintritt. Die minimale H\u00f6henanforderung vom Abfluss betr\u00e4gt 200 mm.<\/p>\n","protected":false},"excerpt":{"rendered":"<p>F\u00fcllstandssensor Sanisplit T-PF.P36 &#8211; Sanisplit NK ist eine leistungsstarke und leise Pumpeneinheit, die Grauwasser von Bidets, Duschen und Waschbecken abf\u00fchrt.<\/p>\n","protected":false},"featured_media":5945370,"comment_status":"open","ping_status":"closed","template":"","meta":[],"product_brand":[3470],"product_cat":[1369],"product_tag":[],"class_list":{"0":"post-736893","1":"product","2":"type-product","3":"status-publish","4":"has-post-thumbnail","6":"product_brand-tecma-de","7":"product_cat-grauwassersysteme","9":"first","10":"outofstock","11":"shipping-taxable","12":"purchasable","13":"product-type-simple"},"_links":{"self":[{"href":"https:\/\/stoic-curie.212-227-153-4.plesk.page\/de\/wp-json\/wp\/v2\/product\/736893","targetHints":{"allow":["GET"]}}],"collection":[{"href":"https:\/\/stoic-curie.212-227-153-4.plesk.page\/de\/wp-json\/wp\/v2\/product"}],"about":[{"href":"https:\/\/stoic-curie.212-227-153-4.plesk.page\/de\/wp-json\/wp\/v2\/types\/product"}],"replies":[{"embeddable":true,"href":"https:\/\/stoic-curie.212-227-153-4.plesk.page\/de\/wp-json\/wp\/v2\/comments?post=736893"}],"version-history":[{"count":0,"href":"https:\/\/stoic-curie.212-227-153-4.plesk.page\/de\/wp-json\/wp\/v2\/product\/736893\/revisions"}],"wp:featuredmedia":[{"embeddable":true,"href":"https:\/\/stoic-curie.212-227-153-4.plesk.page\/de\/wp-json\/wp\/v2\/media\/5945370"}],"wp:attachment":[{"href":"https:\/\/stoic-curie.212-227-153-4.plesk.page\/de\/wp-json\/wp\/v2\/media?parent=736893"}],"wp:term":[{"taxonomy":"product_brand","embeddable":true,"href":"https:\/\/stoic-curie.212-227-153-4.plesk.page\/de\/wp-json\/wp\/v2\/product_brand?post=736893"},{"taxonomy":"product_cat","embeddable":true,"href":"https:\/\/stoic-curie.212-227-153-4.plesk.page\/de\/wp-json\/wp\/v2\/product_cat?post=736893"},{"taxonomy":"product_tag","embeddable":true,"href":"https:\/\/stoic-curie.212-227-153-4.plesk.page\/de\/wp-json\/wp\/v2\/product_tag?post=736893"}],"curies":[{"name":"wp","href":"https:\/\/api.w.org\/{rel}","templated":true}]}}