{"id":736895,"date":"2025-03-03T16:33:50","date_gmt":"2025-03-03T15:33:50","guid":{"rendered":"https:\/\/stoic-curie.212-227-153-4.plesk.page\/producto\/marine-toilette-tecma-silence-plus-2g-24v-mit-all-in-one-sft-bedienfeld\/"},"modified":"2026-02-24T23:35:10","modified_gmt":"2026-02-24T23:35:10","slug":"marine-toilette-tecma-silence-plus-2g-24v-mit-all-in-one-sft-bedienfeld","status":"publish","type":"product","link":"https:\/\/stoic-curie.212-227-153-4.plesk.page\/de\/product\/marine-toilette-tecma-silence-plus-2g-24v-mit-all-in-one-sft-bedienfeld\/","title":{"rendered":"Marine Toilette Tecma Silence Plus 2G 24V (All-in-One SFT Panel)"},"content":{"rendered":"<p>Marine Toilette Tecma Silence Plus 2G 24V (All-in-One SFT Panel) &#8211; <\/p>\n<p style=\"color: rgb(34, 34, 34); font-family: Arial, Helvetica, sans-serif; font-size: small;\">Tecma Silence Plus 2G Toilette mit All-in-One SFT-Panel<\/p>\n<p style=\"color: rgb(34, 34, 34); font-family: Arial, Helvetica, sans-serif; font-size: small;\">Die Tecma Silence Plus 2G Toilette funktioniert mit einem 24V-Netzsystem und ist mit dem Standard-All-in-One-SFT-Panel ausgestattet, das \u00fcber ein Dual-Tasten-Interface f\u00fcr die Wasserzufuhr und die Sp\u00fclung verf\u00fcgt. Dieses Modell verwendet die Smart Flush-Technologie, die einen reduzierten Wasserverbrauch und minimale Ger\u00e4uschentwicklung garantiert. Dar\u00fcber hinaus bietet es einen \u00dcberlaufschutz und eine \u00dcberwachung des Abwassertanks, was den Nutzerkomfort erh\u00f6ht. Ihr ansprechendes Design tr\u00e4gt zum Komfort in engen R\u00e4umen bei, w\u00e4hrend der thermoplastische Sitz mit einem sanften Schlie\u00dfmechanismus ausgestattet ist, um Sch\u00e4den und Ger\u00e4usche zu minimieren. Entwickelt f\u00fcr Effizienz, reduziert es signifikant den Wasser- und Stromverbrauch sowie die Ger\u00e4uschpegel. Die Installations- und Verkabelungsprozesse sind unkompliziert und erfordern keine laufende Wartung.<\/p>\n<p style=\"color: rgb(34, 34, 34); font-family: Arial, Helvetica, sans-serif; font-size: small;\">Die Silence Plus 2G vereint die gesch\u00e4tzte Zuverl\u00e4ssigkeit von Thetford mit dem anspruchsvollen italienischen Design und verk\u00f6rpert die Spitze der maritimen Toilettentechnologie. Als die &#8216;Gro\u00dfe Sch\u00fcssel&#8217;-Option innerhalb der Flexi-Line-Serie ist sie das Herzst\u00fcck dieser Kollektion. Mit verbesserten Funktionen und Weiterentwicklungen ihrer zweiten Generation bietet die Silence Plus 2G herausragende Leistung und Komfort. Ihre L\u00e4nge von 51 cm (20,1 Zoll) gew\u00e4hrleistet ein Sitzgef\u00fchl wie bei einer konventionellen Haustoilette.<\/p>\n<p style=\"color: rgb(34, 34, 34); font-family: Arial, Helvetica, sans-serif; font-size: small;\">Dieses ausgekl\u00fcgelte Modell umfasst auch ein passendes Bidet, das Bidet Silence Plus 2G, und schafft die ideale Erg\u00e4nzung f\u00fcr Ihr Badezimmer.<\/p>\n<p style=\"color: rgb(34, 34, 34); font-family: Arial, Helvetica, sans-serif; font-size: small;\">Die Silence Plus stellt die gr\u00f6\u00dfere Variante von Thetford&#8217;s Flexi-Line Elektroklo-Serie dar, die f\u00fcr \u00fcberlegene Leistung und Komfort konzipiert wurde. Die gro\u00dfz\u00fcgigen 51 cm L\u00e4nge garantieren ein komfortables Sitzgef\u00fchl, wie von Thetford betont. Die moderne italienische Keramiksch\u00fcssel in Kombination mit dem verbesserten zweiten Generation-Macerator-System von Thetford macht diese Toilette zu einer au\u00dfergew\u00f6hnlichen Wahl f\u00fcr maritime Anwendungen.<\/p>\n<p style=\"color: rgb(34, 34, 34); font-family: Arial, Helvetica, sans-serif; font-size: small;\">Dieses Modell ist f\u00fcr die Installation auf einem 10 cm hohen Podest konzipiert, wobei alle Sanit\u00e4rkomponenten clever im Toilettengeh\u00e4use verborgen sind und eine nahtlose Anpassung an Wand und Boden erm\u00f6glichen.<\/p>\n<p style=\"color: rgb(34, 34, 34); font-family: Arial, Helvetica, sans-serif; font-size: small;\">Hauptmerkmale:<\/p>\n<ul style=\"color: rgb(34, 34, 34); font-family: Arial, Helvetica, sans-serif; font-size: small;\">\n<li>Ger\u00e4umige italienische Keramiksch\u00fcssel<\/li>\n<li>Hygienischer Sitz aus thermoplastischem Material mit Soft-Close-Funktion<\/li>\n<li>Bedienfeld mit austauschbaren wei\u00dfen oder schwarzen Umrandungen<\/li>\n<li>Verstellbarer Wasserverbrauch mit der M\u00f6glichkeit, an einen Tankmesser anzuschlie\u00dfen, um ein \u00dcberlaufen zu verhindern<\/li>\n<li>Problemloser Anschluss an ein druckbeaufschlagtes Frischwassersystem<\/li>\n<li>Option zur Verbindung mit einer Rohwasser-(Meerwasser-)Versorgung<\/li>\n<li>Zwei integrierte R\u00fcckschlagventile<\/li>\n<li>Hochgeschwindigkeits-Vortex-Impeller<\/li>\n<li>Integrierte Luftventil<\/li>\n<\/ul>\n<p style=\"color: rgb(34, 34, 34); font-family: Arial, Helvetica, sans-serif; font-size: small;\">Dieses Toilettenpaket umfasst alle wesentlichen Komponenten f\u00fcr die Installation: einen 38 mm Abwasseranschluss, einen 19 mm Wasserzulauf und einen vollst\u00e4ndigen Kabelbaum.<\/p>\n<p style=\"color: rgb(34, 34, 34); font-family: Arial, Helvetica, sans-serif; font-size: small;\">Die Tecma Silence Plus 2G ist eine hochwertige Nachr\u00fcsttoilette, die einfach zu installieren und eine hervorragende Verbesserung gegen\u00fcber traditionellen Schwerkraftsystemen darstellt.<\/p>\n","protected":false},"excerpt":{"rendered":"<p>Marine Toilette Tecma Silence Plus 2G 24V (All-in-One SFT Panel) &#8211; Tecma Silence Plus 2G Toilette mit All-in-One SFT-Panel Die<\/p>\n","protected":false},"featured_media":5945372,"comment_status":"open","ping_status":"closed","template":"","meta":[],"product_brand":[3470],"product_cat":[1388],"product_tag":[],"class_list":{"0":"post-736895","1":"product","2":"type-product","3":"status-publish","4":"has-post-thumbnail","6":"product_brand-tecma-de","7":"product_cat-marine-wcs","9":"first","10":"instock","11":"shipping-taxable","12":"purchasable","13":"product-type-simple"},"_links":{"self":[{"href":"https:\/\/stoic-curie.212-227-153-4.plesk.page\/de\/wp-json\/wp\/v2\/product\/736895","targetHints":{"allow":["GET"]}}],"collection":[{"href":"https:\/\/stoic-curie.212-227-153-4.plesk.page\/de\/wp-json\/wp\/v2\/product"}],"about":[{"href":"https:\/\/stoic-curie.212-227-153-4.plesk.page\/de\/wp-json\/wp\/v2\/types\/product"}],"replies":[{"embeddable":true,"href":"https:\/\/stoic-curie.212-227-153-4.plesk.page\/de\/wp-json\/wp\/v2\/comments?post=736895"}],"version-history":[{"count":0,"href":"https:\/\/stoic-curie.212-227-153-4.plesk.page\/de\/wp-json\/wp\/v2\/product\/736895\/revisions"}],"wp:featuredmedia":[{"embeddable":true,"href":"https:\/\/stoic-curie.212-227-153-4.plesk.page\/de\/wp-json\/wp\/v2\/media\/5945372"}],"wp:attachment":[{"href":"https:\/\/stoic-curie.212-227-153-4.plesk.page\/de\/wp-json\/wp\/v2\/media?parent=736895"}],"wp:term":[{"taxonomy":"product_brand","embeddable":true,"href":"https:\/\/stoic-curie.212-227-153-4.plesk.page\/de\/wp-json\/wp\/v2\/product_brand?post=736895"},{"taxonomy":"product_cat","embeddable":true,"href":"https:\/\/stoic-curie.212-227-153-4.plesk.page\/de\/wp-json\/wp\/v2\/product_cat?post=736895"},{"taxonomy":"product_tag","embeddable":true,"href":"https:\/\/stoic-curie.212-227-153-4.plesk.page\/de\/wp-json\/wp\/v2\/product_tag?post=736895"}],"curies":[{"name":"wp","href":"https:\/\/api.w.org\/{rel}","templated":true}]}}