{"id":736906,"date":"2025-03-03T16:33:53","date_gmt":"2025-03-03T15:33:53","guid":{"rendered":"https:\/\/stoic-curie.212-227-153-4.plesk.page\/producto\/ersatzsitz-fuer-tecma-compass-t-781tbfr\/"},"modified":"2026-02-24T23:35:10","modified_gmt":"2026-02-24T23:35:10","slug":"ersatzsitz-fuer-tecma-compass-t-781tbfr","status":"publish","type":"product","link":"https:\/\/stoic-curie.212-227-153-4.plesk.page\/de\/product\/ersatzsitz-fuer-tecma-compass-t-781tbfr\/","title":{"rendered":"Ersatzsitz f\u00fcr Tecma Compass T-781TBFR"},"content":{"rendered":"<p>Ersatzsitz f\u00fcr Tecma Compass T-781TBFR &#8211; <\/p>\n<p>Tecma Compact-Serie (Nano und Compass) Toilettensitze und -scharniere. <br \/>F\u00fcr die Nano-Toilette: Moderne und leichte Thermoset-Sitzfl\u00e4che mit einer Abdeckung, die den Sitz verbirgt. <br \/>F\u00fcr die Compass-Toilette: Klassischer und robuster Thermoset-Sitz mit einer Abdeckung, bei der sowohl der Sitz als auch die Abdeckung sichtbar sind. <br \/>Sanftes Schlie\u00dfen: Scharniere mit D\u00e4mpfersystem, um Sch\u00e4den und Ger\u00e4usche zu vermeiden.<\/p>\n","protected":false},"excerpt":{"rendered":"<p>Ersatzsitz f\u00fcr Tecma Compass T-781TBFR &#8211; Tecma Compact-Serie (Nano und Compass) Toilettensitze und -scharniere. F\u00fcr die Nano-Toilette: Moderne und leichte<\/p>\n","protected":false},"featured_media":5945389,"comment_status":"open","ping_status":"closed","template":"","meta":[],"product_brand":[3470],"product_cat":[1388],"product_tag":[],"class_list":{"0":"post-736906","1":"product","2":"type-product","3":"status-publish","4":"has-post-thumbnail","6":"product_brand-tecma-de","7":"product_cat-marine-wcs","9":"first","10":"instock","11":"shipping-taxable","12":"purchasable","13":"product-type-simple"},"_links":{"self":[{"href":"https:\/\/stoic-curie.212-227-153-4.plesk.page\/de\/wp-json\/wp\/v2\/product\/736906","targetHints":{"allow":["GET"]}}],"collection":[{"href":"https:\/\/stoic-curie.212-227-153-4.plesk.page\/de\/wp-json\/wp\/v2\/product"}],"about":[{"href":"https:\/\/stoic-curie.212-227-153-4.plesk.page\/de\/wp-json\/wp\/v2\/types\/product"}],"replies":[{"embeddable":true,"href":"https:\/\/stoic-curie.212-227-153-4.plesk.page\/de\/wp-json\/wp\/v2\/comments?post=736906"}],"version-history":[{"count":0,"href":"https:\/\/stoic-curie.212-227-153-4.plesk.page\/de\/wp-json\/wp\/v2\/product\/736906\/revisions"}],"wp:featuredmedia":[{"embeddable":true,"href":"https:\/\/stoic-curie.212-227-153-4.plesk.page\/de\/wp-json\/wp\/v2\/media\/5945389"}],"wp:attachment":[{"href":"https:\/\/stoic-curie.212-227-153-4.plesk.page\/de\/wp-json\/wp\/v2\/media?parent=736906"}],"wp:term":[{"taxonomy":"product_brand","embeddable":true,"href":"https:\/\/stoic-curie.212-227-153-4.plesk.page\/de\/wp-json\/wp\/v2\/product_brand?post=736906"},{"taxonomy":"product_cat","embeddable":true,"href":"https:\/\/stoic-curie.212-227-153-4.plesk.page\/de\/wp-json\/wp\/v2\/product_cat?post=736906"},{"taxonomy":"product_tag","embeddable":true,"href":"https:\/\/stoic-curie.212-227-153-4.plesk.page\/de\/wp-json\/wp\/v2\/product_tag?post=736906"}],"curies":[{"name":"wp","href":"https:\/\/api.w.org\/{rel}","templated":true}]}}