{"id":736910,"date":"2025-03-03T16:33:54","date_gmt":"2025-03-03T15:33:54","guid":{"rendered":"https:\/\/stoic-curie.212-227-153-4.plesk.page\/producto\/ersatzscharniere-fuer-tecma-silence-plus-t-pf-p83\/"},"modified":"2026-02-24T23:35:10","modified_gmt":"2026-02-24T23:35:10","slug":"ersatzscharniere-fuer-tecma-silence-plus-t-pf-p83","status":"publish","type":"product","link":"https:\/\/stoic-curie.212-227-153-4.plesk.page\/de\/product\/ersatzscharniere-fuer-tecma-silence-plus-t-pf-p83\/","title":{"rendered":"Ersatzscharniere f\u00fcr Tecma Silence Plus T-PF. P83"},"content":{"rendered":"<p>Ersatzscharniere f\u00fcr Tecma Silence Plus T-PF. P83 &#8211; <\/p>\n<p>Design (Breeze) und Flexi (Silence, Elegance) Toilettensitz- und Scharnierserien. PE: Klassischer und robuster Polyester-Sitz mit Abdeckung, wobei sowohl der Sitz als auch die Abdeckung sichtbar sind. TE: Moderner und leichter Thermoform-Sitz mit einer Abdeckung, die den Sitz verbirgt. Sanftschlie\u00dfende Scharniere mit D\u00e4mpfungssystem, um Sch\u00e4den und Ger\u00e4usche zu vermeiden.<\/p>\n","protected":false},"excerpt":{"rendered":"<p>Ersatzscharniere f\u00fcr Tecma Silence Plus T-PF. P83 &#8211; Design (Breeze) und Flexi (Silence, Elegance) Toilettensitz- und Scharnierserien. PE: Klassischer und<\/p>\n","protected":false},"featured_media":5945395,"comment_status":"open","ping_status":"closed","template":"","meta":[],"product_brand":[3470],"product_cat":[1388],"product_tag":[],"class_list":{"0":"post-736910","1":"product","2":"type-product","3":"status-publish","4":"has-post-thumbnail","6":"product_brand-tecma-de","7":"product_cat-marine-wcs","9":"first","10":"instock","11":"shipping-taxable","12":"purchasable","13":"product-type-simple"},"_links":{"self":[{"href":"https:\/\/stoic-curie.212-227-153-4.plesk.page\/de\/wp-json\/wp\/v2\/product\/736910","targetHints":{"allow":["GET"]}}],"collection":[{"href":"https:\/\/stoic-curie.212-227-153-4.plesk.page\/de\/wp-json\/wp\/v2\/product"}],"about":[{"href":"https:\/\/stoic-curie.212-227-153-4.plesk.page\/de\/wp-json\/wp\/v2\/types\/product"}],"replies":[{"embeddable":true,"href":"https:\/\/stoic-curie.212-227-153-4.plesk.page\/de\/wp-json\/wp\/v2\/comments?post=736910"}],"version-history":[{"count":0,"href":"https:\/\/stoic-curie.212-227-153-4.plesk.page\/de\/wp-json\/wp\/v2\/product\/736910\/revisions"}],"wp:featuredmedia":[{"embeddable":true,"href":"https:\/\/stoic-curie.212-227-153-4.plesk.page\/de\/wp-json\/wp\/v2\/media\/5945395"}],"wp:attachment":[{"href":"https:\/\/stoic-curie.212-227-153-4.plesk.page\/de\/wp-json\/wp\/v2\/media?parent=736910"}],"wp:term":[{"taxonomy":"product_brand","embeddable":true,"href":"https:\/\/stoic-curie.212-227-153-4.plesk.page\/de\/wp-json\/wp\/v2\/product_brand?post=736910"},{"taxonomy":"product_cat","embeddable":true,"href":"https:\/\/stoic-curie.212-227-153-4.plesk.page\/de\/wp-json\/wp\/v2\/product_cat?post=736910"},{"taxonomy":"product_tag","embeddable":true,"href":"https:\/\/stoic-curie.212-227-153-4.plesk.page\/de\/wp-json\/wp\/v2\/product_tag?post=736910"}],"curies":[{"name":"wp","href":"https:\/\/api.w.org\/{rel}","templated":true}]}}