{"id":736912,"date":"2025-03-03T16:33:54","date_gmt":"2025-03-03T15:33:54","guid":{"rendered":"https:\/\/stoic-curie.212-227-153-4.plesk.page\/producto\/ersatzscharniere-fuer-tecma-elegance-t-pf-seite-84\/"},"modified":"2026-02-24T23:35:10","modified_gmt":"2026-02-24T23:35:10","slug":"ersatzscharniere-fuer-tecma-elegance-t-pf-seite-84","status":"publish","type":"product","link":"https:\/\/stoic-curie.212-227-153-4.plesk.page\/de\/product\/ersatzscharniere-fuer-tecma-elegance-t-pf-seite-84\/","title":{"rendered":"Ersatzscharniere f\u00fcr Tecma Elegance T-PF. Seite 84"},"content":{"rendered":"<p>Ersatzscharniere f\u00fcr Tecma Elegance T-PF. Seite 84 &#8211; <\/p>\n<p>Die Toilettensitze und -scharniere der Serien Design (Breeze) und Flexi (Silence, Elegance). PE: Klassischer und robuster Polyester-Sitz mit sichtbarem Deckel und Sitz. TE: Moderner und leichter Thermoplast-Sitz mit einem Deckel, der den Sitz verbirgt. Sanftschlie\u00dfende Scharniere mit D\u00e4mpfungssystem verhindern Besch\u00e4digungen und L\u00e4rm.<\/p>\n","protected":false},"excerpt":{"rendered":"<p>Ersatzscharniere f\u00fcr Tecma Elegance T-PF. Seite 84 &#8211; Die Toilettensitze und -scharniere der Serien Design (Breeze) und Flexi (Silence, Elegance).<\/p>\n","protected":false},"featured_media":5945395,"comment_status":"open","ping_status":"closed","template":"","meta":[],"product_brand":[3470],"product_cat":[1388],"product_tag":[],"class_list":{"0":"post-736912","1":"product","2":"type-product","3":"status-publish","4":"has-post-thumbnail","6":"product_brand-tecma-de","7":"product_cat-marine-wcs","9":"first","10":"instock","11":"shipping-taxable","12":"purchasable","13":"product-type-simple"},"_links":{"self":[{"href":"https:\/\/stoic-curie.212-227-153-4.plesk.page\/de\/wp-json\/wp\/v2\/product\/736912","targetHints":{"allow":["GET"]}}],"collection":[{"href":"https:\/\/stoic-curie.212-227-153-4.plesk.page\/de\/wp-json\/wp\/v2\/product"}],"about":[{"href":"https:\/\/stoic-curie.212-227-153-4.plesk.page\/de\/wp-json\/wp\/v2\/types\/product"}],"replies":[{"embeddable":true,"href":"https:\/\/stoic-curie.212-227-153-4.plesk.page\/de\/wp-json\/wp\/v2\/comments?post=736912"}],"version-history":[{"count":0,"href":"https:\/\/stoic-curie.212-227-153-4.plesk.page\/de\/wp-json\/wp\/v2\/product\/736912\/revisions"}],"wp:featuredmedia":[{"embeddable":true,"href":"https:\/\/stoic-curie.212-227-153-4.plesk.page\/de\/wp-json\/wp\/v2\/media\/5945395"}],"wp:attachment":[{"href":"https:\/\/stoic-curie.212-227-153-4.plesk.page\/de\/wp-json\/wp\/v2\/media?parent=736912"}],"wp:term":[{"taxonomy":"product_brand","embeddable":true,"href":"https:\/\/stoic-curie.212-227-153-4.plesk.page\/de\/wp-json\/wp\/v2\/product_brand?post=736912"},{"taxonomy":"product_cat","embeddable":true,"href":"https:\/\/stoic-curie.212-227-153-4.plesk.page\/de\/wp-json\/wp\/v2\/product_cat?post=736912"},{"taxonomy":"product_tag","embeddable":true,"href":"https:\/\/stoic-curie.212-227-153-4.plesk.page\/de\/wp-json\/wp\/v2\/product_tag?post=736912"}],"curies":[{"name":"wp","href":"https:\/\/api.w.org\/{rel}","templated":true}]}}