{"id":736916,"date":"2025-03-03T16:33:55","date_gmt":"2025-03-03T15:33:55","guid":{"rendered":"https:\/\/stoic-curie.212-227-153-4.plesk.page\/producto\/abwassertank-mit-12v-jabsco-pumpe-modell-flach-48lt\/"},"modified":"2026-02-24T23:35:10","modified_gmt":"2026-02-24T23:35:10","slug":"abwassertank-mit-12v-jabsco-pumpe-modell-flach-48lt","status":"publish","type":"product","link":"https:\/\/stoic-curie.212-227-153-4.plesk.page\/de\/product\/abwassertank-mit-12v-jabsco-pumpe-modell-flach-48lt\/","title":{"rendered":"Abwassertank mit 12V Jabsco Pumpe (Modell Flach 48l)"},"content":{"rendered":"<p>Abwassertank mit 12V Jabsco Pumpe (Modell Flach 48l) &#8211; <\/p>\n<p>Hochdichte Polyethylen-Abwasser- und Abfalltanks sind sorgf\u00e4ltig gefertigt mit einem Schwerpunkt auf St\u00e4rke und Effizienz. Sie sind voll ausgestattet mit einem zuverl\u00e4ssigen Entladesystem, das Ihre Bootbed\u00fcrfnisse erf\u00fcllt. Jeder Tank ist mit einer robusten 12V selbstansaugenden Jabsco-Pumpe ausgestattet, die f\u00fcr ihre Zuverl\u00e4ssigkeit und hervorragende Leistung bekannt ist. Diese Pumpe enth\u00e4lt einen 38 mm Anschluss, der eine sichere Verbindung f\u00fcr eine effektive Abfallentsorgung gew\u00e4hrleistet.<\/p>\n<p>Um die Zug\u00e4nglichkeit zu verbessern, verf\u00fcgt jeder Tank \u00fcber einen praktischen 10-Loch-Deckel, der den Zugang zur Wartung erleichtert, wenn dies erforderlich ist. Dar\u00fcber hinaus bieten wir einen drehbaren Rohr-zu-Schlauch-Connector mit einem Durchmesser von 38 mm an, der Flexibilit\u00e4t bei Ihrer Installation bietet. F\u00fcr zus\u00e4tzliche Anpassungsf\u00e4higkeit ist ebenfalls ein 16 mm Edelstahl Rohr-zu-Schlauch-Connector enthalten, der die Kompatibilit\u00e4t mit verschiedenen Systemen sicherstellt.<\/p>\n<p>Um Ihnen zu helfen, den Miststand genau zu \u00fcberwachen, liefern wir einen 240-33 Ohm tubularen F\u00fcllstandssender, der Ihnen hilft, den Inhalt des Tanks im Auge zu behalten. Dar\u00fcber hinaus enth\u00e4lt das Set einen Geruchsfilter mit einem Bel\u00fcftungsloop und einem Ablaufsiphon, um unangenehme Ger\u00fcche zu reduzieren. Dieses umfassende Set sorgt f\u00fcr eine effektive Abfallbewirtschaftung und ist eine wichtige Erg\u00e4nzung f\u00fcr Ihr Bootserlebnis.<\/p>\n","protected":false},"excerpt":{"rendered":"<p>Abwassertank mit 12V Jabsco Pumpe (Modell Flach 48l) &#8211; Hochdichte Polyethylen-Abwasser- und Abfalltanks sind sorgf\u00e4ltig gefertigt mit einem Schwerpunkt auf<\/p>\n","protected":false},"featured_media":5945399,"comment_status":"open","ping_status":"closed","template":"","meta":[],"product_brand":[2855],"product_cat":[1362,1369],"product_tag":[],"class_list":{"0":"post-736916","1":"product","2":"type-product","3":"status-publish","4":"has-post-thumbnail","6":"product_brand-can-marine-de","7":"product_cat-abwassertanks","8":"product_cat-grauwassersysteme","10":"first","11":"instock","12":"shipping-taxable","13":"purchasable","14":"product-type-simple"},"_links":{"self":[{"href":"https:\/\/stoic-curie.212-227-153-4.plesk.page\/de\/wp-json\/wp\/v2\/product\/736916","targetHints":{"allow":["GET"]}}],"collection":[{"href":"https:\/\/stoic-curie.212-227-153-4.plesk.page\/de\/wp-json\/wp\/v2\/product"}],"about":[{"href":"https:\/\/stoic-curie.212-227-153-4.plesk.page\/de\/wp-json\/wp\/v2\/types\/product"}],"replies":[{"embeddable":true,"href":"https:\/\/stoic-curie.212-227-153-4.plesk.page\/de\/wp-json\/wp\/v2\/comments?post=736916"}],"version-history":[{"count":0,"href":"https:\/\/stoic-curie.212-227-153-4.plesk.page\/de\/wp-json\/wp\/v2\/product\/736916\/revisions"}],"wp:featuredmedia":[{"embeddable":true,"href":"https:\/\/stoic-curie.212-227-153-4.plesk.page\/de\/wp-json\/wp\/v2\/media\/5945399"}],"wp:attachment":[{"href":"https:\/\/stoic-curie.212-227-153-4.plesk.page\/de\/wp-json\/wp\/v2\/media?parent=736916"}],"wp:term":[{"taxonomy":"product_brand","embeddable":true,"href":"https:\/\/stoic-curie.212-227-153-4.plesk.page\/de\/wp-json\/wp\/v2\/product_brand?post=736916"},{"taxonomy":"product_cat","embeddable":true,"href":"https:\/\/stoic-curie.212-227-153-4.plesk.page\/de\/wp-json\/wp\/v2\/product_cat?post=736916"},{"taxonomy":"product_tag","embeddable":true,"href":"https:\/\/stoic-curie.212-227-153-4.plesk.page\/de\/wp-json\/wp\/v2\/product_tag?post=736916"}],"curies":[{"name":"wp","href":"https:\/\/api.w.org\/{rel}","templated":true}]}}