{"id":736917,"date":"2025-03-03T16:33:55","date_gmt":"2025-03-03T15:33:55","guid":{"rendered":"https:\/\/stoic-curie.212-227-153-4.plesk.page\/producto\/abwassertank-mit-12v-jabsco-pumpe-modell-flach-61lt\/"},"modified":"2026-02-24T23:35:10","modified_gmt":"2026-02-24T23:35:10","slug":"abwassertank-mit-12v-jabsco-pumpe-modell-flach-61lt","status":"publish","type":"product","link":"https:\/\/stoic-curie.212-227-153-4.plesk.page\/de\/product\/abwassertank-mit-12v-jabsco-pumpe-modell-flach-61lt\/","title":{"rendered":"Abwassertank mit 12V Jabsco-Pumpe (Modell Flach 61 l)"},"content":{"rendered":"<p>Abwassertank mit 12V Jabsco-Pumpe (Modell Flach 61 l) &#8211; <\/p>\n<p>Die Abwasser- und Abfalltanks aus hochdichtem Polyethylen sind sorgf\u00e4ltig mit dem Augenmerk auf Haltbarkeit und Effizienz gestaltet und verf\u00fcgen \u00fcber ein zuverl\u00e4ssiges Entladesystem, das Ihren Bootsbetrieb optimal unterst\u00fctzt. Jeder Tank ist mit einer robusten 12V selbstansaugenden Jabsco-Pumpe ausgestattet, die f\u00fcr ihre Zuverl\u00e4ssigkeit und hohe Leistungsf\u00e4higkeit bekannt ist. Diese Pumpe ist mit einem 38-mm-Anschluss versehen, der eine sichere Verbindung f\u00fcr eine effektive Abfallentsorgung gew\u00e4hrleistet.<\/p>\n<p>Um die Zug\u00e4nglichkeit zu verbessern, ist jeder Tank mit einer praktischen 10-L\u00f6cher-Luke ausgestattet, die einen einfachen Zugang zur Wartung bei Bedarf erm\u00f6glicht. Dar\u00fcber hinaus bieten wir einen drehbaren Rohr-zu-Schlauch-Anschluss mit einem Durchmesser von 38 mm an, der Flexibilit\u00e4t bei Ihrer Einrichtung bietet. F\u00fcr zus\u00e4tzliche Vielseitigkeit ist ebenfalls ein 16-mm-Rohr-zu-Schlauch-Anschluss aus Edelstahl enthalten, der die Kompatibilit\u00e4t mit verschiedenen Systemen sicherstellt.<\/p>\n<p>Um den F\u00fcllstand des Abfalls genau zu \u00fcberwachen, liefern wir einen 240-33 Ohm tubular level sender, der Ihnen hilft, den Inhalt des Tanks zu verfolgen. Dar\u00fcber hinaus ist ein Geruchsfilter enthalten, der mit einer Entl\u00fcftungsschleife und einem Ablaufsiphon ausgestattet ist, um unangenehme Ger\u00fcche zu minimieren. Dieses umfassende Set garantiert eine effiziente Abfallentsorgung und ist eine wesentliche Verbesserung f\u00fcr Ihr Bootserlebnis.<\/p>\n","protected":false},"excerpt":{"rendered":"<p>Abwassertank mit 12V Jabsco-Pumpe (Modell Flach 61 l) &#8211; Die Abwasser- und Abfalltanks aus hochdichtem Polyethylen sind sorgf\u00e4ltig mit dem<\/p>\n","protected":false},"featured_media":5945399,"comment_status":"open","ping_status":"closed","template":"","meta":[],"product_brand":[2855],"product_cat":[1362,1369],"product_tag":[],"class_list":{"0":"post-736917","1":"product","2":"type-product","3":"status-publish","4":"has-post-thumbnail","6":"product_brand-can-marine-de","7":"product_cat-abwassertanks","8":"product_cat-grauwassersysteme","10":"first","11":"instock","12":"shipping-taxable","13":"purchasable","14":"product-type-simple"},"_links":{"self":[{"href":"https:\/\/stoic-curie.212-227-153-4.plesk.page\/de\/wp-json\/wp\/v2\/product\/736917","targetHints":{"allow":["GET"]}}],"collection":[{"href":"https:\/\/stoic-curie.212-227-153-4.plesk.page\/de\/wp-json\/wp\/v2\/product"}],"about":[{"href":"https:\/\/stoic-curie.212-227-153-4.plesk.page\/de\/wp-json\/wp\/v2\/types\/product"}],"replies":[{"embeddable":true,"href":"https:\/\/stoic-curie.212-227-153-4.plesk.page\/de\/wp-json\/wp\/v2\/comments?post=736917"}],"version-history":[{"count":0,"href":"https:\/\/stoic-curie.212-227-153-4.plesk.page\/de\/wp-json\/wp\/v2\/product\/736917\/revisions"}],"wp:featuredmedia":[{"embeddable":true,"href":"https:\/\/stoic-curie.212-227-153-4.plesk.page\/de\/wp-json\/wp\/v2\/media\/5945399"}],"wp:attachment":[{"href":"https:\/\/stoic-curie.212-227-153-4.plesk.page\/de\/wp-json\/wp\/v2\/media?parent=736917"}],"wp:term":[{"taxonomy":"product_brand","embeddable":true,"href":"https:\/\/stoic-curie.212-227-153-4.plesk.page\/de\/wp-json\/wp\/v2\/product_brand?post=736917"},{"taxonomy":"product_cat","embeddable":true,"href":"https:\/\/stoic-curie.212-227-153-4.plesk.page\/de\/wp-json\/wp\/v2\/product_cat?post=736917"},{"taxonomy":"product_tag","embeddable":true,"href":"https:\/\/stoic-curie.212-227-153-4.plesk.page\/de\/wp-json\/wp\/v2\/product_tag?post=736917"}],"curies":[{"name":"wp","href":"https:\/\/api.w.org\/{rel}","templated":true}]}}