{"id":736919,"date":"2025-03-03T16:33:55","date_gmt":"2025-03-03T15:33:55","guid":{"rendered":"https:\/\/stoic-curie.212-227-153-4.plesk.page\/producto\/abwassertank-mit-12v-jabsco-pumpe-modell-standard-73lt\/"},"modified":"2026-02-24T23:35:10","modified_gmt":"2026-02-24T23:35:10","slug":"abwassertank-mit-12v-jabsco-pumpe-modell-standard-73lt","status":"publish","type":"product","link":"https:\/\/stoic-curie.212-227-153-4.plesk.page\/de\/product\/abwassertank-mit-12v-jabsco-pumpe-modell-standard-73lt\/","title":{"rendered":"Abwassertank mit 12V Jabsco-Pumpe (Modell Standard 73 l)"},"content":{"rendered":"<p>Abwassertank mit 12V Jabsco-Pumpe (Modell Standard 73 l) &#8211; <\/p>\n<p>Hochdichte Polyethylen-Abwasser- und Abfalltanks sind sowohl auf Langlebigkeit als auch auf Effizienz ausgelegt und kommen mit einem zuverl\u00e4ssigen Entladesystem, das Ihren Bootsanforderungen gerecht wird. Jeder Tank ist mit einer robusten 12V selbstansaugenden Jabsco-Pumpe ausgestattet, die f\u00fcr ihre Zuverl\u00e4ssigkeit und hohe Leistung bekannt ist. Diese Pumpe verf\u00fcgt \u00fcber einen 38 mm Anschluss, der eine sichere Verbindung f\u00fcr effektives Abfallmanagement gew\u00e4hrleistet.<\/p>\n<p>Um die Zug\u00e4nglichkeit zu verbessern, ist jeder Tank mit einer praktischen 10-Loch-Luke ausgestattet, die einen einfachen Zugang f\u00fcr Wartungsarbeiten erm\u00f6glicht. Dar\u00fcber hinaus bieten wir einen drehbaren Rohr-zu-Schlauch-Anschluss mit einem Durchmesser von 38 mm an, der Flexibilit\u00e4t in Ihrem Setup bietet. F\u00fcr zus\u00e4tzliche Vielseitigkeit ist auch ein 16 mm Edelstahl-Rohr-zu-Schlauch-Anschluss enthalten, der die Kompatibilit\u00e4t mit verschiedenen Systemen gew\u00e4hrleistet.<\/p>\n<p>Um den Abfallstand genau zu \u00fcberwachen, stellen wir einen 240-33 Ohm tubular level sender zur Verf\u00fcgung, der Ihnen hilft, den Inhalt des Tanks im Auge zu behalten. Dar\u00fcber hinaus ist ein geruchshemmender Filter enthalten, der mit einer Bel\u00fcftungsschleife und einem Ablasssiphon ausgestattet ist, um unangenehme Ger\u00fcche zu beseitigen. Diese umfassende Ausstattung sorgt f\u00fcr ein effizientes Abfallmanagement und ist eine wesentliche Erg\u00e4nzung f\u00fcr Ihr Bootserlebnis.<\/p>\n","protected":false},"excerpt":{"rendered":"<p>Abwassertank mit 12V Jabsco-Pumpe (Modell Standard 73 l) &#8211; Hochdichte Polyethylen-Abwasser- und Abfalltanks sind sowohl auf Langlebigkeit als auch auf<\/p>\n","protected":false},"featured_media":5945399,"comment_status":"open","ping_status":"closed","template":"","meta":[],"product_brand":[2855],"product_cat":[1362,1369],"product_tag":[],"class_list":{"0":"post-736919","1":"product","2":"type-product","3":"status-publish","4":"has-post-thumbnail","6":"product_brand-can-marine-de","7":"product_cat-abwassertanks","8":"product_cat-grauwassersysteme","10":"first","11":"instock","12":"shipping-taxable","13":"purchasable","14":"product-type-simple"},"_links":{"self":[{"href":"https:\/\/stoic-curie.212-227-153-4.plesk.page\/de\/wp-json\/wp\/v2\/product\/736919","targetHints":{"allow":["GET"]}}],"collection":[{"href":"https:\/\/stoic-curie.212-227-153-4.plesk.page\/de\/wp-json\/wp\/v2\/product"}],"about":[{"href":"https:\/\/stoic-curie.212-227-153-4.plesk.page\/de\/wp-json\/wp\/v2\/types\/product"}],"replies":[{"embeddable":true,"href":"https:\/\/stoic-curie.212-227-153-4.plesk.page\/de\/wp-json\/wp\/v2\/comments?post=736919"}],"version-history":[{"count":0,"href":"https:\/\/stoic-curie.212-227-153-4.plesk.page\/de\/wp-json\/wp\/v2\/product\/736919\/revisions"}],"wp:featuredmedia":[{"embeddable":true,"href":"https:\/\/stoic-curie.212-227-153-4.plesk.page\/de\/wp-json\/wp\/v2\/media\/5945399"}],"wp:attachment":[{"href":"https:\/\/stoic-curie.212-227-153-4.plesk.page\/de\/wp-json\/wp\/v2\/media?parent=736919"}],"wp:term":[{"taxonomy":"product_brand","embeddable":true,"href":"https:\/\/stoic-curie.212-227-153-4.plesk.page\/de\/wp-json\/wp\/v2\/product_brand?post=736919"},{"taxonomy":"product_cat","embeddable":true,"href":"https:\/\/stoic-curie.212-227-153-4.plesk.page\/de\/wp-json\/wp\/v2\/product_cat?post=736919"},{"taxonomy":"product_tag","embeddable":true,"href":"https:\/\/stoic-curie.212-227-153-4.plesk.page\/de\/wp-json\/wp\/v2\/product_tag?post=736919"}],"curies":[{"name":"wp","href":"https:\/\/api.w.org\/{rel}","templated":true}]}}