{"id":736921,"date":"2025-03-03T16:33:56","date_gmt":"2025-03-03T15:33:56","guid":{"rendered":"https:\/\/stoic-curie.212-227-153-4.plesk.page\/producto\/siphonventil-johnson-25mm\/"},"modified":"2026-02-24T23:35:10","modified_gmt":"2026-02-24T23:35:10","slug":"siphonventil-johnson-25mm","status":"publish","type":"product","link":"https:\/\/stoic-curie.212-227-153-4.plesk.page\/de\/product\/siphonventil-johnson-25mm\/","title":{"rendered":"Siphonventil Johnson 25mm"},"content":{"rendered":"<p>Siphonventil Johnson 25mm &#8211; <\/p>\n<p>Die bel\u00fcftete Schleife ist in 3 verschiedenen Gr\u00f6\u00dfen erh\u00e4ltlich. Mit ihrer invertierten U-Form und einem Ventil an der Oberseite erm\u00f6glicht sie den Luftaustausch. Bel\u00fcftete Schleifen dienen dazu, ein R\u00fccksaugen zu verhindern und sind in Toilettenauslaufleitungen oder in Systemen zu finden, die unterhalb der Wasserlinie montiert sind.<\/p>\n","protected":false},"excerpt":{"rendered":"<p>Siphonventil Johnson 25mm &#8211; Die bel\u00fcftete Schleife ist in 3 verschiedenen Gr\u00f6\u00dfen erh\u00e4ltlich. Mit ihrer invertierten U-Form und einem Ventil<\/p>\n","protected":false},"featured_media":5945402,"comment_status":"open","ping_status":"closed","template":"","meta":[],"product_brand":[2206,3045],"product_cat":[1362,1374,1383],"product_tag":[],"class_list":{"0":"post-736921","1":"product","2":"type-product","3":"status-publish","4":"has-post-thumbnail","6":"product_brand-johnson-marine","7":"product_brand-johnson-marine-de","8":"product_cat-abwassertanks","9":"product_cat-kunststoff-wasserinstallationsarmaturen","10":"product_cat-marine-ventile","12":"first","13":"instock","14":"shipping-taxable","15":"purchasable","16":"product-type-simple"},"_links":{"self":[{"href":"https:\/\/stoic-curie.212-227-153-4.plesk.page\/de\/wp-json\/wp\/v2\/product\/736921","targetHints":{"allow":["GET"]}}],"collection":[{"href":"https:\/\/stoic-curie.212-227-153-4.plesk.page\/de\/wp-json\/wp\/v2\/product"}],"about":[{"href":"https:\/\/stoic-curie.212-227-153-4.plesk.page\/de\/wp-json\/wp\/v2\/types\/product"}],"replies":[{"embeddable":true,"href":"https:\/\/stoic-curie.212-227-153-4.plesk.page\/de\/wp-json\/wp\/v2\/comments?post=736921"}],"version-history":[{"count":0,"href":"https:\/\/stoic-curie.212-227-153-4.plesk.page\/de\/wp-json\/wp\/v2\/product\/736921\/revisions"}],"wp:featuredmedia":[{"embeddable":true,"href":"https:\/\/stoic-curie.212-227-153-4.plesk.page\/de\/wp-json\/wp\/v2\/media\/5945402"}],"wp:attachment":[{"href":"https:\/\/stoic-curie.212-227-153-4.plesk.page\/de\/wp-json\/wp\/v2\/media?parent=736921"}],"wp:term":[{"taxonomy":"product_brand","embeddable":true,"href":"https:\/\/stoic-curie.212-227-153-4.plesk.page\/de\/wp-json\/wp\/v2\/product_brand?post=736921"},{"taxonomy":"product_cat","embeddable":true,"href":"https:\/\/stoic-curie.212-227-153-4.plesk.page\/de\/wp-json\/wp\/v2\/product_cat?post=736921"},{"taxonomy":"product_tag","embeddable":true,"href":"https:\/\/stoic-curie.212-227-153-4.plesk.page\/de\/wp-json\/wp\/v2\/product_tag?post=736921"}],"curies":[{"name":"wp","href":"https:\/\/api.w.org\/{rel}","templated":true}]}}