{"id":736924,"date":"2025-03-03T16:33:56","date_gmt":"2025-03-03T15:33:56","guid":{"rendered":"https:\/\/stoic-curie.212-227-153-4.plesk.page\/producto\/wassertank-can-sb-280l-links\/"},"modified":"2026-02-24T23:35:10","modified_gmt":"2026-02-24T23:35:10","slug":"wassertank-can-sb-280l-links","status":"publish","type":"product","link":"https:\/\/stoic-curie.212-227-153-4.plesk.page\/de\/product\/wassertank-can-sb-280l-links\/","title":{"rendered":"Wassertank CAN-SB 280l (LINKS)"},"content":{"rendered":"<p>Wassertank CAN-SB 280l (LINKS) &#8211; <\/p>\n<p style=\"color: rgb(34, 34, 34); font-family: Arial, Helvetica, sans-serif; font-size: small;\">Wir pr\u00e4sentieren den Wassertank CAN-SB 280 lt (LINKS). Dieser Tank ist sowohl f\u00fcr die Lagerung von Frisch- als auch von Grauwasser konzipiert. Er verf\u00fcgt \u00fcber eine doppelte Klappe, ein Tauchrohr und einen 38 mm drehbaren Rohr-zu-Schlauch-Adapter. Hergestellt aus hochwertigem Polyethylen, sind diese Tanks ideal f\u00fcr die Speicherung von Frischwasser, Salzwasser, Grauwasser und Schmutzwasser. Polyethylen ist ein leichtes, ungiftiges Material, das f\u00fcr seine Haltbarkeit gegen\u00fcber mechanischen und chemischen Belastungen bekannt ist.<\/p>\n<p style=\"color: rgb(34, 34, 34); font-family: Arial, Helvetica, sans-serif; font-size: small;\">Unsere hochwertigen Polyethylen-Tanks f\u00fcr Trinkwasser sind speziell gefertigt, um Nahrungsmittel und Trinkwasser zu lagern sowie Regenwasser oder Abwasser zu sammeln. Sie bestehen aus linearer Polyethylen, einem sicheren und ungiftigen Material, das alle relevanten Vorschriften und Richtlinien erf\u00fcllt. Der Rotationsgussprozess, kombiniert mit der Verwendung von hochdichtem linearem Polyethylen, gew\u00e4hrleistet au\u00dfergew\u00f6hnliche Schlagfestigkeit, Schutz vor chemischer Exposition und Haltbarkeit bei extremen Temperaturen, rauem Wetter und UV-Strahlen.<\/p>\n","protected":false},"excerpt":{"rendered":"<p>Wassertank CAN-SB 280l (LINKS) &#8211; Wir pr\u00e4sentieren den Wassertank CAN-SB 280 lt (LINKS). Dieser Tank ist sowohl f\u00fcr die Lagerung<\/p>\n","protected":false},"featured_media":5941044,"comment_status":"open","ping_status":"closed","template":"","meta":[],"product_brand":[2855],"product_cat":[1377],"product_tag":[],"class_list":{"0":"post-736924","1":"product","2":"type-product","3":"status-publish","4":"has-post-thumbnail","6":"product_brand-can-marine-de","7":"product_cat-wassertanks","9":"first","10":"instock","11":"shipping-taxable","12":"purchasable","13":"product-type-simple"},"_links":{"self":[{"href":"https:\/\/stoic-curie.212-227-153-4.plesk.page\/de\/wp-json\/wp\/v2\/product\/736924","targetHints":{"allow":["GET"]}}],"collection":[{"href":"https:\/\/stoic-curie.212-227-153-4.plesk.page\/de\/wp-json\/wp\/v2\/product"}],"about":[{"href":"https:\/\/stoic-curie.212-227-153-4.plesk.page\/de\/wp-json\/wp\/v2\/types\/product"}],"replies":[{"embeddable":true,"href":"https:\/\/stoic-curie.212-227-153-4.plesk.page\/de\/wp-json\/wp\/v2\/comments?post=736924"}],"version-history":[{"count":0,"href":"https:\/\/stoic-curie.212-227-153-4.plesk.page\/de\/wp-json\/wp\/v2\/product\/736924\/revisions"}],"wp:featuredmedia":[{"embeddable":true,"href":"https:\/\/stoic-curie.212-227-153-4.plesk.page\/de\/wp-json\/wp\/v2\/media\/5941044"}],"wp:attachment":[{"href":"https:\/\/stoic-curie.212-227-153-4.plesk.page\/de\/wp-json\/wp\/v2\/media?parent=736924"}],"wp:term":[{"taxonomy":"product_brand","embeddable":true,"href":"https:\/\/stoic-curie.212-227-153-4.plesk.page\/de\/wp-json\/wp\/v2\/product_brand?post=736924"},{"taxonomy":"product_cat","embeddable":true,"href":"https:\/\/stoic-curie.212-227-153-4.plesk.page\/de\/wp-json\/wp\/v2\/product_cat?post=736924"},{"taxonomy":"product_tag","embeddable":true,"href":"https:\/\/stoic-curie.212-227-153-4.plesk.page\/de\/wp-json\/wp\/v2\/product_tag?post=736924"}],"curies":[{"name":"wp","href":"https:\/\/api.w.org\/{rel}","templated":true}]}}