{"id":736941,"date":"2025-03-03T16:34:00","date_gmt":"2025-03-03T15:34:00","guid":{"rendered":"https:\/\/stoic-curie.212-227-153-4.plesk.page\/producto\/elektronische-oel-und-kraftstoffpumpe-marco-up8-re-12-24v\/"},"modified":"2026-02-24T23:35:10","modified_gmt":"2026-02-24T23:35:10","slug":"elektronische-oel-und-kraftstoffpumpe-marco-up8-re-12-24v","status":"publish","type":"product","link":"https:\/\/stoic-curie.212-227-153-4.plesk.page\/de\/product\/elektronische-oel-und-kraftstoffpumpe-marco-up8-re-12-24v\/","title":{"rendered":"Elektronische \u00d6l- und Kraftstoffpumpe Marco UP8-RE 12-24V"},"content":{"rendered":"<p>Elektronische \u00d6l- und Kraftstoffpumpe Marco UP8-RE 12-24V &#8211; <\/p>\n<p>Elektronische Zahnradpumpe, ideal f\u00fcr den Transfer von \u00d6l und Diesel. Integriertes Bedienfeld zum Umkehren der Flie\u00dfrichtung und zur manuellen Feinjustierung der Durchflussrate. Die Durchflussrate wird auch automatisch entsprechend der Viskosit\u00e4t der Fl\u00fcssigkeit angepasst, um Kavitation zu vermeiden.<\/p>\n","protected":false},"excerpt":{"rendered":"<p>Elektronische \u00d6l- und Kraftstoffpumpe Marco UP8-RE 12-24V &#8211; Elektronische Zahnradpumpe, ideal f\u00fcr den Transfer von \u00d6l und Diesel. Integriertes Bedienfeld<\/p>\n","protected":false},"featured_media":5945416,"comment_status":"open","ping_status":"closed","template":"","meta":[],"product_brand":[3095],"product_cat":[1500],"product_tag":[],"class_list":{"0":"post-736941","1":"product","2":"type-product","3":"status-publish","4":"has-post-thumbnail","6":"product_brand-marco-de","7":"product_cat-pumpen-fuer-oel-und-kraftstoff","9":"first","10":"instock","11":"shipping-taxable","12":"purchasable","13":"product-type-simple"},"_links":{"self":[{"href":"https:\/\/stoic-curie.212-227-153-4.plesk.page\/de\/wp-json\/wp\/v2\/product\/736941","targetHints":{"allow":["GET"]}}],"collection":[{"href":"https:\/\/stoic-curie.212-227-153-4.plesk.page\/de\/wp-json\/wp\/v2\/product"}],"about":[{"href":"https:\/\/stoic-curie.212-227-153-4.plesk.page\/de\/wp-json\/wp\/v2\/types\/product"}],"replies":[{"embeddable":true,"href":"https:\/\/stoic-curie.212-227-153-4.plesk.page\/de\/wp-json\/wp\/v2\/comments?post=736941"}],"version-history":[{"count":0,"href":"https:\/\/stoic-curie.212-227-153-4.plesk.page\/de\/wp-json\/wp\/v2\/product\/736941\/revisions"}],"wp:featuredmedia":[{"embeddable":true,"href":"https:\/\/stoic-curie.212-227-153-4.plesk.page\/de\/wp-json\/wp\/v2\/media\/5945416"}],"wp:attachment":[{"href":"https:\/\/stoic-curie.212-227-153-4.plesk.page\/de\/wp-json\/wp\/v2\/media?parent=736941"}],"wp:term":[{"taxonomy":"product_brand","embeddable":true,"href":"https:\/\/stoic-curie.212-227-153-4.plesk.page\/de\/wp-json\/wp\/v2\/product_brand?post=736941"},{"taxonomy":"product_cat","embeddable":true,"href":"https:\/\/stoic-curie.212-227-153-4.plesk.page\/de\/wp-json\/wp\/v2\/product_cat?post=736941"},{"taxonomy":"product_tag","embeddable":true,"href":"https:\/\/stoic-curie.212-227-153-4.plesk.page\/de\/wp-json\/wp\/v2\/product_tag?post=736941"}],"curies":[{"name":"wp","href":"https:\/\/api.w.org\/{rel}","templated":true}]}}