{"id":736943,"date":"2025-03-03T16:34:00","date_gmt":"2025-03-03T15:34:00","guid":{"rendered":"https:\/\/stoic-curie.212-227-153-4.plesk.page\/producto\/druckwasserpumpe-marco-up12-e-36lt-pro-minute-12-24v\/"},"modified":"2026-02-24T23:35:10","modified_gmt":"2026-02-24T23:35:10","slug":"druckwasserpumpe-marco-up12-e-36lt-pro-minute-12-24v","status":"publish","type":"product","link":"https:\/\/stoic-curie.212-227-153-4.plesk.page\/de\/product\/druckwasserpumpe-marco-up12-e-36lt-pro-minute-12-24v\/","title":{"rendered":"Druckwasserpumpe Marco UP12\/E 36lt pro Minute 12-24V"},"content":{"rendered":"<p>Druckwasserpumpe Marco UP12\/E 36lt pro Minute 12-24V &#8211; <\/p>\n<p>Marco elektronische Steuer-Freshwater-Druckpumpen mit R\u00fcckschlagventil. Die elektronische Steuerung gew\u00e4hrleistet: Optimierung des Stromverbrauchs, konstante Druckkontrolle ohne Notwendigkeit eines Drucktankes, automatisches Stoppen bei Fl\u00fcssigkeitsmangel und reduzierte Abnutzung der Komponenten, was die Lebensdauer des Systems erh\u00f6ht. Geeignet f\u00fcr S\u00fc\u00df- und Salzwasser. Universelle Stromversorgung 12\/24V.<\/p>\n","protected":false},"excerpt":{"rendered":"<p>Druckwasserpumpe Marco UP12\/E 36lt pro Minute 12-24V &#8211; Marco elektronische Steuer-Freshwater-Druckpumpen mit R\u00fcckschlagventil. Die elektronische Steuerung gew\u00e4hrleistet: Optimierung des Stromverbrauchs,<\/p>\n","protected":false},"featured_media":5945417,"comment_status":"open","ping_status":"closed","template":"","meta":[],"product_brand":[3095],"product_cat":[1373],"product_tag":[],"class_list":{"0":"post-736943","1":"product","2":"type-product","3":"status-publish","4":"has-post-thumbnail","6":"product_brand-marco-de","7":"product_cat-wasserdruckpumpen","9":"first","10":"instock","11":"shipping-taxable","12":"purchasable","13":"product-type-simple"},"_links":{"self":[{"href":"https:\/\/stoic-curie.212-227-153-4.plesk.page\/de\/wp-json\/wp\/v2\/product\/736943","targetHints":{"allow":["GET"]}}],"collection":[{"href":"https:\/\/stoic-curie.212-227-153-4.plesk.page\/de\/wp-json\/wp\/v2\/product"}],"about":[{"href":"https:\/\/stoic-curie.212-227-153-4.plesk.page\/de\/wp-json\/wp\/v2\/types\/product"}],"replies":[{"embeddable":true,"href":"https:\/\/stoic-curie.212-227-153-4.plesk.page\/de\/wp-json\/wp\/v2\/comments?post=736943"}],"version-history":[{"count":0,"href":"https:\/\/stoic-curie.212-227-153-4.plesk.page\/de\/wp-json\/wp\/v2\/product\/736943\/revisions"}],"wp:featuredmedia":[{"embeddable":true,"href":"https:\/\/stoic-curie.212-227-153-4.plesk.page\/de\/wp-json\/wp\/v2\/media\/5945417"}],"wp:attachment":[{"href":"https:\/\/stoic-curie.212-227-153-4.plesk.page\/de\/wp-json\/wp\/v2\/media?parent=736943"}],"wp:term":[{"taxonomy":"product_brand","embeddable":true,"href":"https:\/\/stoic-curie.212-227-153-4.plesk.page\/de\/wp-json\/wp\/v2\/product_brand?post=736943"},{"taxonomy":"product_cat","embeddable":true,"href":"https:\/\/stoic-curie.212-227-153-4.plesk.page\/de\/wp-json\/wp\/v2\/product_cat?post=736943"},{"taxonomy":"product_tag","embeddable":true,"href":"https:\/\/stoic-curie.212-227-153-4.plesk.page\/de\/wp-json\/wp\/v2\/product_tag?post=736943"}],"curies":[{"name":"wp","href":"https:\/\/api.w.org\/{rel}","templated":true}]}}