{"id":736944,"date":"2025-03-03T16:34:00","date_gmt":"2025-03-03T15:34:00","guid":{"rendered":"https:\/\/stoic-curie.212-227-153-4.plesk.page\/producto\/druckwasserpumpe-marco-up14-e-46lt-pro-minute-12-24v\/"},"modified":"2026-02-24T23:35:10","modified_gmt":"2026-02-24T23:35:10","slug":"druckwasserpumpe-marco-up14-e-46lt-pro-minute-12-24v","status":"publish","type":"product","link":"https:\/\/stoic-curie.212-227-153-4.plesk.page\/de\/product\/druckwasserpumpe-marco-up14-e-46lt-pro-minute-12-24v\/","title":{"rendered":"Druckwasserpumpe Marco UP14\/E"},"content":{"rendered":"<p>Druckwasserpumpe Marco UP14\/E &#8211; <\/p>\n<p style=\"color: rgb(34, 34, 34); font-family: Arial, Helvetica, sans-serif; font-size: small;\"><strong>MARCO UP14\/E &#8211; Elektrische Wasser Druckpumpe<\/strong><br \/><strong>Durchflussrate:<\/strong>&nbsp;12,2 GPM<br \/><strong>Druck:<\/strong>&nbsp;36,3 psi<br \/><strong>Spannung:<\/strong>&nbsp;12\/24V<br \/><strong>Steuerung:<\/strong>&nbsp;PCS<\/p>\n<p style=\"color: rgb(34, 34, 34); font-family: Arial, Helvetica, sans-serif; font-size: small;\">Die MARCO UP14\/E ist eine selbstansaugende elektrische Pumpe, die f\u00fcr hohe Effizienz und zuverl\u00e4ssige Leistung entwickelt wurde. Sie ist mit robusten, spiralf\u00f6rmigen PEEK-Ritzeln, einem eingebauten R\u00fcckschlagventil und elektronischen Steuerungen ausgestattet, um eine optimale Funktionalit\u00e4t sicherzustellen. Der Pumpenk\u00f6rper aus vernickeltem Messing sowie die Welle aus Edelstahl garantieren Langlebigkeit und Korrosionsbest\u00e4ndigkeit.<\/p>\n<p style=\"color: rgb(34, 34, 34); font-family: Arial, Helvetica, sans-serif; font-size: small;\">Diese elektronische Frischwasser-Druckpumpe eignet sich perfekt f\u00fcr eine Vielzahl von Anwendungen, wie Drucksysteme und Duschsets auf Booten, aufblasbaren Beibooten, Segelyachten und Wohnmobilen. Das mitgelieferte PCS-Steuerpanel erm\u00f6glicht eine Fern\u00fcberwachung und Interaktion mit der Pumpe.<\/p>\n<p style=\"color: rgb(34, 34, 34); font-family: Arial, Helvetica, sans-serif; font-size: small;\">Zu den bemerkenswerten Vorteilen des elektronischen Steuerungssystems geh\u00f6ren:<\/p>\n<ul style=\"color: rgb(34, 34, 34); font-family: Arial, Helvetica, sans-serif; font-size: small;\">\n<li>Niedrigerer Stromverbrauch<\/li>\n<li>Stabile Druckregelung ohne einen Druckbeh\u00e4lter<\/li>\n<li>Automatische Abschaltfunktion bei fehlender Fl\u00fcssigkeit<\/li>\n<li>Verminderter Verschlei\u00df der Komponenten, was die Lebensdauer der Pumpe verl\u00e4ngert<\/li>\n<\/ul>\n<p style=\"color: rgb(34, 34, 34); font-family: Arial, Helvetica, sans-serif; font-size: small;\">Die Pumpe ist sowohl f\u00fcr S\u00fc\u00df- als auch f\u00fcr Salzwasseranwendungen ausgelegt und arbeitet mit einer vielseitigen 12\/24V-Stromversorgung.<\/p>\n<p style=\"color: rgb(34, 34, 34); font-family: Arial, Helvetica, sans-serif; font-size: small;\"><strong>Anwendungen:<\/strong><\/p>\n<ul style=\"color: rgb(34, 34, 34); font-family: Arial, Helvetica, sans-serif; font-size: small;\">\n<li>Industrie<\/li>\n<li>Automobil<\/li>\n<li>Marine<\/li>\n<li>S\u00fc\u00dfwasser-Drucksysteme und Duschsets f\u00fcr Boote, aufblasbare Beiboote, Segelyachten und Wohnmobile<\/li>\n<\/ul>\n<p style=\"color: rgb(34, 34, 34); font-family: Arial, Helvetica, sans-serif; font-size: small;\"><strong>Technische Daten:<\/strong><\/p>\n<ul style=\"color: rgb(34, 34, 34); font-family: Arial, Helvetica, sans-serif; font-size: small;\">\n<li>Spannung: 12\/24V<\/li>\n<li>Stromaufnahme: 18A\/9A<\/li>\n<li>Sicherung: 30A<\/li>\n<li>Selbstansaugh\u00f6he: 9,8 ft<\/li>\n<li>Durchflussrate: 12,2 GPM<\/li>\n<li>Druck: 36,3 psi<\/li>\n<li>Anschl\u00fcsse: 3\/4&#8243; BSPP<\/li>\n<li>Schlauchinnendurchmesser: 3\/4 in<\/li>\n<li>IP Schutzart: 67<\/li>\n<li>Motorleistung: 400W<\/li>\n<li>Gewicht: 11,5 lb<\/li>\n<\/ul>\n<p style=\"color: rgb(34, 34, 34); font-family: Arial, Helvetica, sans-serif; font-size: small;\"><strong>Abmessungen:<\/strong><\/p>\n<ul style=\"color: rgb(34, 34, 34); font-family: Arial, Helvetica, sans-serif; font-size: small;\">\n<li>L\u00e4nge: 8,8 in (22 cm)<\/li>\n<li>H\u00f6he: 10,3 in (26 cm)<\/li>\n<li>Breite: 4,6 in (11 cm)<\/li>\n<\/ul>\n","protected":false},"excerpt":{"rendered":"<p>Druckwasserpumpe Marco UP14\/E &#8211; MARCO UP14\/E &#8211; Elektrische Wasser DruckpumpeDurchflussrate:&nbsp;12,2 GPMDruck:&nbsp;36,3 psiSpannung:&nbsp;12\/24VSteuerung:&nbsp;PCS Die MARCO UP14\/E ist eine selbstansaugende elektrische Pumpe,<\/p>\n","protected":false},"featured_media":5945419,"comment_status":"open","ping_status":"closed","template":"","meta":[],"product_brand":[3095],"product_cat":[1373],"product_tag":[],"class_list":{"0":"post-736944","1":"product","2":"type-product","3":"status-publish","4":"has-post-thumbnail","6":"product_brand-marco-de","7":"product_cat-wasserdruckpumpen","9":"first","10":"instock","11":"shipping-taxable","12":"purchasable","13":"product-type-simple"},"_links":{"self":[{"href":"https:\/\/stoic-curie.212-227-153-4.plesk.page\/de\/wp-json\/wp\/v2\/product\/736944","targetHints":{"allow":["GET"]}}],"collection":[{"href":"https:\/\/stoic-curie.212-227-153-4.plesk.page\/de\/wp-json\/wp\/v2\/product"}],"about":[{"href":"https:\/\/stoic-curie.212-227-153-4.plesk.page\/de\/wp-json\/wp\/v2\/types\/product"}],"replies":[{"embeddable":true,"href":"https:\/\/stoic-curie.212-227-153-4.plesk.page\/de\/wp-json\/wp\/v2\/comments?post=736944"}],"version-history":[{"count":0,"href":"https:\/\/stoic-curie.212-227-153-4.plesk.page\/de\/wp-json\/wp\/v2\/product\/736944\/revisions"}],"wp:featuredmedia":[{"embeddable":true,"href":"https:\/\/stoic-curie.212-227-153-4.plesk.page\/de\/wp-json\/wp\/v2\/media\/5945419"}],"wp:attachment":[{"href":"https:\/\/stoic-curie.212-227-153-4.plesk.page\/de\/wp-json\/wp\/v2\/media?parent=736944"}],"wp:term":[{"taxonomy":"product_brand","embeddable":true,"href":"https:\/\/stoic-curie.212-227-153-4.plesk.page\/de\/wp-json\/wp\/v2\/product_brand?post=736944"},{"taxonomy":"product_cat","embeddable":true,"href":"https:\/\/stoic-curie.212-227-153-4.plesk.page\/de\/wp-json\/wp\/v2\/product_cat?post=736944"},{"taxonomy":"product_tag","embeddable":true,"href":"https:\/\/stoic-curie.212-227-153-4.plesk.page\/de\/wp-json\/wp\/v2\/product_tag?post=736944"}],"curies":[{"name":"wp","href":"https:\/\/api.w.org\/{rel}","templated":true}]}}