{"id":736946,"date":"2025-03-03T16:34:01","date_gmt":"2025-03-03T15:34:01","guid":{"rendered":"https:\/\/stoic-curie.212-227-153-4.plesk.page\/producto\/elektronische-frischwasserpumpe-marco-up66-e-dx\/"},"modified":"2026-02-24T23:35:10","modified_gmt":"2026-02-24T23:35:10","slug":"elektronische-frischwasserpumpe-marco-up66-e-dx","status":"publish","type":"product","link":"https:\/\/stoic-curie.212-227-153-4.plesk.page\/de\/product\/elektronische-frischwasserpumpe-marco-up66-e-dx\/","title":{"rendered":"Elektronische Frischwasserpumpe Marco UP66\/E-DX"},"content":{"rendered":"<p>Elektronische Frischwasserpumpe Marco UP66\/E-DX &#8211; <\/p>\n<p style=\"color: rgb(34, 34, 34); font-family: Arial, Helvetica, sans-serif; font-size: small;\"><strong>MARCO UP66\/E-DX &#8211; Elektronische Doppel-Pumpe &#8211; 17,4 GPM &#8211; 50,8 PSI &#8211; 24V<\/strong><\/p>\n<p style=\"color: rgb(34, 34, 34); font-family: Arial, Helvetica, sans-serif; font-size: small;\">Die elektronische doppelte Frischwasserpumpe von Marco ist mit einem doppelt PCS-Steuerpanel ausgestattet, das die Fern\u00fcberwachung und Interaktion mit der Pumpe erm\u00f6glicht. Dieses elektronische Steuerungssystem sorgt f\u00fcr optimalen Stromverbrauch, reduzierte Ger\u00e4uschpegel und eine konstante Druckkontrolle ohne die Notwendigkeit eines Akkumulatorbeh\u00e4lters. Zus\u00e4tzlich verf\u00fcgt es \u00fcber einen automatischen Abschaltmechanismus bei Abwesenheit von Fl\u00fcssigkeit, wodurch der Verschlei\u00df der Komponenten minimiert und die Lebensdauer des Systems verl\u00e4ngert wird. Diese Pumpe ist sowohl f\u00fcr Frischwasser- als auch f\u00fcr Salzwasseranwendungen geeignet und arbeitet mit einer universellen 12\/24V Stromversorgung.<\/p>\n<p style=\"color: rgb(34, 34, 34); font-family: Arial, Helvetica, sans-serif; font-size: small;\">Das selbstansaugende Wasserdrucksystem besteht aus zwei miteinander verbundenen Pumpen, deren Motordrehzahl elektronisch in Relation zur Durchflussrate gesteuert wird. Dieses Design f\u00fchrt zu einem geringeren Energieverbrauch und Ger\u00e4uschpegel, w\u00e4hrend die Notwendigkeit eines Akkumulatorbeh\u00e4lters beseitigt wird. Das System ist auch gegen \u00dcberlastung gesch\u00fctzt, und die Pumpenbetriebszust\u00e4nde werden von zwei LED-Anzeigen \u00fcberwacht, die einen &#8220;leeren Tank&#8221;-Alarm und eine Abschaltvorrichtung umfassen.<\/p>\n<p style=\"color: rgb(34, 34, 34); font-family: Arial, Helvetica, sans-serif; font-size: small;\"><strong>Hauptmerkmale:<\/strong><\/p>\n<ul style=\"color: rgb(34, 34, 34); font-family: Arial, Helvetica, sans-serif; font-size: small;\">\n<li>Motordrehzahl entsprechend der Durchflussrate angepasst<\/li>\n<li>Verz\u00f6gerte Aktivierung der Hilfspumpe<\/li>\n<li>Reduzierter Energieverbrauch und Ger\u00e4usch<\/li>\n<li>Kein Akkumulatorbeh\u00e4lter erforderlich<\/li>\n<li>\u00dcberlastschutz<\/li>\n<li>Pumpenbetriebszust\u00e4nde werden von zwei LED-Anzeigen \u00fcberwacht<\/li>\n<li>Alarm f\u00fcr &#8220;leeren Tank&#8221; und Abschaltmechanismus<\/li>\n<\/ul>\n<p style=\"color: rgb(34, 34, 34); font-family: Arial, Helvetica, sans-serif; font-size: small;\"><strong>Spezifikationen:<\/strong><\/p>\n<ul style=\"color: rgb(34, 34, 34); font-family: Arial, Helvetica, sans-serif; font-size: small;\">\n<li>Spannung: 24V<\/li>\n<li>Stromverbrauch: 15A<\/li>\n<li>Sicherung: 25A<\/li>\n<li>Selbstansaugf\u00e4higkeit: 6,6 ft<\/li>\n<li>Durchflussrate: 17,4 GPM<\/li>\n<li>Druck: 50,8 PSI<\/li>\n<li>Anschl\u00fcsse: 3\/4&#8243; BSP<\/li>\n<li>IP-Schutzklasse: 67<\/li>\n<li>Motorleistung: 180W + 360W<\/li>\n<li>Gewicht: 28,7 lbs<\/li>\n<\/ul>\n<p style=\"color: rgb(34, 34, 34); font-family: Arial, Helvetica, sans-serif; font-size: small;\"><strong>Abmessungen:<\/strong><\/p>\n<ul style=\"color: rgb(34, 34, 34); font-family: Arial, Helvetica, sans-serif; font-size: small;\">\n<li>L\u00e4nge: 11,6 in (297 mm)<\/li>\n<li>H\u00f6he: 11,8 in (300 mm)<\/li>\n<li>Breite: 10,2 in (260 mm)<\/li>\n<\/ul>\n","protected":false},"excerpt":{"rendered":"<p>Elektronische Frischwasserpumpe Marco UP66\/E-DX &#8211; MARCO UP66\/E-DX &#8211; Elektronische Doppel-Pumpe &#8211; 17,4 GPM &#8211; 50,8 PSI &#8211; 24V Die elektronische<\/p>\n","protected":false},"featured_media":5945422,"comment_status":"open","ping_status":"closed","template":"","meta":[],"product_brand":[3095],"product_cat":[1373],"product_tag":[],"class_list":{"0":"post-736946","1":"product","2":"type-product","3":"status-publish","4":"has-post-thumbnail","6":"product_brand-marco-de","7":"product_cat-wasserdruckpumpen","9":"first","10":"instock","11":"shipping-taxable","12":"purchasable","13":"product-type-simple"},"_links":{"self":[{"href":"https:\/\/stoic-curie.212-227-153-4.plesk.page\/de\/wp-json\/wp\/v2\/product\/736946","targetHints":{"allow":["GET"]}}],"collection":[{"href":"https:\/\/stoic-curie.212-227-153-4.plesk.page\/de\/wp-json\/wp\/v2\/product"}],"about":[{"href":"https:\/\/stoic-curie.212-227-153-4.plesk.page\/de\/wp-json\/wp\/v2\/types\/product"}],"replies":[{"embeddable":true,"href":"https:\/\/stoic-curie.212-227-153-4.plesk.page\/de\/wp-json\/wp\/v2\/comments?post=736946"}],"version-history":[{"count":0,"href":"https:\/\/stoic-curie.212-227-153-4.plesk.page\/de\/wp-json\/wp\/v2\/product\/736946\/revisions"}],"wp:featuredmedia":[{"embeddable":true,"href":"https:\/\/stoic-curie.212-227-153-4.plesk.page\/de\/wp-json\/wp\/v2\/media\/5945422"}],"wp:attachment":[{"href":"https:\/\/stoic-curie.212-227-153-4.plesk.page\/de\/wp-json\/wp\/v2\/media?parent=736946"}],"wp:term":[{"taxonomy":"product_brand","embeddable":true,"href":"https:\/\/stoic-curie.212-227-153-4.plesk.page\/de\/wp-json\/wp\/v2\/product_brand?post=736946"},{"taxonomy":"product_cat","embeddable":true,"href":"https:\/\/stoic-curie.212-227-153-4.plesk.page\/de\/wp-json\/wp\/v2\/product_cat?post=736946"},{"taxonomy":"product_tag","embeddable":true,"href":"https:\/\/stoic-curie.212-227-153-4.plesk.page\/de\/wp-json\/wp\/v2\/product_tag?post=736946"}],"curies":[{"name":"wp","href":"https:\/\/api.w.org\/{rel}","templated":true}]}}