{"id":736965,"date":"2025-03-03T16:34:05","date_gmt":"2025-03-03T15:34:05","guid":{"rendered":"https:\/\/stoic-curie.212-227-153-4.plesk.page\/producto\/wischermotorensteuergeraet-112-x-112-mm-fuer-bis-zu-3-wischer-12v\/"},"modified":"2026-02-24T23:35:10","modified_gmt":"2026-02-24T23:35:10","slug":"wischermotorensteuergeraet-112-x-112-mm-fuer-bis-zu-3-wischer-12v","status":"publish","type":"product","link":"https:\/\/stoic-curie.212-227-153-4.plesk.page\/de\/product\/wischermotorensteuergeraet-112-x-112-mm-fuer-bis-zu-3-wischer-12v\/","title":{"rendered":"Wischermotorensteuerger\u00e4t 112 x 112 mm f\u00fcr bis zu 3 Wischer 12V"},"content":{"rendered":"<p>Wischermotorensteuerger\u00e4t 112 x 112 mm f\u00fcr bis zu 3 Wischer 12V &#8211; <\/p>\n<p>Aluminiumlegierter Wischersteuerungsbox. Steuert und synchronisiert bis zu 3 Wischer 12\/24V Motoren. Komplett mit Kippschalter.<\/p>\n","protected":false},"excerpt":{"rendered":"<p>Wischermotorensteuerger\u00e4t 112 x 112 mm f\u00fcr bis zu 3 Wischer 12V &#8211; Aluminiumlegierter Wischersteuerungsbox. Steuert und synchronisiert bis zu 3<\/p>\n","protected":false},"featured_media":5945444,"comment_status":"open","ping_status":"closed","template":"","meta":[],"product_brand":[3235],"product_cat":[1448],"product_tag":[],"class_list":{"0":"post-736965","1":"product","2":"type-product","3":"status-publish","4":"has-post-thumbnail","6":"product_brand-osculati-de","7":"product_cat-scheibenwischer","9":"first","10":"instock","11":"shipping-taxable","12":"purchasable","13":"product-type-simple"},"_links":{"self":[{"href":"https:\/\/stoic-curie.212-227-153-4.plesk.page\/de\/wp-json\/wp\/v2\/product\/736965","targetHints":{"allow":["GET"]}}],"collection":[{"href":"https:\/\/stoic-curie.212-227-153-4.plesk.page\/de\/wp-json\/wp\/v2\/product"}],"about":[{"href":"https:\/\/stoic-curie.212-227-153-4.plesk.page\/de\/wp-json\/wp\/v2\/types\/product"}],"replies":[{"embeddable":true,"href":"https:\/\/stoic-curie.212-227-153-4.plesk.page\/de\/wp-json\/wp\/v2\/comments?post=736965"}],"version-history":[{"count":0,"href":"https:\/\/stoic-curie.212-227-153-4.plesk.page\/de\/wp-json\/wp\/v2\/product\/736965\/revisions"}],"wp:featuredmedia":[{"embeddable":true,"href":"https:\/\/stoic-curie.212-227-153-4.plesk.page\/de\/wp-json\/wp\/v2\/media\/5945444"}],"wp:attachment":[{"href":"https:\/\/stoic-curie.212-227-153-4.plesk.page\/de\/wp-json\/wp\/v2\/media?parent=736965"}],"wp:term":[{"taxonomy":"product_brand","embeddable":true,"href":"https:\/\/stoic-curie.212-227-153-4.plesk.page\/de\/wp-json\/wp\/v2\/product_brand?post=736965"},{"taxonomy":"product_cat","embeddable":true,"href":"https:\/\/stoic-curie.212-227-153-4.plesk.page\/de\/wp-json\/wp\/v2\/product_cat?post=736965"},{"taxonomy":"product_tag","embeddable":true,"href":"https:\/\/stoic-curie.212-227-153-4.plesk.page\/de\/wp-json\/wp\/v2\/product_tag?post=736965"}],"curies":[{"name":"wp","href":"https:\/\/api.w.org\/{rel}","templated":true}]}}