{"id":736966,"date":"2025-03-03T16:34:06","date_gmt":"2025-03-03T15:34:06","guid":{"rendered":"https:\/\/stoic-curie.212-227-153-4.plesk.page\/producto\/zugelassene-horn-marco-fuer-boote-bis-20-m-460-x-200-mm-12-v\/"},"modified":"2026-02-24T23:35:10","modified_gmt":"2026-02-24T23:35:10","slug":"zugelassene-horn-marco-fuer-boote-bis-20-m-460-x-200-mm-12-v","status":"publish","type":"product","link":"https:\/\/stoic-curie.212-227-153-4.plesk.page\/de\/product\/zugelassene-horn-marco-fuer-boote-bis-20-m-460-x-200-mm-12-v\/","title":{"rendered":"Zugelassene Horn Marco f\u00fcr Boote bis 20 m 460 x 200 mm 12 V"},"content":{"rendered":"<p>Zugelassene Horn Marco f\u00fcr Boote bis 20 m 460 x 200 mm 12 V &#8211; <\/p>\n<p>R.I.Na. genehmigte wei\u00df lackierte Signaltrompetenh\u00f6rner f\u00fcr Boote von 12 bis 20 m. Komplett mit 180W\/2 bar Luftpumpe und Montagematerial.<\/p>\n","protected":false},"excerpt":{"rendered":"<p>Zugelassene Horn Marco f\u00fcr Boote bis 20 m 460 x 200 mm 12 V &#8211; R.I.Na. genehmigte wei\u00df lackierte Signaltrompetenh\u00f6rner<\/p>\n","protected":false},"featured_media":5945446,"comment_status":"open","ping_status":"closed","template":"","meta":[],"product_brand":[3095],"product_cat":[1460],"product_tag":[],"class_list":{"0":"post-736966","1":"product","2":"type-product","3":"status-publish","4":"has-post-thumbnail","6":"product_brand-marco-de","7":"product_cat-bootshoerner","9":"first","10":"instock","11":"shipping-taxable","12":"purchasable","13":"product-type-simple"},"_links":{"self":[{"href":"https:\/\/stoic-curie.212-227-153-4.plesk.page\/de\/wp-json\/wp\/v2\/product\/736966","targetHints":{"allow":["GET"]}}],"collection":[{"href":"https:\/\/stoic-curie.212-227-153-4.plesk.page\/de\/wp-json\/wp\/v2\/product"}],"about":[{"href":"https:\/\/stoic-curie.212-227-153-4.plesk.page\/de\/wp-json\/wp\/v2\/types\/product"}],"replies":[{"embeddable":true,"href":"https:\/\/stoic-curie.212-227-153-4.plesk.page\/de\/wp-json\/wp\/v2\/comments?post=736966"}],"version-history":[{"count":0,"href":"https:\/\/stoic-curie.212-227-153-4.plesk.page\/de\/wp-json\/wp\/v2\/product\/736966\/revisions"}],"wp:featuredmedia":[{"embeddable":true,"href":"https:\/\/stoic-curie.212-227-153-4.plesk.page\/de\/wp-json\/wp\/v2\/media\/5945446"}],"wp:attachment":[{"href":"https:\/\/stoic-curie.212-227-153-4.plesk.page\/de\/wp-json\/wp\/v2\/media?parent=736966"}],"wp:term":[{"taxonomy":"product_brand","embeddable":true,"href":"https:\/\/stoic-curie.212-227-153-4.plesk.page\/de\/wp-json\/wp\/v2\/product_brand?post=736966"},{"taxonomy":"product_cat","embeddable":true,"href":"https:\/\/stoic-curie.212-227-153-4.plesk.page\/de\/wp-json\/wp\/v2\/product_cat?post=736966"},{"taxonomy":"product_tag","embeddable":true,"href":"https:\/\/stoic-curie.212-227-153-4.plesk.page\/de\/wp-json\/wp\/v2\/product_tag?post=736966"}],"curies":[{"name":"wp","href":"https:\/\/api.w.org\/{rel}","templated":true}]}}