{"id":736970,"date":"2025-03-03T16:34:06","date_gmt":"2025-03-03T15:34:06","guid":{"rendered":"https:\/\/stoic-curie.212-227-153-4.plesk.page\/producto\/batterieladegeraet-quick-sbc-140-nrg-12v-12a\/"},"modified":"2026-02-24T23:35:10","modified_gmt":"2026-02-24T23:35:10","slug":"batterieladegeraet-quick-sbc-140-nrg-12v-12a","status":"publish","type":"product","link":"https:\/\/stoic-curie.212-227-153-4.plesk.page\/de\/product\/batterieladegeraet-quick-sbc-140-nrg-12v-12a\/","title":{"rendered":"Batterieladeger\u00e4t Quick SBC 140 NRG+ 12V 12A"},"content":{"rendered":"<p>Batterieladeger\u00e4t Quick SBC 140 NRG+ 12V 12A &#8211; <\/p>\n<p>Hocheffiziente SBC NRG+ Low Power Batterieladeger\u00e4te mit dreistufiger IUoU Batterieladung. Mit interne MOSFET-Ladesepartor und differenzierter Ladung f\u00fcr offene, versiegelte, GEL- oder AGM-Batterien. M\u00f6glichkeit, volle Ausgangsleistung bei niedriger Versorgungsspannung bereitzustellen und die Batterieladeger\u00e4te als Netzteil ohne Batterien zu verwenden. Kompatibel mit allen Arten von Generatoren und universellem AC-Stromeingang mit einfachen Steckverbindungen. Schutz gegen falsche Polarit\u00e4t, \u00dcberlastung, Ausgangskurzschluss, Ausgangs\u00fcberspannung und \u00dcberhitzung.<\/p>\n","protected":false},"excerpt":{"rendered":"<p>Batterieladeger\u00e4t Quick SBC 140 NRG+ 12V 12A &#8211; Hocheffiziente SBC NRG+ Low Power Batterieladeger\u00e4te mit dreistufiger IUoU Batterieladung. Mit interne<\/p>\n","protected":false},"featured_media":5945450,"comment_status":"open","ping_status":"closed","template":"","meta":[],"product_brand":[3280],"product_cat":[1450],"product_tag":[],"class_list":{"0":"post-736970","1":"product","2":"type-product","3":"status-publish","4":"has-post-thumbnail","6":"product_brand-quick-de","7":"product_cat-batterieladegeraete","9":"first","10":"instock","11":"shipping-taxable","12":"purchasable","13":"product-type-simple"},"_links":{"self":[{"href":"https:\/\/stoic-curie.212-227-153-4.plesk.page\/de\/wp-json\/wp\/v2\/product\/736970","targetHints":{"allow":["GET"]}}],"collection":[{"href":"https:\/\/stoic-curie.212-227-153-4.plesk.page\/de\/wp-json\/wp\/v2\/product"}],"about":[{"href":"https:\/\/stoic-curie.212-227-153-4.plesk.page\/de\/wp-json\/wp\/v2\/types\/product"}],"replies":[{"embeddable":true,"href":"https:\/\/stoic-curie.212-227-153-4.plesk.page\/de\/wp-json\/wp\/v2\/comments?post=736970"}],"version-history":[{"count":0,"href":"https:\/\/stoic-curie.212-227-153-4.plesk.page\/de\/wp-json\/wp\/v2\/product\/736970\/revisions"}],"wp:featuredmedia":[{"embeddable":true,"href":"https:\/\/stoic-curie.212-227-153-4.plesk.page\/de\/wp-json\/wp\/v2\/media\/5945450"}],"wp:attachment":[{"href":"https:\/\/stoic-curie.212-227-153-4.plesk.page\/de\/wp-json\/wp\/v2\/media?parent=736970"}],"wp:term":[{"taxonomy":"product_brand","embeddable":true,"href":"https:\/\/stoic-curie.212-227-153-4.plesk.page\/de\/wp-json\/wp\/v2\/product_brand?post=736970"},{"taxonomy":"product_cat","embeddable":true,"href":"https:\/\/stoic-curie.212-227-153-4.plesk.page\/de\/wp-json\/wp\/v2\/product_cat?post=736970"},{"taxonomy":"product_tag","embeddable":true,"href":"https:\/\/stoic-curie.212-227-153-4.plesk.page\/de\/wp-json\/wp\/v2\/product_tag?post=736970"}],"curies":[{"name":"wp","href":"https:\/\/api.w.org\/{rel}","templated":true}]}}