{"id":736972,"date":"2025-03-03T16:34:07","date_gmt":"2025-03-03T15:34:07","guid":{"rendered":"https:\/\/stoic-curie.212-227-153-4.plesk.page\/producto\/batterieladegeraet-quick-sbc-300-nrg-30a-12v\/"},"modified":"2026-02-24T23:35:10","modified_gmt":"2026-02-24T23:35:10","slug":"batterieladegeraet-quick-sbc-300-nrg-30a-12v","status":"publish","type":"product","link":"https:\/\/stoic-curie.212-227-153-4.plesk.page\/de\/product\/batterieladegeraet-quick-sbc-300-nrg-30a-12v\/","title":{"rendered":"Batterieladeger\u00e4t Quick SBC 300 NRG+ 30A 12V"},"content":{"rendered":"<p>Batterieladeger\u00e4t Quick SBC 300 NRG+ 30A 12V &#8211; <\/p>\n<p>Hoch effiziente SBC NRG+ Niederspannungsbatterielader mit dreistufigem IUoU-Batterieladeverfahren. Mit internem MOSFET-Ladeseparator und differenzierter Ladung f\u00fcr offene, versiegelte, GEL- oder AGM-Batterien. F\u00e4higkeit, volle Ausgangsleistung bei niedriger Versorgungsspannung zu liefern und die M\u00f6glichkeit, das Batterieladeger\u00e4t ohne Batterien als Stromversorgung zu nutzen. Kompatibel mit allen Arten von Generatoren und universellem AC-Netzeingang mit einfachen Anschl\u00fcssen. Schutz vor umgekehrter Polarit\u00e4t, \u00dcberlastung, Kurzschluss, \u00dcberspannung und \u00dcberhitzung.<\/p>\n","protected":false},"excerpt":{"rendered":"<p>Batterieladeger\u00e4t Quick SBC 300 NRG+ 30A 12V &#8211; Hoch effiziente SBC NRG+ Niederspannungsbatterielader mit dreistufigem IUoU-Batterieladeverfahren. Mit internem MOSFET-Ladeseparator und<\/p>\n","protected":false},"featured_media":5945450,"comment_status":"open","ping_status":"closed","template":"","meta":[],"product_brand":[3280],"product_cat":[1450],"product_tag":[],"class_list":{"0":"post-736972","1":"product","2":"type-product","3":"status-publish","4":"has-post-thumbnail","6":"product_brand-quick-de","7":"product_cat-batterieladegeraete","9":"first","10":"instock","11":"shipping-taxable","12":"purchasable","13":"product-type-simple"},"_links":{"self":[{"href":"https:\/\/stoic-curie.212-227-153-4.plesk.page\/de\/wp-json\/wp\/v2\/product\/736972","targetHints":{"allow":["GET"]}}],"collection":[{"href":"https:\/\/stoic-curie.212-227-153-4.plesk.page\/de\/wp-json\/wp\/v2\/product"}],"about":[{"href":"https:\/\/stoic-curie.212-227-153-4.plesk.page\/de\/wp-json\/wp\/v2\/types\/product"}],"replies":[{"embeddable":true,"href":"https:\/\/stoic-curie.212-227-153-4.plesk.page\/de\/wp-json\/wp\/v2\/comments?post=736972"}],"version-history":[{"count":0,"href":"https:\/\/stoic-curie.212-227-153-4.plesk.page\/de\/wp-json\/wp\/v2\/product\/736972\/revisions"}],"wp:featuredmedia":[{"embeddable":true,"href":"https:\/\/stoic-curie.212-227-153-4.plesk.page\/de\/wp-json\/wp\/v2\/media\/5945450"}],"wp:attachment":[{"href":"https:\/\/stoic-curie.212-227-153-4.plesk.page\/de\/wp-json\/wp\/v2\/media?parent=736972"}],"wp:term":[{"taxonomy":"product_brand","embeddable":true,"href":"https:\/\/stoic-curie.212-227-153-4.plesk.page\/de\/wp-json\/wp\/v2\/product_brand?post=736972"},{"taxonomy":"product_cat","embeddable":true,"href":"https:\/\/stoic-curie.212-227-153-4.plesk.page\/de\/wp-json\/wp\/v2\/product_cat?post=736972"},{"taxonomy":"product_tag","embeddable":true,"href":"https:\/\/stoic-curie.212-227-153-4.plesk.page\/de\/wp-json\/wp\/v2\/product_tag?post=736972"}],"curies":[{"name":"wp","href":"https:\/\/api.w.org\/{rel}","templated":true}]}}