{"id":736976,"date":"2025-03-03T16:34:08","date_gmt":"2025-03-03T15:34:08","guid":{"rendered":"https:\/\/stoic-curie.212-227-153-4.plesk.page\/producto\/batterieladegeraet-quick-sbc-950-nrg-24v-40a\/"},"modified":"2026-02-24T23:35:10","modified_gmt":"2026-02-24T23:35:10","slug":"batterieladegeraet-quick-sbc-950-nrg-24v-40a","status":"publish","type":"product","link":"https:\/\/stoic-curie.212-227-153-4.plesk.page\/de\/product\/batterieladegeraet-quick-sbc-950-nrg-24v-40a\/","title":{"rendered":"Batterieladeger\u00e4t Quick SBC 950 NRG+ 24V 40A"},"content":{"rendered":"<p>Batterieladeger\u00e4t Quick SBC 950 NRG+ 24V 40A &#8211; <\/p>\n<p style=\"color: rgb(34, 34, 34); font-family: Arial, Helvetica, sans-serif; font-size: small;\">Wir pr\u00e4sentieren das Batterie-Ladeger\u00e4t Quick SBC 950 NRG+ 24V 40Amp. Dieses hocheffiziente Ladeger\u00e4t verf\u00fcgt \u00fcber ein dreistufiges IUoU-Ladesystem, das optimale Leistung gew\u00e4hrleistet. Es enth\u00e4lt LED-Anzeigen f\u00fcr den aktuellen Status und Fehler sowie eine CAN-Bus-Schnittstelle f\u00fcr einen einfachen Datenaustausch. Das Ladeger\u00e4t ist mit einem internen MOSFET-Ladesepartor ausgestattet, der eine differenzierte Ladung von offenen, geschlossenen, GEL- oder AGM-Batterien erm\u00f6glicht. Es kann bei niedriger Versorgungsspannung volle Ausgangsleistung liefern und kann ohne Batterien als Stromversorgung fungieren.<\/p>\n<p style=\"color: rgb(34, 34, 34); font-family: Arial, Helvetica, sans-serif; font-size: small;\">Das SBC NRG+ ist mit allen Generatorarten kompatibel und verf\u00fcgt \u00fcber einen universellen AC-Netzeingang mit benutzerfreundlichen Anschl\u00fcssen. Es bietet zudem zahlreiche Sicherheitsmerkmale, einschlie\u00dflich Schutz vor umgekehrter Polarit\u00e4t, \u00dcberlastung, Kurzschluss, \u00dcberspannung und \u00dcberhitzung.<\/p>\n<p style=\"color: rgb(34, 34, 34); font-family: Arial, Helvetica, sans-serif; font-size: small;\">Zur zus\u00e4tzlichen Bequemlichkeit ist ein optionales 12\/24V LCD RDS 1562-Fernbedienungspanel mit CAN-Bus-Schnittstelle erh\u00e4ltlich, um den Ladezustand aus der Ferne zu \u00fcberwachen. Die neuen SBC NRG+ Batterieladeger\u00e4te sind kompakter und verf\u00fcgen \u00fcber benutzerfreundliche Anschl\u00fcsse, die die Installation einfach machen. Mit einem Wirkungsgrad von bis zu 92% verbrauchen diese Ladeger\u00e4te weniger Energie, erzeugen weniger W\u00e4rme und verbessern die Systemzuverl\u00e4ssigkeit.<\/p>\n<p style=\"color: rgb(34, 34, 34); font-family: Arial, Helvetica, sans-serif; font-size: small;\">Spezifikationen:<\/p>\n<ul style=\"color: rgb(34, 34, 34); font-family: Arial, Helvetica, sans-serif; font-size: small;\">\n<li>Leistungstyp: Konstantspannung<\/li>\n<li>Leuchtmittel: 1 x Power LED<\/li>\n<li>Betriebsspannung: 10 bis 30 V<\/li>\n<li>Energieverbrauch: 4 W<\/li>\n<li>Stromverbrauch: 0.17 A @ 24 V<\/li>\n<li>Durchschnittliche Lebensdauer: 50.000 Stunden<\/li>\n<li>IP-Security-Bewertung: 40<\/li>\n<li>Tageslichtfarbtemperatur: 3800 &#8211; 4100 \u00b0K<\/li>\n<li>Lichtausbeute: 186 Lumen<\/li>\n<li>Effizienz: 47 Lumen\/Watt<\/li>\n<\/ul>\n<p style=\"color: rgb(34, 34, 34); font-family: Arial, Helvetica, sans-serif; font-size: small;\">Dieses Ladeger\u00e4t ist eine ausgezeichnete Wahl f\u00fcr Bootsliebhaber, die Zuverl\u00e4ssigkeit und Effizienz in ihrer Ausr\u00fcstung suchen.<\/p>\n","protected":false},"excerpt":{"rendered":"<p>Batterieladeger\u00e4t Quick SBC 950 NRG+ 24V 40A &#8211; Wir pr\u00e4sentieren das Batterie-Ladeger\u00e4t Quick SBC 950 NRG+ 24V 40Amp. Dieses hocheffiziente<\/p>\n","protected":false},"featured_media":5945453,"comment_status":"open","ping_status":"closed","template":"","meta":[],"product_brand":[3280],"product_cat":[1450],"product_tag":[],"class_list":{"0":"post-736976","1":"product","2":"type-product","3":"status-publish","4":"has-post-thumbnail","6":"product_brand-quick-de","7":"product_cat-batterieladegeraete","9":"first","10":"instock","11":"shipping-taxable","12":"purchasable","13":"product-type-simple"},"_links":{"self":[{"href":"https:\/\/stoic-curie.212-227-153-4.plesk.page\/de\/wp-json\/wp\/v2\/product\/736976","targetHints":{"allow":["GET"]}}],"collection":[{"href":"https:\/\/stoic-curie.212-227-153-4.plesk.page\/de\/wp-json\/wp\/v2\/product"}],"about":[{"href":"https:\/\/stoic-curie.212-227-153-4.plesk.page\/de\/wp-json\/wp\/v2\/types\/product"}],"replies":[{"embeddable":true,"href":"https:\/\/stoic-curie.212-227-153-4.plesk.page\/de\/wp-json\/wp\/v2\/comments?post=736976"}],"version-history":[{"count":0,"href":"https:\/\/stoic-curie.212-227-153-4.plesk.page\/de\/wp-json\/wp\/v2\/product\/736976\/revisions"}],"wp:featuredmedia":[{"embeddable":true,"href":"https:\/\/stoic-curie.212-227-153-4.plesk.page\/de\/wp-json\/wp\/v2\/media\/5945453"}],"wp:attachment":[{"href":"https:\/\/stoic-curie.212-227-153-4.plesk.page\/de\/wp-json\/wp\/v2\/media?parent=736976"}],"wp:term":[{"taxonomy":"product_brand","embeddable":true,"href":"https:\/\/stoic-curie.212-227-153-4.plesk.page\/de\/wp-json\/wp\/v2\/product_brand?post=736976"},{"taxonomy":"product_cat","embeddable":true,"href":"https:\/\/stoic-curie.212-227-153-4.plesk.page\/de\/wp-json\/wp\/v2\/product_cat?post=736976"},{"taxonomy":"product_tag","embeddable":true,"href":"https:\/\/stoic-curie.212-227-153-4.plesk.page\/de\/wp-json\/wp\/v2\/product_tag?post=736976"}],"curies":[{"name":"wp","href":"https:\/\/api.w.org\/{rel}","templated":true}]}}