{"id":736978,"date":"2025-03-03T16:34:08","date_gmt":"2025-03-03T15:34:08","guid":{"rendered":"https:\/\/stoic-curie.212-227-153-4.plesk.page\/producto\/batterieladegeraet-quick-sbc-1450-nrg-24v-60a\/"},"modified":"2026-02-24T23:35:10","modified_gmt":"2026-02-24T23:35:10","slug":"batterieladegeraet-quick-sbc-1450-nrg-24v-60a","status":"publish","type":"product","link":"https:\/\/stoic-curie.212-227-153-4.plesk.page\/de\/product\/batterieladegeraet-quick-sbc-1450-nrg-24v-60a\/","title":{"rendered":"Batterieladeger\u00e4t Quick SBC 1450 NRG+ 24V 60A"},"content":{"rendered":"<p>Batterieladeger\u00e4t Quick SBC 1450 NRG+ 24V 60A &#8211; <\/p>\n<p style=\"color: rgb(34, 34, 34); font-family: Arial, Helvetica, sans-serif; font-size: small;\"><strong>Batterieladeger\u00e4te: SBC NRG+ 1450<\/strong><\/p>\n<p style=\"color: rgb(34, 34, 34); font-family: Arial, Helvetica, sans-serif; font-size: small;\">Wir pr\u00e4sentieren den SBC NRG+ 1450, ein hocheffizientes Batterieladeger\u00e4t, das f\u00fcr optimale Leistung entwickelt wurde. Dieses Ladeger\u00e4t verwendet einen dreistufigen IUoU-Ladeprozess, der sicherstellt, dass Ihre Batterien die pr\u00e4zise Pflege erhalten, die sie ben\u00f6tigen. Es verf\u00fcgt \u00fcber LED-Anzeigen f\u00fcr den aktuellen Status und Fehler sowie \u00fcber eine CAN-Bus-Schnittstelle f\u00fcr nahtlose Daten\u00fcbertragung.<\/p>\n<p style=\"color: rgb(34, 34, 34); font-family: Arial, Helvetica, sans-serif; font-size: small;\">Der SBC NRG+ 1450 ist mit einem internen MOSFET-Ladeseparator ausgestattet, der eine differenzierte Aufladung verschiedener Batterietypen, einschlie\u00dflich offener, versiegelter, GEL- und AGM-Batterien, erm\u00f6glicht. Es kann die volle Ausgangsleistung auch bei niedrigen Versorgungsspannungen liefern und kann ohne Batterien als Stromversorgung fungieren. Dieses Ladeger\u00e4t ist mit allen Arten von Generatoren kompatibel und verf\u00fcgt \u00fcber einen universellen AC-Stromversorgungseingang mit benutzerfreundlichen Anschl\u00fcssen.<\/p>\n<p style=\"color: rgb(34, 34, 34); font-family: Arial, Helvetica, sans-serif; font-size: small;\">Sicherheit hat oberste Priorit\u00e4t, und der SBC NRG+ 1450 umfasst Schutzvorrichtungen gegen Verpolung, \u00dcberlastung, Kurzschluss, \u00dcberlastspannung und \u00dcberhitzung. Dar\u00fcber hinaus ist ein optionales 12\/24V LCD RDS 1562-Fernbedienungspanel mit CAN-Bus-Schnittstelle erh\u00e4ltlich, um den Ladezustand remote zu \u00fcberwachen.<\/p>\n<p style=\"color: rgb(34, 34, 34); font-family: Arial, Helvetica, sans-serif; font-size: small;\"><strong>Hauptmerkmale:<\/strong><\/p>\n<ul style=\"color: rgb(34, 34, 34); font-family: Arial, Helvetica, sans-serif; font-size: small;\">\n<li>Dreistufige IUoU-Batterieladung<\/li>\n<li>Hohe Effizienz<\/li>\n<li>Differenzierte Ladung f\u00fcr offene Fl\u00fcssigelektrolytbatterien, versiegelte Fl\u00fcssigelektrolyten, GEL- oder AGM-Batterien<\/li>\n<li>Einfache und praktische Ausgangsanschlusssystem<\/li>\n<li>Kompakte und leichte Bauweise<\/li>\n<\/ul>\n<p style=\"color: rgb(34, 34, 34); font-family: Arial, Helvetica, sans-serif; font-size: small;\"><strong>Spezifikationen:<\/strong><\/p>\n<ul style=\"color: rgb(34, 34, 34); font-family: Arial, Helvetica, sans-serif; font-size: small;\">\n<li>Batteriespannung: 24 V<\/li>\n<li>Maximale Ausgangsstrom: 60 A<\/li>\n<li>Absorptionsspannung: 28,2 V (28,8 V f\u00fcr GEL)<\/li>\n<li>Schwebespannung: 26,8 V (27,6 V f\u00fcr GEL)<\/li>\n<li>Batteriebankkapazit\u00e4t: 270 A.h bis 600 A.h<\/li>\n<li>Anzahl der Ausg\u00e4nge: 3<\/li>\n<li>Eingangsspannung: 161 V bis 264 V<\/li>\n<li>Frequenz: 45 Hz bis 66 Hz<\/li>\n<li>K\u00fchlung: Erzwungen mit variablem Geschwindigkeitsventilator<\/li>\n<li>Abmessungen (BxHxT): 170 x 481 x 82 mm<\/li>\n<li>Gewicht: 4,2 kg<\/li>\n<\/ul>\n<p style=\"color: rgb(34, 34, 34); font-family: Arial, Helvetica, sans-serif; font-size: small;\">Der SBC NRG+ 1450 ist eine ausgezeichnete Wahl f\u00fcr Bootsbesitzer, die eine zuverl\u00e4ssige und effiziente Batterieladel\u00f6sung suchen.<\/p>\n","protected":false},"excerpt":{"rendered":"<p>Batterieladeger\u00e4t Quick SBC 1450 NRG+ 24V 60A &#8211; Batterieladeger\u00e4te: SBC NRG+ 1450 Wir pr\u00e4sentieren den SBC NRG+ 1450, ein hocheffizientes<\/p>\n","protected":false},"featured_media":5945457,"comment_status":"open","ping_status":"closed","template":"","meta":[],"product_brand":[3280],"product_cat":[1450],"product_tag":[],"class_list":{"0":"post-736978","1":"product","2":"type-product","3":"status-publish","4":"has-post-thumbnail","6":"product_brand-quick-de","7":"product_cat-batterieladegeraete","9":"first","10":"instock","11":"shipping-taxable","12":"purchasable","13":"product-type-simple"},"_links":{"self":[{"href":"https:\/\/stoic-curie.212-227-153-4.plesk.page\/de\/wp-json\/wp\/v2\/product\/736978","targetHints":{"allow":["GET"]}}],"collection":[{"href":"https:\/\/stoic-curie.212-227-153-4.plesk.page\/de\/wp-json\/wp\/v2\/product"}],"about":[{"href":"https:\/\/stoic-curie.212-227-153-4.plesk.page\/de\/wp-json\/wp\/v2\/types\/product"}],"replies":[{"embeddable":true,"href":"https:\/\/stoic-curie.212-227-153-4.plesk.page\/de\/wp-json\/wp\/v2\/comments?post=736978"}],"version-history":[{"count":0,"href":"https:\/\/stoic-curie.212-227-153-4.plesk.page\/de\/wp-json\/wp\/v2\/product\/736978\/revisions"}],"wp:featuredmedia":[{"embeddable":true,"href":"https:\/\/stoic-curie.212-227-153-4.plesk.page\/de\/wp-json\/wp\/v2\/media\/5945457"}],"wp:attachment":[{"href":"https:\/\/stoic-curie.212-227-153-4.plesk.page\/de\/wp-json\/wp\/v2\/media?parent=736978"}],"wp:term":[{"taxonomy":"product_brand","embeddable":true,"href":"https:\/\/stoic-curie.212-227-153-4.plesk.page\/de\/wp-json\/wp\/v2\/product_brand?post=736978"},{"taxonomy":"product_cat","embeddable":true,"href":"https:\/\/stoic-curie.212-227-153-4.plesk.page\/de\/wp-json\/wp\/v2\/product_cat?post=736978"},{"taxonomy":"product_tag","embeddable":true,"href":"https:\/\/stoic-curie.212-227-153-4.plesk.page\/de\/wp-json\/wp\/v2\/product_tag?post=736978"}],"curies":[{"name":"wp","href":"https:\/\/api.w.org\/{rel}","templated":true}]}}