{"id":736979,"date":"2025-03-03T16:34:09","date_gmt":"2025-03-03T15:34:09","guid":{"rendered":"https:\/\/stoic-curie.212-227-153-4.plesk.page\/producto\/batterieladegeraet-quick-sbc-1950-nrg-24v-80a\/"},"modified":"2026-02-24T23:35:10","modified_gmt":"2026-02-24T23:35:10","slug":"batterieladegeraet-quick-sbc-1950-nrg-24v-80a","status":"publish","type":"product","link":"https:\/\/stoic-curie.212-227-153-4.plesk.page\/de\/product\/batterieladegeraet-quick-sbc-1950-nrg-24v-80a\/","title":{"rendered":"Batterieladeger\u00e4t Quick SBC 1950 NRG+ 24V 80A"},"content":{"rendered":"<p>Batterieladeger\u00e4t Quick SBC 1950 NRG+ 24V 80A &#8211; <\/p>\n<p style=\"color: rgb(34, 34, 34); font-family: Arial, Helvetica, sans-serif; font-size: small;\">Wir freuen uns, die SBC NRG+ Hi Power Batterieladeger\u00e4te vorzustellen, die f\u00fcr au\u00dfergew\u00f6hnliche Effizienz durch ein fortschrittliches dreistufiges IUoU-Batterieladesystem entwickelt wurden. Diese Ladeger\u00e4te sind mit LED-Anzeigen ausgestattet, die den aktuellen Status und eventuelle Fehler anzeigen, sowie einer CAN-Bus-Schnittstelle, die eine reibungslose Datenkommunikation erm\u00f6glicht. Der interne MOSFET-Ladesepartor erm\u00f6glicht ma\u00dfgeschneiderte Ladevorg\u00e4nge f\u00fcr verschiedene Batterietypen, einschlie\u00dflich offener, versiegelter, GEL- und AGM-Batterien. Wichtig ist, dass diese Ladeger\u00e4te auch bei niedrigen Versorgungsspannungen volle Ausgangsleistung liefern k\u00f6nnen und unabh\u00e4ngig von Batterien als Stromversorgung betrieben werden k\u00f6nnen.<\/p>\n<p style=\"color: rgb(34, 34, 34); font-family: Arial, Helvetica, sans-serif; font-size: small;\">Die SBC NRG+ Ladeger\u00e4te sind so konzipiert, dass sie mit allen Generatorarten kompatibel sind, und verf\u00fcgen \u00fcber einen universellen AC-Stromeingang sowie benutzerfreundliche Anschl\u00fcsse. Sie sind auch mit zahlreichen Sicherheitsfunktionen ausgestattet, einschlie\u00dflich Schutz vor verpolung, \u00dcberlastung, Ausgangskurzschluss, \u00dcberspannung und \u00dcberhitzung. Dar\u00fcber hinaus ist ein optionales 12\/24V LCD RDS 1562 Fernbedienungspanel mit einer CAN-Bus-Schnittstelle verf\u00fcgbar, f\u00fcr diejenigen, die den Ladezustand aus der Ferne \u00fcberwachen m\u00f6chten.<\/p>\n<p style=\"color: rgb(34, 34, 34); font-family: Arial, Helvetica, sans-serif; font-size: small;\">Hauptmerkmale:<\/p>\n<ul style=\"color: rgb(34, 34, 34); font-family: Arial, Helvetica, sans-serif; font-size: small;\">\n<li>Dreistufiges IUoU Batterieladesystem f\u00fcr optimale Leistung.<\/li>\n<li>Hohe Effizienz und differenzierte Ladem\u00f6glichkeiten f\u00fcr eine Vielzahl von Batterietypen, einschlie\u00dflich offenen Elektrolytbatterien, versiegelten Elektrolytbatterien, GEL und AGM.<\/li>\n<li>Benutzerfreundliches Ausgangsverbindungssystem.<\/li>\n<li>Kompakte und leichte Bauweise f\u00fcr eine unkomplizierte Installation.<\/li>\n<\/ul>\n<p style=\"color: rgb(34, 34, 34); font-family: Arial, Helvetica, sans-serif; font-size: small;\">Spezifikationen f\u00fcr SBC NRG+ 1950:<\/p>\n<ul style=\"color: rgb(34, 34, 34); font-family: Arial, Helvetica, sans-serif; font-size: small;\">\n<li>Batteriespannung: 24 V<\/li>\n<li>Maximale Ausgangsstr\u00f6me: 80 A<\/li>\n<li>Absorptionsspannung: 28,2 V (28,8 V f\u00fcr GEL)<\/li>\n<li>Schwebespannung: 26,8 V (27,6 V f\u00fcr GEL)<\/li>\n<li>Batteriebankkapazit\u00e4t: 360 A.h bis 800 A.h<\/li>\n<li>Anzahl der Ausg\u00e4nge: 3<\/li>\n<li>Eingangsspannung: 161 V bis 264 V<\/li>\n<li>Frequenz: 45 Hz bis 66 Hz<\/li>\n<li>K\u00fchlung: Zwangsluft mit variabler Drehzahl-L\u00fcfter<\/li>\n<li>Abmessungen (BxHxT): 170 x 481 x 82 mm<\/li>\n<li>Gewicht: 4,2 kg<\/li>\n<\/ul>\n<p style=\"color: rgb(34, 34, 34); font-family: Arial, Helvetica, sans-serif; font-size: small;\">Dieser detaillierte \u00dcberblick \u00fcber die SBC NRG+ Hi Power Batterieladeger\u00e4te unterstreicht ihre anspruchsvollen Funktionen und Spezifikationen und erm\u00f6glicht Bootsbesitzern, fundierte Entscheidungen bei der Auswahl zuverl\u00e4ssiger Ausr\u00fcstung f\u00fcr ihre Anforderungen zu treffen.<\/p>\n","protected":false},"excerpt":{"rendered":"<p>Batterieladeger\u00e4t Quick SBC 1950 NRG+ 24V 80A &#8211; Wir freuen uns, die SBC NRG+ Hi Power Batterieladeger\u00e4te vorzustellen, die f\u00fcr<\/p>\n","protected":false},"featured_media":5945457,"comment_status":"open","ping_status":"closed","template":"","meta":[],"product_brand":[3280],"product_cat":[1450],"product_tag":[],"class_list":{"0":"post-736979","1":"product","2":"type-product","3":"status-publish","4":"has-post-thumbnail","6":"product_brand-quick-de","7":"product_cat-batterieladegeraete","9":"first","10":"instock","11":"shipping-taxable","12":"purchasable","13":"product-type-simple"},"_links":{"self":[{"href":"https:\/\/stoic-curie.212-227-153-4.plesk.page\/de\/wp-json\/wp\/v2\/product\/736979","targetHints":{"allow":["GET"]}}],"collection":[{"href":"https:\/\/stoic-curie.212-227-153-4.plesk.page\/de\/wp-json\/wp\/v2\/product"}],"about":[{"href":"https:\/\/stoic-curie.212-227-153-4.plesk.page\/de\/wp-json\/wp\/v2\/types\/product"}],"replies":[{"embeddable":true,"href":"https:\/\/stoic-curie.212-227-153-4.plesk.page\/de\/wp-json\/wp\/v2\/comments?post=736979"}],"version-history":[{"count":0,"href":"https:\/\/stoic-curie.212-227-153-4.plesk.page\/de\/wp-json\/wp\/v2\/product\/736979\/revisions"}],"wp:featuredmedia":[{"embeddable":true,"href":"https:\/\/stoic-curie.212-227-153-4.plesk.page\/de\/wp-json\/wp\/v2\/media\/5945457"}],"wp:attachment":[{"href":"https:\/\/stoic-curie.212-227-153-4.plesk.page\/de\/wp-json\/wp\/v2\/media?parent=736979"}],"wp:term":[{"taxonomy":"product_brand","embeddable":true,"href":"https:\/\/stoic-curie.212-227-153-4.plesk.page\/de\/wp-json\/wp\/v2\/product_brand?post=736979"},{"taxonomy":"product_cat","embeddable":true,"href":"https:\/\/stoic-curie.212-227-153-4.plesk.page\/de\/wp-json\/wp\/v2\/product_cat?post=736979"},{"taxonomy":"product_tag","embeddable":true,"href":"https:\/\/stoic-curie.212-227-153-4.plesk.page\/de\/wp-json\/wp\/v2\/product_tag?post=736979"}],"curies":[{"name":"wp","href":"https:\/\/api.w.org\/{rel}","templated":true}]}}