{"id":736984,"date":"2025-03-03T16:34:46","date_gmt":"2025-03-03T15:34:46","guid":{"rendered":"https:\/\/stoic-curie.212-227-153-4.plesk.page\/producto\/led-lampe-dhr-14053-4-12-24v\/"},"modified":"2026-02-24T23:35:10","modified_gmt":"2026-02-24T23:35:10","slug":"led-lampe-dhr-14053-4-12-24v","status":"publish","type":"product","link":"https:\/\/stoic-curie.212-227-153-4.plesk.page\/de\/product\/led-lampe-dhr-14053-4-12-24v\/","title":{"rendered":"Ersatz-LED-Lampe f\u00fcr DHR 150"},"content":{"rendered":"<p>Ersatz-LED-Lampe f\u00fcr DHR 150 &#8211; <\/p>\n<p>Ersetzen Sie die LED-Lampe f\u00fcr DHR 150. DerSuchscheinwerfer der DHR150-Serie ist eine zeitlose Leuchte, die seit seiner Markteinf\u00fchrung in den 1960er Jahren in der Welt des Freizeitbootfahrens gesch\u00e4tzt wird. Mit der Weiterentwicklung der LED-Technologie hat DHR einen passierenden PAR46 LED-Ersatz f\u00fcr die 150-Serie eingef\u00fchrt, der keine speziellen Modifikationen f\u00fcr die Installation erfordert. Sie k\u00f6nnen das vorhandene Kabel problemlos mit dem LED-Einsatz verbinden, ohne zus\u00e4tzliche Werkzeuge zu ben\u00f6tigen.<\/p>\n<p>Dieser LED-Ersatz bietet eine beeindruckende Lichtst\u00e4rke von 200.000 Candela und verbraucht dabei nur 10 Watt, was die Leistung herk\u00f6mmlicher Gl\u00fchbirnen, die zwischen 100 und 250 Watt konsumieren, \u00fcbertrifft. Er funktioniert effizient innerhalb eines Spannungsbereichs von 10-32 VDC. DHR hat zudem ein einzigartiges optisches System entwickelt, das einen klaren, konzentrierten Strahl erzeugt und gleichzeitig Streulicht reduziert. Das schmale Strahlmuster positioniert den 150LED-Ersatz als eines der leistungsst\u00e4rksten kompakten Marine-Suchscheinwerfer in seiner Kategorie.<\/p>\n<p><strong>Direkte Ersatzlampen f\u00fcr die folgenden GE-Standstrahler:<\/strong><\/p>\n<ul>\n<li>PAR46 Sealed Beam GE4537-2<\/li>\n<li>PAR46 Sealed Beam GE4553<\/li>\n<\/ul>\n<p><strong>Materialien:<\/strong><\/p>\n<ul>\n<li>Geh\u00e4use aus geb\u00fcrstetem Edelstahl 316L<\/li>\n<li>Alle anderen Komponenten sind korrosionsbest\u00e4ndig und nicht magnetisch<\/li>\n<\/ul>\n<p><strong>Gewicht:<\/strong><\/p>\n<ul>\n<li>1,00 kg<\/li>\n<\/ul>\n<p><strong>Anwendung:<\/strong><\/p>\n<ul>\n<li>Geeignet f\u00fcr DHR150-Serie Suchscheinwerfer.<\/li>\n<\/ul>\n<p><strong>Optik:<\/strong><\/p>\n<ul>\n<li>LED-Einsatz<\/li>\n<\/ul>\n<p><strong>Schutzklasse:<\/strong><\/p>\n<ul>\n<li>IP66<\/li>\n<\/ul>\n<p><strong>Technische Daten:<\/strong><\/p>\n<ul>\n<li><strong>Modell:<\/strong> LED-Einsatz<\/li>\n<li><strong>Spannung:<\/strong> 10-32 VDC<\/li>\n<li><strong>Lampensockel:<\/strong> Klickanschluss<\/li>\n<li><strong>Leistung:<\/strong> 10W<\/li>\n<li><strong>Reichweite bei 1 Lux:<\/strong> 447m<\/li>\n<li><strong>Divergenz bei 50%:<\/strong> 3,5\u00b0 x 2,5\u00b0<\/li>\n<li><strong>Lichtintensit\u00e4t:<\/strong> 200.000 cd<\/li>\n<li><strong>Artikelcode:<\/strong> 150LED-INSERT<\/li>\n<\/ul>\n","protected":false},"excerpt":{"rendered":"<p>Ersatz-LED-Lampe f\u00fcr DHR 150 &#8211; Ersetzen Sie die LED-Lampe f\u00fcr DHR 150. DerSuchscheinwerfer der DHR150-Serie ist eine zeitlose Leuchte, die<\/p>\n","protected":false},"featured_media":5945484,"comment_status":"open","ping_status":"closed","template":"","meta":[],"product_brand":[2880],"product_cat":[1447],"product_tag":[],"class_list":{"0":"post-736984","1":"product","2":"type-product","3":"status-publish","4":"has-post-thumbnail","6":"product_brand-dhr-de","7":"product_cat-suchscheinwerfer-und-spotlights","9":"first","10":"instock","11":"shipping-taxable","12":"purchasable","13":"product-type-simple"},"_links":{"self":[{"href":"https:\/\/stoic-curie.212-227-153-4.plesk.page\/de\/wp-json\/wp\/v2\/product\/736984","targetHints":{"allow":["GET"]}}],"collection":[{"href":"https:\/\/stoic-curie.212-227-153-4.plesk.page\/de\/wp-json\/wp\/v2\/product"}],"about":[{"href":"https:\/\/stoic-curie.212-227-153-4.plesk.page\/de\/wp-json\/wp\/v2\/types\/product"}],"replies":[{"embeddable":true,"href":"https:\/\/stoic-curie.212-227-153-4.plesk.page\/de\/wp-json\/wp\/v2\/comments?post=736984"}],"version-history":[{"count":0,"href":"https:\/\/stoic-curie.212-227-153-4.plesk.page\/de\/wp-json\/wp\/v2\/product\/736984\/revisions"}],"wp:featuredmedia":[{"embeddable":true,"href":"https:\/\/stoic-curie.212-227-153-4.plesk.page\/de\/wp-json\/wp\/v2\/media\/5945484"}],"wp:attachment":[{"href":"https:\/\/stoic-curie.212-227-153-4.plesk.page\/de\/wp-json\/wp\/v2\/media?parent=736984"}],"wp:term":[{"taxonomy":"product_brand","embeddable":true,"href":"https:\/\/stoic-curie.212-227-153-4.plesk.page\/de\/wp-json\/wp\/v2\/product_brand?post=736984"},{"taxonomy":"product_cat","embeddable":true,"href":"https:\/\/stoic-curie.212-227-153-4.plesk.page\/de\/wp-json\/wp\/v2\/product_cat?post=736984"},{"taxonomy":"product_tag","embeddable":true,"href":"https:\/\/stoic-curie.212-227-153-4.plesk.page\/de\/wp-json\/wp\/v2\/product_tag?post=736984"}],"curies":[{"name":"wp","href":"https:\/\/api.w.org\/{rel}","templated":true}]}}