{"id":736988,"date":"2025-03-03T16:34:47","date_gmt":"2025-03-03T15:34:47","guid":{"rendered":"https:\/\/stoic-curie.212-227-153-4.plesk.page\/producto\/verstellbarer-led-scheinwerfer-ocean-pro-12v\/"},"modified":"2026-02-24T23:35:10","modified_gmt":"2026-02-24T23:35:10","slug":"verstellbarer-led-scheinwerfer-ocean-pro-12v","status":"publish","type":"product","link":"https:\/\/stoic-curie.212-227-153-4.plesk.page\/de\/product\/verstellbarer-led-scheinwerfer-ocean-pro-12v\/","title":{"rendered":"Verstellbarer LED-Scheinwerfer Ocean Pro 12V"},"content":{"rendered":"<p>Verstellbarer LED-Scheinwerfer Ocean Pro 12V &#8211; <\/p>\n<p>Verstellbare LED-Suchscheinwerfer mit kabelgebundenem wasserdichtem Bedienelement. Sto\u00dffest, UV-best\u00e4ndiger, wasserdichter Polymerk\u00f6rper. Mit doppeltem Lichtmodus: Spotlichtmodus und Flutlichtmodus. Abmessungen: 230 x 185 x H210 mm.<\/p>\n","protected":false},"excerpt":{"rendered":"<p>Verstellbarer LED-Scheinwerfer Ocean Pro 12V &#8211; Verstellbare LED-Suchscheinwerfer mit kabelgebundenem wasserdichtem Bedienelement. Sto\u00dffest, UV-best\u00e4ndiger, wasserdichter Polymerk\u00f6rper. Mit doppeltem Lichtmodus: Spotlichtmodus<\/p>\n","protected":false},"featured_media":5945500,"comment_status":"open","ping_status":"closed","template":"","meta":[],"product_brand":[3140],"product_cat":[1447],"product_tag":[],"class_list":{"0":"post-736988","1":"product","2":"type-product","3":"status-publish","4":"has-post-thumbnail","6":"product_brand-matromarine-de","7":"product_cat-suchscheinwerfer-und-spotlights","9":"first","10":"instock","11":"shipping-taxable","12":"purchasable","13":"product-type-simple"},"_links":{"self":[{"href":"https:\/\/stoic-curie.212-227-153-4.plesk.page\/de\/wp-json\/wp\/v2\/product\/736988","targetHints":{"allow":["GET"]}}],"collection":[{"href":"https:\/\/stoic-curie.212-227-153-4.plesk.page\/de\/wp-json\/wp\/v2\/product"}],"about":[{"href":"https:\/\/stoic-curie.212-227-153-4.plesk.page\/de\/wp-json\/wp\/v2\/types\/product"}],"replies":[{"embeddable":true,"href":"https:\/\/stoic-curie.212-227-153-4.plesk.page\/de\/wp-json\/wp\/v2\/comments?post=736988"}],"version-history":[{"count":0,"href":"https:\/\/stoic-curie.212-227-153-4.plesk.page\/de\/wp-json\/wp\/v2\/product\/736988\/revisions"}],"wp:featuredmedia":[{"embeddable":true,"href":"https:\/\/stoic-curie.212-227-153-4.plesk.page\/de\/wp-json\/wp\/v2\/media\/5945500"}],"wp:attachment":[{"href":"https:\/\/stoic-curie.212-227-153-4.plesk.page\/de\/wp-json\/wp\/v2\/media?parent=736988"}],"wp:term":[{"taxonomy":"product_brand","embeddable":true,"href":"https:\/\/stoic-curie.212-227-153-4.plesk.page\/de\/wp-json\/wp\/v2\/product_brand?post=736988"},{"taxonomy":"product_cat","embeddable":true,"href":"https:\/\/stoic-curie.212-227-153-4.plesk.page\/de\/wp-json\/wp\/v2\/product_cat?post=736988"},{"taxonomy":"product_tag","embeddable":true,"href":"https:\/\/stoic-curie.212-227-153-4.plesk.page\/de\/wp-json\/wp\/v2\/product_tag?post=736988"}],"curies":[{"name":"wp","href":"https:\/\/api.w.org\/{rel}","templated":true}]}}