{"id":736990,"date":"2025-03-03T16:34:48","date_gmt":"2025-03-03T15:34:48","guid":{"rendered":"https:\/\/stoic-curie.212-227-153-4.plesk.page\/producto\/ersatz-xenonbirne-12v-fuer-suchscheinwerfer\/"},"modified":"2026-02-24T23:35:10","modified_gmt":"2026-02-24T23:35:10","slug":"ersatz-xenonbirne-12v-fuer-suchscheinwerfer","status":"publish","type":"product","link":"https:\/\/stoic-curie.212-227-153-4.plesk.page\/de\/product\/ersatz-xenonbirne-12v-fuer-suchscheinwerfer\/","title":{"rendered":"Ersatz-Xenonbirne 12v f\u00fcr Suchscheinwerfer"},"content":{"rendered":"<p>Ersatz-Xenonbirne 12v f\u00fcr Suchscheinwerfer &#8211; <\/p>\n<p>Verstellbarer Scheinwerfer mit wasserdichtem Steuerpanel und 360\u00b0 x 70\u00b0 Auf-\/Abw\u00e4rtsdrehung. XENON-Dichtstrahl, 7-mal heller als ein Standard-Suchscheinwerfer. Abmessungen: 350 mm L\u00e4nge &#8211; 260 mm Breite &#8211; 320 mm H\u00f6he. Optionaler kabelloser Steuerung mit Plug-and-Play-Empf\u00e4nger und -Sender bis zu 35 m. Wenn installiert, ersetzt es das verkabelte Steuerpanel. Um beide zu nutzen, sollte das Dual-Station-Panel erworben werden.<\/p>\n","protected":false},"excerpt":{"rendered":"<p>Ersatz-Xenonbirne 12v f\u00fcr Suchscheinwerfer &#8211; Verstellbarer Scheinwerfer mit wasserdichtem Steuerpanel und 360\u00b0 x 70\u00b0 Auf-\/Abw\u00e4rtsdrehung. XENON-Dichtstrahl, 7-mal heller als ein<\/p>\n","protected":false},"featured_media":5939449,"comment_status":"open","ping_status":"closed","template":"","meta":[],"product_brand":[3140],"product_cat":[1447],"product_tag":[],"class_list":{"0":"post-736990","1":"product","2":"type-product","3":"status-publish","4":"has-post-thumbnail","6":"product_brand-matromarine-de","7":"product_cat-suchscheinwerfer-und-spotlights","9":"first","10":"instock","11":"shipping-taxable","12":"purchasable","13":"product-type-simple"},"_links":{"self":[{"href":"https:\/\/stoic-curie.212-227-153-4.plesk.page\/de\/wp-json\/wp\/v2\/product\/736990","targetHints":{"allow":["GET"]}}],"collection":[{"href":"https:\/\/stoic-curie.212-227-153-4.plesk.page\/de\/wp-json\/wp\/v2\/product"}],"about":[{"href":"https:\/\/stoic-curie.212-227-153-4.plesk.page\/de\/wp-json\/wp\/v2\/types\/product"}],"replies":[{"embeddable":true,"href":"https:\/\/stoic-curie.212-227-153-4.plesk.page\/de\/wp-json\/wp\/v2\/comments?post=736990"}],"version-history":[{"count":0,"href":"https:\/\/stoic-curie.212-227-153-4.plesk.page\/de\/wp-json\/wp\/v2\/product\/736990\/revisions"}],"wp:featuredmedia":[{"embeddable":true,"href":"https:\/\/stoic-curie.212-227-153-4.plesk.page\/de\/wp-json\/wp\/v2\/media\/5939449"}],"wp:attachment":[{"href":"https:\/\/stoic-curie.212-227-153-4.plesk.page\/de\/wp-json\/wp\/v2\/media?parent=736990"}],"wp:term":[{"taxonomy":"product_brand","embeddable":true,"href":"https:\/\/stoic-curie.212-227-153-4.plesk.page\/de\/wp-json\/wp\/v2\/product_brand?post=736990"},{"taxonomy":"product_cat","embeddable":true,"href":"https:\/\/stoic-curie.212-227-153-4.plesk.page\/de\/wp-json\/wp\/v2\/product_cat?post=736990"},{"taxonomy":"product_tag","embeddable":true,"href":"https:\/\/stoic-curie.212-227-153-4.plesk.page\/de\/wp-json\/wp\/v2\/product_tag?post=736990"}],"curies":[{"name":"wp","href":"https:\/\/api.w.org\/{rel}","templated":true}]}}