{"id":736991,"date":"2025-03-03T16:34:48","date_gmt":"2025-03-03T15:34:48","guid":{"rendered":"https:\/\/stoic-curie.212-227-153-4.plesk.page\/producto\/edelstahl-led-suchscheinwerfer-dhr-180cb-12-24-v\/"},"modified":"2026-02-24T23:35:10","modified_gmt":"2026-02-24T23:35:10","slug":"edelstahl-led-suchscheinwerfer-dhr-180cb-12-24-v","status":"publish","type":"product","link":"https:\/\/stoic-curie.212-227-153-4.plesk.page\/de\/product\/edelstahl-led-suchscheinwerfer-dhr-180cb-12-24-v\/","title":{"rendered":"Edelstahl-Suchscheinwerfer DHR 180CB-LED"},"content":{"rendered":"<p>Edelstahl-Suchscheinwerfer DHR 180CB-LED &#8211; <\/p>\n<p style=\"color: rgb(34, 34, 34); font-family: Arial, Helvetica, sans-serif; font-size: small;\">Wir pr\u00e4sentieren die DHR LED Suchscheinwerfer-Serie 180, die f\u00fcr den professionellen Einsatz konzipiert wurde. Dieser Suchscheinwerfer verf\u00fcgt \u00fcber ein spiegelpoliertes Geh\u00e4use aus 316 Edelstahl und arbeitet im Spannungsbereich von 10-32V. Er ist kabinensteuerbar und verstellbar, was die Handhabung erleichtert. Alle Komponenten sind so konstruiert, dass sie Vibrationen und Korrosion widerstehen und nicht magnetisch sind.<\/p>\n<p style=\"color: rgb(34, 34, 34); font-family: Arial, Helvetica, sans-serif; font-size: small;\">Der Suchscheinwerfer erzeugt einen konzentrierten Spotstrahl mit einer Reichweite von bis zu 600 Metern, was eine hervorragende Sichtbarkeit garantiert.<\/p>\n<p style=\"color: rgb(34, 34, 34); font-family: Arial, Helvetica, sans-serif; font-size: small;\">Wesentliche Spezifikationen:<\/p>\n<ul style=\"color: rgb(34, 34, 34); font-family: Arial, Helvetica, sans-serif; font-size: small;\">\n<li><strong>Modell:<\/strong>&nbsp;DHR180CB-LED<\/li>\n<li><strong>Spannungsbereich:<\/strong>&nbsp;10-32 VDC<\/li>\n<li><strong>Leistung:<\/strong>&nbsp;20 W<\/li>\n<li><strong>Lichtquelle:<\/strong>&nbsp;LED<\/li>\n<li><strong>Helligkeitsst\u00e4rke:<\/strong>&nbsp;350.000 cd<\/li>\n<li><strong>Lichtstrom:<\/strong>&nbsp;2500 lm<\/li>\n<li><strong>Reichweite bei 1 Lux:<\/strong>&nbsp;548 m<\/li>\n<li><strong>Strahldurchmesser:<\/strong>&nbsp;3,5\u00b0 x 2,5\u00b0<\/li>\n<li><strong>Gewicht:<\/strong>&nbsp;3,2 kg<\/li>\n<li><strong>IP-Bewertung:<\/strong>&nbsp;IP56<\/li>\n<\/ul>\n<p style=\"color: rgb(34, 34, 34); font-family: Arial, Helvetica, sans-serif; font-size: small;\">Dieser Suchscheinwerfer ist perfekt f\u00fcr alle, die zuverl\u00e4ssige und leistungsstarke Beleuchtung auf dem Wasser ben\u00f6tigen.<\/p>\n","protected":false},"excerpt":{"rendered":"<p>Edelstahl-Suchscheinwerfer DHR 180CB-LED &#8211; Wir pr\u00e4sentieren die DHR LED Suchscheinwerfer-Serie 180, die f\u00fcr den professionellen Einsatz konzipiert wurde. Dieser Suchscheinwerfer<\/p>\n","protected":false},"featured_media":5945506,"comment_status":"open","ping_status":"closed","template":"","meta":[],"product_brand":[2880],"product_cat":[1447],"product_tag":[],"class_list":{"0":"post-736991","1":"product","2":"type-product","3":"status-publish","4":"has-post-thumbnail","6":"product_brand-dhr-de","7":"product_cat-suchscheinwerfer-und-spotlights","9":"first","10":"outofstock","11":"shipping-taxable","12":"purchasable","13":"product-type-simple"},"_links":{"self":[{"href":"https:\/\/stoic-curie.212-227-153-4.plesk.page\/de\/wp-json\/wp\/v2\/product\/736991","targetHints":{"allow":["GET"]}}],"collection":[{"href":"https:\/\/stoic-curie.212-227-153-4.plesk.page\/de\/wp-json\/wp\/v2\/product"}],"about":[{"href":"https:\/\/stoic-curie.212-227-153-4.plesk.page\/de\/wp-json\/wp\/v2\/types\/product"}],"replies":[{"embeddable":true,"href":"https:\/\/stoic-curie.212-227-153-4.plesk.page\/de\/wp-json\/wp\/v2\/comments?post=736991"}],"version-history":[{"count":0,"href":"https:\/\/stoic-curie.212-227-153-4.plesk.page\/de\/wp-json\/wp\/v2\/product\/736991\/revisions"}],"wp:featuredmedia":[{"embeddable":true,"href":"https:\/\/stoic-curie.212-227-153-4.plesk.page\/de\/wp-json\/wp\/v2\/media\/5945506"}],"wp:attachment":[{"href":"https:\/\/stoic-curie.212-227-153-4.plesk.page\/de\/wp-json\/wp\/v2\/media?parent=736991"}],"wp:term":[{"taxonomy":"product_brand","embeddable":true,"href":"https:\/\/stoic-curie.212-227-153-4.plesk.page\/de\/wp-json\/wp\/v2\/product_brand?post=736991"},{"taxonomy":"product_cat","embeddable":true,"href":"https:\/\/stoic-curie.212-227-153-4.plesk.page\/de\/wp-json\/wp\/v2\/product_cat?post=736991"},{"taxonomy":"product_tag","embeddable":true,"href":"https:\/\/stoic-curie.212-227-153-4.plesk.page\/de\/wp-json\/wp\/v2\/product_tag?post=736991"}],"curies":[{"name":"wp","href":"https:\/\/api.w.org\/{rel}","templated":true}]}}