{"id":736992,"date":"2025-03-03T16:34:48","date_gmt":"2025-03-03T15:34:48","guid":{"rendered":"https:\/\/stoic-curie.212-227-153-4.plesk.page\/producto\/led-licht-submersible-blau-6-x-10w-94-mm\/"},"modified":"2026-02-24T23:35:10","modified_gmt":"2026-02-24T23:35:10","slug":"led-licht-submersible-blau-6-x-10w-94-mm","status":"publish","type":"product","link":"https:\/\/stoic-curie.212-227-153-4.plesk.page\/de\/product\/led-licht-submersible-blau-6-x-10w-94-mm\/","title":{"rendered":"LED-Licht Submersible Blau 6 x 10W 94 mm"},"content":{"rendered":"<p>LED-Licht Submersible Blau 6 x 10W 94 mm &#8211; <\/p>\n<p>Universelles 9-32V-Netzteil mit hoher Lichtleistung f\u00fcr LED-Unterwasserlicht. IP68 wasserdichtes Geh\u00e4use aus 316 Edelstahl mit silikonversiegelter Elektronik. Mit integriertem Treiber und \u00dcberhitzungsschutz. 1,5 m elektrisches Kabel.<\/p>\n","protected":false},"excerpt":{"rendered":"<p>LED-Licht Submersible Blau 6 x 10W 94 mm &#8211; Universelles 9-32V-Netzteil mit hoher Lichtleistung f\u00fcr LED-Unterwasserlicht. IP68 wasserdichtes Geh\u00e4use aus<\/p>\n","protected":false},"featured_media":5944290,"comment_status":"open","ping_status":"closed","template":"","meta":[],"product_brand":[3220],"product_cat":[1444],"product_tag":[],"class_list":{"0":"post-736992","1":"product","2":"type-product","3":"status-publish","4":"has-post-thumbnail","6":"product_brand-oceanled-de","7":"product_cat-unterwasser-led-leuchten","9":"first","10":"instock","11":"shipping-taxable","12":"purchasable","13":"product-type-simple"},"_links":{"self":[{"href":"https:\/\/stoic-curie.212-227-153-4.plesk.page\/de\/wp-json\/wp\/v2\/product\/736992","targetHints":{"allow":["GET"]}}],"collection":[{"href":"https:\/\/stoic-curie.212-227-153-4.plesk.page\/de\/wp-json\/wp\/v2\/product"}],"about":[{"href":"https:\/\/stoic-curie.212-227-153-4.plesk.page\/de\/wp-json\/wp\/v2\/types\/product"}],"replies":[{"embeddable":true,"href":"https:\/\/stoic-curie.212-227-153-4.plesk.page\/de\/wp-json\/wp\/v2\/comments?post=736992"}],"version-history":[{"count":0,"href":"https:\/\/stoic-curie.212-227-153-4.plesk.page\/de\/wp-json\/wp\/v2\/product\/736992\/revisions"}],"wp:featuredmedia":[{"embeddable":true,"href":"https:\/\/stoic-curie.212-227-153-4.plesk.page\/de\/wp-json\/wp\/v2\/media\/5944290"}],"wp:attachment":[{"href":"https:\/\/stoic-curie.212-227-153-4.plesk.page\/de\/wp-json\/wp\/v2\/media?parent=736992"}],"wp:term":[{"taxonomy":"product_brand","embeddable":true,"href":"https:\/\/stoic-curie.212-227-153-4.plesk.page\/de\/wp-json\/wp\/v2\/product_brand?post=736992"},{"taxonomy":"product_cat","embeddable":true,"href":"https:\/\/stoic-curie.212-227-153-4.plesk.page\/de\/wp-json\/wp\/v2\/product_cat?post=736992"},{"taxonomy":"product_tag","embeddable":true,"href":"https:\/\/stoic-curie.212-227-153-4.plesk.page\/de\/wp-json\/wp\/v2\/product_tag?post=736992"}],"curies":[{"name":"wp","href":"https:\/\/api.w.org\/{rel}","templated":true}]}}