{"id":737001,"date":"2025-03-03T16:34:50","date_gmt":"2025-03-03T15:34:50","guid":{"rendered":"https:\/\/stoic-curie.212-227-153-4.plesk.page\/producto\/elliptische-led-domleuchte-12-24v-136-x-h18mm\/"},"modified":"2026-02-24T23:35:10","modified_gmt":"2026-02-24T23:35:10","slug":"elliptische-led-domleuchte-12-24v-136-x-h18mm","status":"publish","type":"product","link":"https:\/\/stoic-curie.212-227-153-4.plesk.page\/de\/product\/elliptische-led-domleuchte-12-24v-136-x-h18mm\/","title":{"rendered":"Elliptische LED-Domleuchte 12\/24V 136 x H18mm"},"content":{"rendered":"<p>Elliptische LED-Domleuchte 12\/24V 136 x H18mm &#8211; <\/p>\n<p>Oberfl\u00e4chenmontierte Tecnopolymer-Geh\u00e4use IP67 wasserdichtes LED-Domlicht. Stromversorgung 10-30V bei 12W mit 5000 K\u00c2\u00b0 Tageslichtwei\u00df.<\/p>\n","protected":false},"excerpt":{"rendered":"<p>Elliptische LED-Domleuchte 12\/24V 136 x H18mm &#8211; Oberfl\u00e4chenmontierte Tecnopolymer-Geh\u00e4use IP67 wasserdichtes LED-Domlicht. Stromversorgung 10-30V bei 12W mit 5000 K\u00c2\u00b0 Tageslichtwei\u00df.<\/p>\n","protected":false},"featured_media":5945517,"comment_status":"open","ping_status":"closed","template":"","meta":[],"product_brand":[3220],"product_cat":[1452],"product_tag":[],"class_list":{"0":"post-737001","1":"product","2":"type-product","3":"status-publish","4":"has-post-thumbnail","6":"product_brand-oceanled-de","7":"product_cat-bootsbeleuchtung","9":"first","10":"instock","11":"shipping-taxable","12":"purchasable","13":"product-type-simple"},"_links":{"self":[{"href":"https:\/\/stoic-curie.212-227-153-4.plesk.page\/de\/wp-json\/wp\/v2\/product\/737001","targetHints":{"allow":["GET"]}}],"collection":[{"href":"https:\/\/stoic-curie.212-227-153-4.plesk.page\/de\/wp-json\/wp\/v2\/product"}],"about":[{"href":"https:\/\/stoic-curie.212-227-153-4.plesk.page\/de\/wp-json\/wp\/v2\/types\/product"}],"replies":[{"embeddable":true,"href":"https:\/\/stoic-curie.212-227-153-4.plesk.page\/de\/wp-json\/wp\/v2\/comments?post=737001"}],"version-history":[{"count":0,"href":"https:\/\/stoic-curie.212-227-153-4.plesk.page\/de\/wp-json\/wp\/v2\/product\/737001\/revisions"}],"wp:featuredmedia":[{"embeddable":true,"href":"https:\/\/stoic-curie.212-227-153-4.plesk.page\/de\/wp-json\/wp\/v2\/media\/5945517"}],"wp:attachment":[{"href":"https:\/\/stoic-curie.212-227-153-4.plesk.page\/de\/wp-json\/wp\/v2\/media?parent=737001"}],"wp:term":[{"taxonomy":"product_brand","embeddable":true,"href":"https:\/\/stoic-curie.212-227-153-4.plesk.page\/de\/wp-json\/wp\/v2\/product_brand?post=737001"},{"taxonomy":"product_cat","embeddable":true,"href":"https:\/\/stoic-curie.212-227-153-4.plesk.page\/de\/wp-json\/wp\/v2\/product_cat?post=737001"},{"taxonomy":"product_tag","embeddable":true,"href":"https:\/\/stoic-curie.212-227-153-4.plesk.page\/de\/wp-json\/wp\/v2\/product_tag?post=737001"}],"curies":[{"name":"wp","href":"https:\/\/api.w.org\/{rel}","templated":true}]}}