{"id":737005,"date":"2025-03-03T16:34:51","date_gmt":"2025-03-03T15:34:51","guid":{"rendered":"https:\/\/stoic-curie.212-227-153-4.plesk.page\/producto\/laser-hypsometer-nikon-coolshot-20\/"},"modified":"2026-02-24T23:35:10","modified_gmt":"2026-02-24T23:35:10","slug":"laser-hypsometer-nikon-coolshot-20","status":"publish","type":"product","link":"https:\/\/stoic-curie.212-227-153-4.plesk.page\/de\/product\/laser-hypsometer-nikon-coolshot-20\/","title":{"rendered":"Laser-Hypsometer Nikon coolshot 20"},"content":{"rendered":"<p>Laser-Hypsometer Nikon coolshot 20 &#8211; <\/p>\n<p>Der Graduierte Laser-Entfernungsmesser misst jede Distanz, selbst von mehreren Objekten gleichzeitig. Er ist wasserdicht, kompakt, widerstandsf\u00e4hig und leicht, was ihn ideal f\u00fcr nautische und sportliche Aktivit\u00e4ten macht. Messbereich: 5 bis 730 m. Hochwertiges Monokular mit Mehrfachbeschichtung f\u00fcr helle Bilder und R\u00fcckprojektion f\u00fcr ein klares Sichtfeld, auch f\u00fcr Brillentr\u00e4ger.<\/p>\n","protected":false},"excerpt":{"rendered":"<p>Laser-Hypsometer Nikon coolshot 20 &#8211; Der Graduierte Laser-Entfernungsmesser misst jede Distanz, selbst von mehreren Objekten gleichzeitig. Er ist wasserdicht, kompakt,<\/p>\n","protected":false},"featured_media":5945530,"comment_status":"open","ping_status":"closed","template":"","meta":[],"product_brand":[3195],"product_cat":[1492],"product_tag":[],"class_list":{"0":"post-737005","1":"product","2":"type-product","3":"status-publish","4":"has-post-thumbnail","6":"product_brand-nikon-marine-de","7":"product_cat-marina-fernglaeser","9":"first","10":"outofstock","11":"shipping-taxable","12":"purchasable","13":"product-type-simple"},"_links":{"self":[{"href":"https:\/\/stoic-curie.212-227-153-4.plesk.page\/de\/wp-json\/wp\/v2\/product\/737005","targetHints":{"allow":["GET"]}}],"collection":[{"href":"https:\/\/stoic-curie.212-227-153-4.plesk.page\/de\/wp-json\/wp\/v2\/product"}],"about":[{"href":"https:\/\/stoic-curie.212-227-153-4.plesk.page\/de\/wp-json\/wp\/v2\/types\/product"}],"replies":[{"embeddable":true,"href":"https:\/\/stoic-curie.212-227-153-4.plesk.page\/de\/wp-json\/wp\/v2\/comments?post=737005"}],"version-history":[{"count":0,"href":"https:\/\/stoic-curie.212-227-153-4.plesk.page\/de\/wp-json\/wp\/v2\/product\/737005\/revisions"}],"wp:featuredmedia":[{"embeddable":true,"href":"https:\/\/stoic-curie.212-227-153-4.plesk.page\/de\/wp-json\/wp\/v2\/media\/5945530"}],"wp:attachment":[{"href":"https:\/\/stoic-curie.212-227-153-4.plesk.page\/de\/wp-json\/wp\/v2\/media?parent=737005"}],"wp:term":[{"taxonomy":"product_brand","embeddable":true,"href":"https:\/\/stoic-curie.212-227-153-4.plesk.page\/de\/wp-json\/wp\/v2\/product_brand?post=737005"},{"taxonomy":"product_cat","embeddable":true,"href":"https:\/\/stoic-curie.212-227-153-4.plesk.page\/de\/wp-json\/wp\/v2\/product_cat?post=737005"},{"taxonomy":"product_tag","embeddable":true,"href":"https:\/\/stoic-curie.212-227-153-4.plesk.page\/de\/wp-json\/wp\/v2\/product_tag?post=737005"}],"curies":[{"name":"wp","href":"https:\/\/api.w.org\/{rel}","templated":true}]}}