{"id":737009,"date":"2025-03-03T16:34:52","date_gmt":"2025-03-03T15:34:52","guid":{"rendered":"https:\/\/stoic-curie.212-227-153-4.plesk.page\/producto\/tragbarer-anemometer-thermometer-skywatch-meteos\/"},"modified":"2026-02-24T23:35:10","modified_gmt":"2026-02-24T23:35:10","slug":"tragbarer-anemometer-thermometer-skywatch-meteos","status":"publish","type":"product","link":"https:\/\/stoic-curie.212-227-153-4.plesk.page\/de\/product\/tragbarer-anemometer-thermometer-skywatch-meteos\/","title":{"rendered":"Tragbarer Anemometer-Thermometer Skywatch Meteos"},"content":{"rendered":"<p>Tragbarer Anemometer-Thermometer Skywatch Meteos &#8211; <\/p>\n<p>Meteos ist ein Anemometer-Thermometer mit einem 54 mm Propeller, der in der Lage ist, die Windst\u00e4rke unabh\u00e4ngig von der Richtung genau zu messen. Meteos kann die vom Menschen wahrgenommene Temperatur schnell und pr\u00e4zise bereitstellen. Dank der Hintergrundbeleuchtung des Displays kann es auch unter schwierigen Lichtverh\u00e4ltnissen verwendet werden. Es kann ins Wasser fallen, ohne zu sinken. Windmess-Einheiten: km\/h, mph, m\/s, fps, Knoten und bts.<\/p>\n","protected":false},"excerpt":{"rendered":"<p>Tragbarer Anemometer-Thermometer Skywatch Meteos &#8211; Meteos ist ein Anemometer-Thermometer mit einem 54 mm Propeller, der in der Lage ist, die<\/p>\n","protected":false},"featured_media":5945534,"comment_status":"open","ping_status":"closed","template":"","meta":[],"product_brand":[3405],"product_cat":[1457,1490],"product_tag":[],"class_list":{"0":"post-737009","1":"product","2":"type-product","3":"status-publish","4":"has-post-thumbnail","6":"product_brand-skywatch-de","7":"product_cat-bootelektronik","8":"product_cat-nautische-instrumente","10":"first","11":"instock","12":"shipping-taxable","13":"purchasable","14":"product-type-simple"},"_links":{"self":[{"href":"https:\/\/stoic-curie.212-227-153-4.plesk.page\/de\/wp-json\/wp\/v2\/product\/737009","targetHints":{"allow":["GET"]}}],"collection":[{"href":"https:\/\/stoic-curie.212-227-153-4.plesk.page\/de\/wp-json\/wp\/v2\/product"}],"about":[{"href":"https:\/\/stoic-curie.212-227-153-4.plesk.page\/de\/wp-json\/wp\/v2\/types\/product"}],"replies":[{"embeddable":true,"href":"https:\/\/stoic-curie.212-227-153-4.plesk.page\/de\/wp-json\/wp\/v2\/comments?post=737009"}],"version-history":[{"count":0,"href":"https:\/\/stoic-curie.212-227-153-4.plesk.page\/de\/wp-json\/wp\/v2\/product\/737009\/revisions"}],"wp:featuredmedia":[{"embeddable":true,"href":"https:\/\/stoic-curie.212-227-153-4.plesk.page\/de\/wp-json\/wp\/v2\/media\/5945534"}],"wp:attachment":[{"href":"https:\/\/stoic-curie.212-227-153-4.plesk.page\/de\/wp-json\/wp\/v2\/media?parent=737009"}],"wp:term":[{"taxonomy":"product_brand","embeddable":true,"href":"https:\/\/stoic-curie.212-227-153-4.plesk.page\/de\/wp-json\/wp\/v2\/product_brand?post=737009"},{"taxonomy":"product_cat","embeddable":true,"href":"https:\/\/stoic-curie.212-227-153-4.plesk.page\/de\/wp-json\/wp\/v2\/product_cat?post=737009"},{"taxonomy":"product_tag","embeddable":true,"href":"https:\/\/stoic-curie.212-227-153-4.plesk.page\/de\/wp-json\/wp\/v2\/product_tag?post=737009"}],"curies":[{"name":"wp","href":"https:\/\/api.w.org\/{rel}","templated":true}]}}