{"id":737022,"date":"2025-03-03T16:34:55","date_gmt":"2025-03-03T15:34:55","guid":{"rendered":"https:\/\/stoic-curie.212-227-153-4.plesk.page\/producto\/analoges-amperemeter-mit-shunt-ecms-schwarz-8080a-52-mm\/"},"modified":"2026-02-24T23:35:10","modified_gmt":"2026-02-24T23:35:10","slug":"analoges-amperemeter-mit-shunt-ecms-schwarz-8080a-52-mm","status":"publish","type":"product","link":"https:\/\/stoic-curie.212-227-153-4.plesk.page\/de\/product\/analoges-amperemeter-mit-shunt-ecms-schwarz-8080a-52-mm\/","title":{"rendered":"Analoges Amperemeter mit Shunt ECMS Schwarz -80+80A 52 mm"},"content":{"rendered":"<p>Analoges Amperemeter mit Shunt ECMS Schwarz -80+80A 52 mm &#8211; <\/p>\n<p>Ecms 12\/24V All Black Instrumente, komplett mit verkabeltem Molex-Anschluss. Schwarzer Edelstahlrahmen und schwarzes Zifferblatt. Wasserdichte IP67 gesch\u00fctzte gew\u00f6lbte, beschlagfreie Linse. Anpassbares mehrfarbiges LED-hintergrundbeleuchtetes Zifferblatt. Die Pegelmesser k\u00f6nnen \u00fcber die Konfigurationstaste auf der R\u00fcckseite auf jeden Impedanzwert eingestellt werden. Sie sind auf den Standardwert 0-190 Ohm voreingestellt. Die 5 und 10 bar \u00d6ldruckmesser sind mit Standard-Sensoren (10-180 Ohm) kompatibel, w\u00e4hrend das 30 bar-Modell nur mit elektronischen Sensoren (0,5-4,5V) kompatibel ist. Die Amperemeter werden mit Sensor (Shunt) zur Strommessung geliefert.<\/p>\n","protected":false},"excerpt":{"rendered":"<p>Analoges Amperemeter mit Shunt ECMS Schwarz -80+80A 52 mm &#8211; Ecms 12\/24V All Black Instrumente, komplett mit verkabeltem Molex-Anschluss. Schwarzer<\/p>\n","protected":false},"featured_media":5942910,"comment_status":"open","ping_status":"closed","template":"","meta":[],"product_brand":[2910],"product_cat":[1442,1524],"product_tag":[],"class_list":{"0":"post-737022","1":"product","2":"type-product","3":"status-publish","4":"has-post-thumbnail","6":"product_brand-ecms-marine-de","7":"product_cat-bootsbatterien","8":"product_cat-ecms-messgeraete","10":"first","11":"instock","12":"shipping-taxable","13":"purchasable","14":"product-type-simple"},"_links":{"self":[{"href":"https:\/\/stoic-curie.212-227-153-4.plesk.page\/de\/wp-json\/wp\/v2\/product\/737022","targetHints":{"allow":["GET"]}}],"collection":[{"href":"https:\/\/stoic-curie.212-227-153-4.plesk.page\/de\/wp-json\/wp\/v2\/product"}],"about":[{"href":"https:\/\/stoic-curie.212-227-153-4.plesk.page\/de\/wp-json\/wp\/v2\/types\/product"}],"replies":[{"embeddable":true,"href":"https:\/\/stoic-curie.212-227-153-4.plesk.page\/de\/wp-json\/wp\/v2\/comments?post=737022"}],"version-history":[{"count":0,"href":"https:\/\/stoic-curie.212-227-153-4.plesk.page\/de\/wp-json\/wp\/v2\/product\/737022\/revisions"}],"wp:featuredmedia":[{"embeddable":true,"href":"https:\/\/stoic-curie.212-227-153-4.plesk.page\/de\/wp-json\/wp\/v2\/media\/5942910"}],"wp:attachment":[{"href":"https:\/\/stoic-curie.212-227-153-4.plesk.page\/de\/wp-json\/wp\/v2\/media?parent=737022"}],"wp:term":[{"taxonomy":"product_brand","embeddable":true,"href":"https:\/\/stoic-curie.212-227-153-4.plesk.page\/de\/wp-json\/wp\/v2\/product_brand?post=737022"},{"taxonomy":"product_cat","embeddable":true,"href":"https:\/\/stoic-curie.212-227-153-4.plesk.page\/de\/wp-json\/wp\/v2\/product_cat?post=737022"},{"taxonomy":"product_tag","embeddable":true,"href":"https:\/\/stoic-curie.212-227-153-4.plesk.page\/de\/wp-json\/wp\/v2\/product_tag?post=737022"}],"curies":[{"name":"wp","href":"https:\/\/api.w.org\/{rel}","templated":true}]}}