{"id":737023,"date":"2025-03-03T16:34:55","date_gmt":"2025-03-03T15:34:55","guid":{"rendered":"https:\/\/stoic-curie.212-227-153-4.plesk.page\/producto\/analoges-amperemeter-mit-shunt-ecms-schwarz-und-verchromt-8080a-52-mm\/"},"modified":"2026-02-24T23:35:10","modified_gmt":"2026-02-24T23:35:10","slug":"analoges-amperemeter-mit-shunt-ecms-schwarz-und-verchromt-8080a-52-mm","status":"publish","type":"product","link":"https:\/\/stoic-curie.212-227-153-4.plesk.page\/de\/product\/analoges-amperemeter-mit-shunt-ecms-schwarz-und-verchromt-8080a-52-mm\/","title":{"rendered":"Analoges Amperemeter mit Shunt ECMS Schwarz und verchromt -80+80A 52 mm"},"content":{"rendered":"<p>Analoges Amperemeter mit Shunt ECMS Schwarz und verchromt -80+80A 52 mm &#8211; <\/p>\n<p>Ecms Black Chrome 12\/24V Instrumente komplett mit verkabeltem Molex-Stecker. Poliertes Edelstahl-Geh\u00e4use und schwarzes Zifferblatt. Wasserdicht mit IP67 gesch\u00fctzter gew\u00f6lbter, nebelbest\u00e4ndiger Linse. Anpassbares mehrfarbiges LED-hinterleuchtetes Zifferblatt. Die Niveaumesser k\u00f6nnen \u00fcber die R\u00fcckseite mit der Konfigurationstaste auf jeden Impedanzwert eingestellt werden. Sie sind auf den Standardwert von 0-190 Ohm voreingestellt. Die 5 und 10 bar \u00d6ldruckmesser sind mit Standardsensoren (10-180 Ohm) kompatibel, w\u00e4hrend der 30 bar nur mit elektronischen Sensoren (0,5-4,5V) kompatibel ist. Die Amperemeter sind mit einem Sensor (Shunt) zum Messen des Stroms ausgestattet.<\/p>\n","protected":false},"excerpt":{"rendered":"<p>Analoges Amperemeter mit Shunt ECMS Schwarz und verchromt -80+80A 52 mm &#8211; Ecms Black Chrome 12\/24V Instrumente komplett mit verkabeltem<\/p>\n","protected":false},"featured_media":5942305,"comment_status":"open","ping_status":"closed","template":"","meta":[],"product_brand":[2910],"product_cat":[1442,1524],"product_tag":[],"class_list":{"0":"post-737023","1":"product","2":"type-product","3":"status-publish","4":"has-post-thumbnail","6":"product_brand-ecms-marine-de","7":"product_cat-bootsbatterien","8":"product_cat-ecms-messgeraete","10":"first","11":"instock","12":"shipping-taxable","13":"purchasable","14":"product-type-simple"},"_links":{"self":[{"href":"https:\/\/stoic-curie.212-227-153-4.plesk.page\/de\/wp-json\/wp\/v2\/product\/737023","targetHints":{"allow":["GET"]}}],"collection":[{"href":"https:\/\/stoic-curie.212-227-153-4.plesk.page\/de\/wp-json\/wp\/v2\/product"}],"about":[{"href":"https:\/\/stoic-curie.212-227-153-4.plesk.page\/de\/wp-json\/wp\/v2\/types\/product"}],"replies":[{"embeddable":true,"href":"https:\/\/stoic-curie.212-227-153-4.plesk.page\/de\/wp-json\/wp\/v2\/comments?post=737023"}],"version-history":[{"count":0,"href":"https:\/\/stoic-curie.212-227-153-4.plesk.page\/de\/wp-json\/wp\/v2\/product\/737023\/revisions"}],"wp:featuredmedia":[{"embeddable":true,"href":"https:\/\/stoic-curie.212-227-153-4.plesk.page\/de\/wp-json\/wp\/v2\/media\/5942305"}],"wp:attachment":[{"href":"https:\/\/stoic-curie.212-227-153-4.plesk.page\/de\/wp-json\/wp\/v2\/media?parent=737023"}],"wp:term":[{"taxonomy":"product_brand","embeddable":true,"href":"https:\/\/stoic-curie.212-227-153-4.plesk.page\/de\/wp-json\/wp\/v2\/product_brand?post=737023"},{"taxonomy":"product_cat","embeddable":true,"href":"https:\/\/stoic-curie.212-227-153-4.plesk.page\/de\/wp-json\/wp\/v2\/product_cat?post=737023"},{"taxonomy":"product_tag","embeddable":true,"href":"https:\/\/stoic-curie.212-227-153-4.plesk.page\/de\/wp-json\/wp\/v2\/product_tag?post=737023"}],"curies":[{"name":"wp","href":"https:\/\/api.w.org\/{rel}","templated":true}]}}