{"id":737033,"date":"2025-03-03T16:34:57","date_gmt":"2025-03-03T15:34:57","guid":{"rendered":"https:\/\/stoic-curie.212-227-153-4.plesk.page\/producto\/vhf-icom-ic-m423ge\/"},"modified":"2026-02-24T23:35:10","modified_gmt":"2026-02-24T23:35:10","slug":"vhf-icom-ic-m423ge","status":"publish","type":"product","link":"https:\/\/stoic-curie.212-227-153-4.plesk.page\/de\/product\/vhf-icom-ic-m423ge\/","title":{"rendered":"VHF Icom IC-M423GE"},"content":{"rendered":"<p>VHF Icom IC-M423GE &#8211; <\/p>\n<p>Fest montierte ICOM IC-M423GE Klasse D DSC VHF mit Mikrofon und externem GPS. Mit beleuchtetem LCD-Display, IPx7 wasserdichtem Geh\u00e4use, Dual-\/Tri-Watch-Funktion, aktivem Ger\u00e4uschunterdr\u00fccker (ANC), Audioverst\u00e4rker (PA), 10W Nebelsirene, AIS-Zielruf-Funktion: erm\u00f6glicht es Ihnen, einen individuellen DSC-Anruf einzurichten, ohne eine MMSI-Nummer eingeben zu m\u00fcssen, und Aqua Quake-Funktion, die es erm\u00f6glicht, Wasserreste im Lautsprechergrill zu entfernen. Mit NMEA0183-Konnektivit\u00e4t, um DSC-Signale von anderen Schiffen zu empfangen und das VHF als Alarmwarnung von anderen Ger\u00e4ten zu verwenden. Mit AIS-Transponder-Vorbereitung. Das optionale HM-195GB Commandmic-Fernmikrofon kann auch als Intercom verwendet werden und f\u00fcr den Versand von DSC-Anrufen \u00fcber die Notruftaste. Mit GPS-Antenne und 5 m Kabel, Montagehalterung, Schrauben, Stromversorgungskabel und Benutzerhandbuch. Entspricht den EN300388-Standards. Abmessungen: 180 x 120 x H82 mm.<\/p>\n","protected":false},"excerpt":{"rendered":"<p>VHF Icom IC-M423GE &#8211; Fest montierte ICOM IC-M423GE Klasse D DSC VHF mit Mikrofon und externem GPS. Mit beleuchtetem LCD-Display,<\/p>\n","protected":false},"featured_media":5945576,"comment_status":"open","ping_status":"closed","template":"","meta":[],"product_brand":[3010],"product_cat":[1457],"product_tag":[],"class_list":{"0":"post-737033","1":"product","2":"type-product","3":"status-publish","4":"has-post-thumbnail","6":"product_brand-icom-marine-de","7":"product_cat-bootelektronik","9":"first","10":"instock","11":"shipping-taxable","12":"purchasable","13":"product-type-simple"},"_links":{"self":[{"href":"https:\/\/stoic-curie.212-227-153-4.plesk.page\/de\/wp-json\/wp\/v2\/product\/737033","targetHints":{"allow":["GET"]}}],"collection":[{"href":"https:\/\/stoic-curie.212-227-153-4.plesk.page\/de\/wp-json\/wp\/v2\/product"}],"about":[{"href":"https:\/\/stoic-curie.212-227-153-4.plesk.page\/de\/wp-json\/wp\/v2\/types\/product"}],"replies":[{"embeddable":true,"href":"https:\/\/stoic-curie.212-227-153-4.plesk.page\/de\/wp-json\/wp\/v2\/comments?post=737033"}],"version-history":[{"count":0,"href":"https:\/\/stoic-curie.212-227-153-4.plesk.page\/de\/wp-json\/wp\/v2\/product\/737033\/revisions"}],"wp:featuredmedia":[{"embeddable":true,"href":"https:\/\/stoic-curie.212-227-153-4.plesk.page\/de\/wp-json\/wp\/v2\/media\/5945576"}],"wp:attachment":[{"href":"https:\/\/stoic-curie.212-227-153-4.plesk.page\/de\/wp-json\/wp\/v2\/media?parent=737033"}],"wp:term":[{"taxonomy":"product_brand","embeddable":true,"href":"https:\/\/stoic-curie.212-227-153-4.plesk.page\/de\/wp-json\/wp\/v2\/product_brand?post=737033"},{"taxonomy":"product_cat","embeddable":true,"href":"https:\/\/stoic-curie.212-227-153-4.plesk.page\/de\/wp-json\/wp\/v2\/product_cat?post=737033"},{"taxonomy":"product_tag","embeddable":true,"href":"https:\/\/stoic-curie.212-227-153-4.plesk.page\/de\/wp-json\/wp\/v2\/product_tag?post=737033"}],"curies":[{"name":"wp","href":"https:\/\/api.w.org\/{rel}","templated":true}]}}