{"id":737036,"date":"2025-03-03T16:34:58","date_gmt":"2025-03-03T15:34:58","guid":{"rendered":"https:\/\/stoic-curie.212-227-153-4.plesk.page\/producto\/stereo-boss-marine-mgr250b-4-x-50-w\/"},"modified":"2026-02-24T23:35:10","modified_gmt":"2026-02-24T23:35:10","slug":"stereo-boss-marine-mgr250b-4-x-50-w","status":"publish","type":"product","link":"https:\/\/stoic-curie.212-227-153-4.plesk.page\/de\/product\/stereo-boss-marine-mgr250b-4-x-50-w\/","title":{"rendered":"Stereo Boss Marine MGR250B 4 x 50 W"},"content":{"rendered":"<p>Stereo Boss Marine MGR250B 4 x 50 W &#8211; <\/p>\n<p>Runde, kompakte Marine-Stereoanlagen MGR150B und MGR250B mit integriertem Bluetooth f\u00fcr die Audio-Streaming von Smartphones und kompatiblen Ger\u00e4ten. Sehr einfach zu bedienen, ohne Display und mit essentiellen Tasten, ideal f\u00fcr den marinen Einsatz. IPx6 wasserdicht, mit USB-Anschluss auf der R\u00fcckseite und AUX-Eingang. Komplett mit Anschlusskabeln, Halterung und Schrauben. D=Tiefe<\/p>\n","protected":false},"excerpt":{"rendered":"<p>Stereo Boss Marine MGR250B 4 x 50 W &#8211; Runde, kompakte Marine-Stereoanlagen MGR150B und MGR250B mit integriertem Bluetooth f\u00fcr die<\/p>\n","protected":false},"featured_media":5945578,"comment_status":"open","ping_status":"closed","template":"","meta":[],"product_brand":[2840],"product_cat":[1446],"product_tag":[],"class_list":{"0":"post-737036","1":"product","2":"type-product","3":"status-publish","4":"has-post-thumbnail","6":"product_brand-boss-marine-de","7":"product_cat-stereoanlage-und-lautsprecher","9":"first","10":"outofstock","11":"shipping-taxable","12":"purchasable","13":"product-type-simple"},"_links":{"self":[{"href":"https:\/\/stoic-curie.212-227-153-4.plesk.page\/de\/wp-json\/wp\/v2\/product\/737036","targetHints":{"allow":["GET"]}}],"collection":[{"href":"https:\/\/stoic-curie.212-227-153-4.plesk.page\/de\/wp-json\/wp\/v2\/product"}],"about":[{"href":"https:\/\/stoic-curie.212-227-153-4.plesk.page\/de\/wp-json\/wp\/v2\/types\/product"}],"replies":[{"embeddable":true,"href":"https:\/\/stoic-curie.212-227-153-4.plesk.page\/de\/wp-json\/wp\/v2\/comments?post=737036"}],"version-history":[{"count":0,"href":"https:\/\/stoic-curie.212-227-153-4.plesk.page\/de\/wp-json\/wp\/v2\/product\/737036\/revisions"}],"wp:featuredmedia":[{"embeddable":true,"href":"https:\/\/stoic-curie.212-227-153-4.plesk.page\/de\/wp-json\/wp\/v2\/media\/5945578"}],"wp:attachment":[{"href":"https:\/\/stoic-curie.212-227-153-4.plesk.page\/de\/wp-json\/wp\/v2\/media?parent=737036"}],"wp:term":[{"taxonomy":"product_brand","embeddable":true,"href":"https:\/\/stoic-curie.212-227-153-4.plesk.page\/de\/wp-json\/wp\/v2\/product_brand?post=737036"},{"taxonomy":"product_cat","embeddable":true,"href":"https:\/\/stoic-curie.212-227-153-4.plesk.page\/de\/wp-json\/wp\/v2\/product_cat?post=737036"},{"taxonomy":"product_tag","embeddable":true,"href":"https:\/\/stoic-curie.212-227-153-4.plesk.page\/de\/wp-json\/wp\/v2\/product_tag?post=737036"}],"curies":[{"name":"wp","href":"https:\/\/api.w.org\/{rel}","templated":true}]}}