{"id":737038,"date":"2025-03-03T16:34:58","date_gmt":"2025-03-03T15:34:58","guid":{"rendered":"https:\/\/stoic-curie.212-227-153-4.plesk.page\/producto\/marine-stereoanlage-fusion-black-box-ms-bb100\/"},"modified":"2026-02-24T23:35:10","modified_gmt":"2026-02-24T23:35:10","slug":"marine-stereoanlage-fusion-black-box-ms-bb100","status":"publish","type":"product","link":"https:\/\/stoic-curie.212-227-153-4.plesk.page\/de\/product\/marine-stereoanlage-fusion-black-box-ms-bb100\/","title":{"rendered":"Marine Stereoanlage Fusion Black Box MS-BB100"},"content":{"rendered":"<p>Marine Stereoanlage Fusion Black Box MS-BB100 &#8211; <\/p>\n<p>Fusion MS-BB100 Marine Stereo mit versteckter Black Box-Installation und kompaktem Armaturenbrett-Steuerpanel. RDS FM\/AM DAB-f\u00e4higes Radio, USB- und r\u00fcckseitiger AUX-Eingang. Integriertes Bluetooth f\u00fcr das Audio-Streaming von Smartphones und kompatiblen Ger\u00e4ten. Ausgestattet mit der Fusion-Link-Fernbedienungsfunktion, die es erm\u00f6glicht, das Stereo mit einer Garmin-Uhr oder einem kompatiblen NMEA2000-Multifunktionsdisplay zu steuern. Unabh\u00e4ngige Steuereinstellungen f\u00fcr zwei separate Audiozonen. IPx7 wasserdicht, kann flach oder b\u00fcndig montiert werden. D=Tiefe<\/p>\n","protected":false},"excerpt":{"rendered":"<p>Marine Stereoanlage Fusion Black Box MS-BB100 &#8211; Fusion MS-BB100 Marine Stereo mit versteckter Black Box-Installation und kompaktem Armaturenbrett-Steuerpanel. RDS FM\/AM<\/p>\n","protected":false},"featured_media":5945580,"comment_status":"open","ping_status":"closed","template":"","meta":[],"product_brand":[2960],"product_cat":[1446],"product_tag":[],"class_list":{"0":"post-737038","1":"product","2":"type-product","3":"status-publish","4":"has-post-thumbnail","6":"product_brand-fusion-de","7":"product_cat-stereoanlage-und-lautsprecher","9":"first","10":"instock","11":"shipping-taxable","12":"purchasable","13":"product-type-simple"},"_links":{"self":[{"href":"https:\/\/stoic-curie.212-227-153-4.plesk.page\/de\/wp-json\/wp\/v2\/product\/737038","targetHints":{"allow":["GET"]}}],"collection":[{"href":"https:\/\/stoic-curie.212-227-153-4.plesk.page\/de\/wp-json\/wp\/v2\/product"}],"about":[{"href":"https:\/\/stoic-curie.212-227-153-4.plesk.page\/de\/wp-json\/wp\/v2\/types\/product"}],"replies":[{"embeddable":true,"href":"https:\/\/stoic-curie.212-227-153-4.plesk.page\/de\/wp-json\/wp\/v2\/comments?post=737038"}],"version-history":[{"count":0,"href":"https:\/\/stoic-curie.212-227-153-4.plesk.page\/de\/wp-json\/wp\/v2\/product\/737038\/revisions"}],"wp:featuredmedia":[{"embeddable":true,"href":"https:\/\/stoic-curie.212-227-153-4.plesk.page\/de\/wp-json\/wp\/v2\/media\/5945580"}],"wp:attachment":[{"href":"https:\/\/stoic-curie.212-227-153-4.plesk.page\/de\/wp-json\/wp\/v2\/media?parent=737038"}],"wp:term":[{"taxonomy":"product_brand","embeddable":true,"href":"https:\/\/stoic-curie.212-227-153-4.plesk.page\/de\/wp-json\/wp\/v2\/product_brand?post=737038"},{"taxonomy":"product_cat","embeddable":true,"href":"https:\/\/stoic-curie.212-227-153-4.plesk.page\/de\/wp-json\/wp\/v2\/product_cat?post=737038"},{"taxonomy":"product_tag","embeddable":true,"href":"https:\/\/stoic-curie.212-227-153-4.plesk.page\/de\/wp-json\/wp\/v2\/product_tag?post=737038"}],"curies":[{"name":"wp","href":"https:\/\/api.w.org\/{rel}","templated":true}]}}