{"id":737039,"date":"2025-03-03T16:34:58","date_gmt":"2025-03-03T15:34:58","guid":{"rendered":"https:\/\/stoic-curie.212-227-153-4.plesk.page\/producto\/marine-stereoanlage-fusion-ms-ra210\/"},"modified":"2026-02-24T23:35:10","modified_gmt":"2026-02-24T23:35:10","slug":"marine-stereoanlage-fusion-ms-ra210","status":"publish","type":"product","link":"https:\/\/stoic-curie.212-227-153-4.plesk.page\/de\/product\/marine-stereoanlage-fusion-ms-ra210\/","title":{"rendered":"Marine Stereoanlage Fusion MS-RA210"},"content":{"rendered":"<p>Marine Stereoanlage Fusion MS-RA210 &#8211; <\/p>\n<p>Fusion MS-RA210 Dashboard-Marine-Stereo mit glasgebundenem LCD-Display. RDS FM\/AM DAB-f\u00e4higes Radio, USB- und R\u00fcck-AUX-Eing\u00e4nge. Integriertes Bluetooth f\u00fcr Smartphone und kompatibles Audio-Streaming. Ausgestattet mit der Fusion-Link-Fernbedienungsfunktion, die es erm\u00f6glicht, das Stereo mit einer Garmin-Uhr oder einem kompatiblen NMEA2000-Multi-Function-Display zu steuern. Ausgestattet mit DSP (Digital Signal Processing)-Technologie zur Optimierung des Sounds in Echtzeit. Unabh\u00e4ngige Einstellungen f\u00fcr vier separate Audiobereiche im Multi-Zonen-Betrieb. Wasserdicht nach IPx7, kann flach oder b\u00fcndig montiert werden. Dank des Retrofit-Kits kann das Stereo an vorhandene L\u00f6cher der Serien 650\/750\/755 angepasst werden. D=Tiefe<\/p>\n","protected":false},"excerpt":{"rendered":"<p>Marine Stereoanlage Fusion MS-RA210 &#8211; Fusion MS-RA210 Dashboard-Marine-Stereo mit glasgebundenem LCD-Display. RDS FM\/AM DAB-f\u00e4higes Radio, USB- und R\u00fcck-AUX-Eing\u00e4nge. Integriertes Bluetooth<\/p>\n","protected":false},"featured_media":5945581,"comment_status":"open","ping_status":"closed","template":"","meta":[],"product_brand":[2960],"product_cat":[1446],"product_tag":[],"class_list":{"0":"post-737039","1":"product","2":"type-product","3":"status-publish","4":"has-post-thumbnail","6":"product_brand-fusion-de","7":"product_cat-stereoanlage-und-lautsprecher","9":"first","10":"instock","11":"shipping-taxable","12":"purchasable","13":"product-type-simple"},"_links":{"self":[{"href":"https:\/\/stoic-curie.212-227-153-4.plesk.page\/de\/wp-json\/wp\/v2\/product\/737039","targetHints":{"allow":["GET"]}}],"collection":[{"href":"https:\/\/stoic-curie.212-227-153-4.plesk.page\/de\/wp-json\/wp\/v2\/product"}],"about":[{"href":"https:\/\/stoic-curie.212-227-153-4.plesk.page\/de\/wp-json\/wp\/v2\/types\/product"}],"replies":[{"embeddable":true,"href":"https:\/\/stoic-curie.212-227-153-4.plesk.page\/de\/wp-json\/wp\/v2\/comments?post=737039"}],"version-history":[{"count":0,"href":"https:\/\/stoic-curie.212-227-153-4.plesk.page\/de\/wp-json\/wp\/v2\/product\/737039\/revisions"}],"wp:featuredmedia":[{"embeddable":true,"href":"https:\/\/stoic-curie.212-227-153-4.plesk.page\/de\/wp-json\/wp\/v2\/media\/5945581"}],"wp:attachment":[{"href":"https:\/\/stoic-curie.212-227-153-4.plesk.page\/de\/wp-json\/wp\/v2\/media?parent=737039"}],"wp:term":[{"taxonomy":"product_brand","embeddable":true,"href":"https:\/\/stoic-curie.212-227-153-4.plesk.page\/de\/wp-json\/wp\/v2\/product_brand?post=737039"},{"taxonomy":"product_cat","embeddable":true,"href":"https:\/\/stoic-curie.212-227-153-4.plesk.page\/de\/wp-json\/wp\/v2\/product_cat?post=737039"},{"taxonomy":"product_tag","embeddable":true,"href":"https:\/\/stoic-curie.212-227-153-4.plesk.page\/de\/wp-json\/wp\/v2\/product_tag?post=737039"}],"curies":[{"name":"wp","href":"https:\/\/api.w.org\/{rel}","templated":true}]}}