{"id":737044,"date":"2025-03-03T16:34:59","date_gmt":"2025-03-03T15:34:59","guid":{"rendered":"https:\/\/stoic-curie.212-227-153-4.plesk.page\/producto\/paar-lautsprecher-fusion-xs-sport-200watt\/"},"modified":"2026-02-24T23:35:10","modified_gmt":"2026-02-24T23:35:10","slug":"paar-lautsprecher-fusion-xs-sport-200watt","status":"publish","type":"product","link":"https:\/\/stoic-curie.212-227-153-4.plesk.page\/de\/product\/paar-lautsprecher-fusion-xs-sport-200watt\/","title":{"rendered":"Paar Lautsprecher Fusion Xs Sport 200Watt"},"content":{"rendered":"<p>Paar Lautsprecher Fusion Xs Sport 200Watt &#8211; <\/p>\n<p>IP65 wasserdichte 2-Wege Fusion XS Marine Lautsprecher. Gebogene Kegeltechnologie mit Aluminium-Dome-Hocht\u00f6ner. Mit wei\u00dfen und schwarzen Gittern sowie RGB-LED-Licht, das \u00fcber eine optionale drahtlose Steuerung geregelt werden kann. Verkauft im Paar.<\/p>\n","protected":false},"excerpt":{"rendered":"<p>Paar Lautsprecher Fusion Xs Sport 200Watt &#8211; IP65 wasserdichte 2-Wege Fusion XS Marine Lautsprecher. Gebogene Kegeltechnologie mit Aluminium-Dome-Hocht\u00f6ner. Mit wei\u00dfen<\/p>\n","protected":false},"featured_media":5945592,"comment_status":"open","ping_status":"closed","template":"","meta":[],"product_brand":[2960],"product_cat":[1446],"product_tag":[],"class_list":{"0":"post-737044","1":"product","2":"type-product","3":"status-publish","4":"has-post-thumbnail","6":"product_brand-fusion-de","7":"product_cat-stereoanlage-und-lautsprecher","9":"first","10":"instock","11":"shipping-taxable","12":"purchasable","13":"product-type-simple"},"_links":{"self":[{"href":"https:\/\/stoic-curie.212-227-153-4.plesk.page\/de\/wp-json\/wp\/v2\/product\/737044","targetHints":{"allow":["GET"]}}],"collection":[{"href":"https:\/\/stoic-curie.212-227-153-4.plesk.page\/de\/wp-json\/wp\/v2\/product"}],"about":[{"href":"https:\/\/stoic-curie.212-227-153-4.plesk.page\/de\/wp-json\/wp\/v2\/types\/product"}],"replies":[{"embeddable":true,"href":"https:\/\/stoic-curie.212-227-153-4.plesk.page\/de\/wp-json\/wp\/v2\/comments?post=737044"}],"version-history":[{"count":0,"href":"https:\/\/stoic-curie.212-227-153-4.plesk.page\/de\/wp-json\/wp\/v2\/product\/737044\/revisions"}],"wp:featuredmedia":[{"embeddable":true,"href":"https:\/\/stoic-curie.212-227-153-4.plesk.page\/de\/wp-json\/wp\/v2\/media\/5945592"}],"wp:attachment":[{"href":"https:\/\/stoic-curie.212-227-153-4.plesk.page\/de\/wp-json\/wp\/v2\/media?parent=737044"}],"wp:term":[{"taxonomy":"product_brand","embeddable":true,"href":"https:\/\/stoic-curie.212-227-153-4.plesk.page\/de\/wp-json\/wp\/v2\/product_brand?post=737044"},{"taxonomy":"product_cat","embeddable":true,"href":"https:\/\/stoic-curie.212-227-153-4.plesk.page\/de\/wp-json\/wp\/v2\/product_cat?post=737044"},{"taxonomy":"product_tag","embeddable":true,"href":"https:\/\/stoic-curie.212-227-153-4.plesk.page\/de\/wp-json\/wp\/v2\/product_tag?post=737044"}],"curies":[{"name":"wp","href":"https:\/\/api.w.org\/{rel}","templated":true}]}}