{"id":737050,"date":"2025-03-03T16:35:01","date_gmt":"2025-03-03T15:35:01","guid":{"rendered":"https:\/\/stoic-curie.212-227-153-4.plesk.page\/producto\/automatischer-feuerloescher-6kg-abc\/"},"modified":"2026-02-24T23:35:10","modified_gmt":"2026-02-24T23:35:10","slug":"automatischer-feuerloescher-6kg-abc","status":"publish","type":"product","link":"https:\/\/stoic-curie.212-227-153-4.plesk.page\/de\/product\/automatischer-feuerloescher-6kg-abc\/","title":{"rendered":"Automatischer Feuerl\u00f6scher 6kg ABC"},"content":{"rendered":"<p>Automatischer Feuerl\u00f6scher 6kg ABC &#8211; <\/p>\n<p>CE0029 zertifizierter automatischer Pulverl\u00f6scher. Er startet automatisch, wenn die Temperatur 68\u00c2\u00b079\u00c2\u00b0 erreicht. Mit gestempeltem Herstellungsdatum. Wird ohne Ablaufetikett verkauft (nicht notwendig f\u00fcr kleine Schiffe). F\u00fcr Boote muss das Ablaufetikett bei einem Wartungstechniker f\u00fcr Feuerl\u00f6scher angefordert werden. <\/p>\n","protected":false},"excerpt":{"rendered":"<p>Automatischer Feuerl\u00f6scher 6kg ABC &#8211; CE0029 zertifizierter automatischer Pulverl\u00f6scher. Er startet automatisch, wenn die Temperatur 68\u00c2\u00b079\u00c2\u00b0 erreicht. Mit gestempeltem Herstellungsdatum.<\/p>\n","protected":false},"featured_media":5945611,"comment_status":"open","ping_status":"closed","template":"","meta":[],"product_brand":[2775],"product_cat":[1313],"product_tag":[],"class_list":{"0":"post-737050","1":"product","2":"type-product","3":"status-publish","4":"has-post-thumbnail","6":"product_brand-anaf-marine-de","7":"product_cat-marine-feuerloescher","9":"first","10":"outofstock","11":"shipping-taxable","12":"purchasable","13":"product-type-simple"},"_links":{"self":[{"href":"https:\/\/stoic-curie.212-227-153-4.plesk.page\/de\/wp-json\/wp\/v2\/product\/737050","targetHints":{"allow":["GET"]}}],"collection":[{"href":"https:\/\/stoic-curie.212-227-153-4.plesk.page\/de\/wp-json\/wp\/v2\/product"}],"about":[{"href":"https:\/\/stoic-curie.212-227-153-4.plesk.page\/de\/wp-json\/wp\/v2\/types\/product"}],"replies":[{"embeddable":true,"href":"https:\/\/stoic-curie.212-227-153-4.plesk.page\/de\/wp-json\/wp\/v2\/comments?post=737050"}],"version-history":[{"count":0,"href":"https:\/\/stoic-curie.212-227-153-4.plesk.page\/de\/wp-json\/wp\/v2\/product\/737050\/revisions"}],"wp:featuredmedia":[{"embeddable":true,"href":"https:\/\/stoic-curie.212-227-153-4.plesk.page\/de\/wp-json\/wp\/v2\/media\/5945611"}],"wp:attachment":[{"href":"https:\/\/stoic-curie.212-227-153-4.plesk.page\/de\/wp-json\/wp\/v2\/media?parent=737050"}],"wp:term":[{"taxonomy":"product_brand","embeddable":true,"href":"https:\/\/stoic-curie.212-227-153-4.plesk.page\/de\/wp-json\/wp\/v2\/product_brand?post=737050"},{"taxonomy":"product_cat","embeddable":true,"href":"https:\/\/stoic-curie.212-227-153-4.plesk.page\/de\/wp-json\/wp\/v2\/product_cat?post=737050"},{"taxonomy":"product_tag","embeddable":true,"href":"https:\/\/stoic-curie.212-227-153-4.plesk.page\/de\/wp-json\/wp\/v2\/product_tag?post=737050"}],"curies":[{"name":"wp","href":"https:\/\/api.w.org\/{rel}","templated":true}]}}