{"id":737051,"date":"2025-03-03T16:35:01","date_gmt":"2025-03-03T15:35:01","guid":{"rendered":"https:\/\/stoic-curie.212-227-153-4.plesk.page\/producto\/behaelter-mit-abdeckung-fuer-rettungsringe\/"},"modified":"2026-02-24T23:35:10","modified_gmt":"2026-02-24T23:35:10","slug":"behaelter-mit-abdeckung-fuer-rettungsringe","status":"publish","type":"product","link":"https:\/\/stoic-curie.212-227-153-4.plesk.page\/de\/product\/behaelter-mit-abdeckung-fuer-rettungsringe\/","title":{"rendered":"Beh\u00e4lter mit Abdeckung f\u00fcr Rettungsringe"},"content":{"rendered":"<p>Beh\u00e4lter mit Abdeckung f\u00fcr Rettungsringe &#8211; <\/p>\n<p>Geschlossener Beh\u00e4lter f\u00fcr Rettungsleinen und Rettungsringe mit einem Durchmesser von bis zu 750 mm. Kann an einem Tr\u00e4gers\u00e4ule montiert werden, um einen Rettungspunkt zu schaffen. St\u00fctzbase 300 x 300 mm mit M12 L\u00f6chern.<\/p>\n","protected":false},"excerpt":{"rendered":"<p>Beh\u00e4lter mit Abdeckung f\u00fcr Rettungsringe &#8211; Geschlossener Beh\u00e4lter f\u00fcr Rettungsleinen und Rettungsringe mit einem Durchmesser von bis zu 750 mm.<\/p>\n","protected":false},"featured_media":5945612,"comment_status":"open","ping_status":"closed","template":"","meta":[],"product_brand":[2855],"product_cat":[1317],"product_tag":[],"class_list":{"0":"post-737051","1":"product","2":"type-product","3":"status-publish","4":"has-post-thumbnail","6":"product_brand-can-marine-de","7":"product_cat-rettungsring-und-rettungsleinen","9":"first","10":"instock","11":"shipping-taxable","12":"purchasable","13":"product-type-simple"},"_links":{"self":[{"href":"https:\/\/stoic-curie.212-227-153-4.plesk.page\/de\/wp-json\/wp\/v2\/product\/737051","targetHints":{"allow":["GET"]}}],"collection":[{"href":"https:\/\/stoic-curie.212-227-153-4.plesk.page\/de\/wp-json\/wp\/v2\/product"}],"about":[{"href":"https:\/\/stoic-curie.212-227-153-4.plesk.page\/de\/wp-json\/wp\/v2\/types\/product"}],"replies":[{"embeddable":true,"href":"https:\/\/stoic-curie.212-227-153-4.plesk.page\/de\/wp-json\/wp\/v2\/comments?post=737051"}],"version-history":[{"count":0,"href":"https:\/\/stoic-curie.212-227-153-4.plesk.page\/de\/wp-json\/wp\/v2\/product\/737051\/revisions"}],"wp:featuredmedia":[{"embeddable":true,"href":"https:\/\/stoic-curie.212-227-153-4.plesk.page\/de\/wp-json\/wp\/v2\/media\/5945612"}],"wp:attachment":[{"href":"https:\/\/stoic-curie.212-227-153-4.plesk.page\/de\/wp-json\/wp\/v2\/media?parent=737051"}],"wp:term":[{"taxonomy":"product_brand","embeddable":true,"href":"https:\/\/stoic-curie.212-227-153-4.plesk.page\/de\/wp-json\/wp\/v2\/product_brand?post=737051"},{"taxonomy":"product_cat","embeddable":true,"href":"https:\/\/stoic-curie.212-227-153-4.plesk.page\/de\/wp-json\/wp\/v2\/product_cat?post=737051"},{"taxonomy":"product_tag","embeddable":true,"href":"https:\/\/stoic-curie.212-227-153-4.plesk.page\/de\/wp-json\/wp\/v2\/product_tag?post=737051"}],"curies":[{"name":"wp","href":"https:\/\/api.w.org\/{rel}","templated":true}]}}