{"id":737053,"date":"2025-03-03T16:35:02","date_gmt":"2025-03-03T15:35:02","guid":{"rendered":"https:\/\/stoic-curie.212-227-153-4.plesk.page\/producto\/automatische-aufblasbare-rettungsweste-vsg-skipper-150n\/"},"modified":"2026-02-24T23:35:10","modified_gmt":"2026-02-24T23:35:10","slug":"automatische-aufblasbare-rettungsweste-vsg-skipper-150n","status":"publish","type":"product","link":"https:\/\/stoic-curie.212-227-153-4.plesk.page\/de\/product\/automatische-aufblasbare-rettungsweste-vsg-skipper-150n\/","title":{"rendered":"Automatische aufblasbare Rettungsweste VSG Skipper 150N"},"content":{"rendered":"<p>Automatische aufblasbare Rettungsweste VSG Skipper 150N &#8211; <\/p>\n<p>150N aufblasbare Rettungsweste CE ISO12402-3 genehmigt f\u00fcr Freizeitboote ohne Einschr\u00e4nkungen. Hoch widerstandsf\u00e4higer Stoff\u00fcberzug, reflektierende B\u00e4nder, Pfeife, Mundaufblasrohr, Hebegriff und schnell l\u00f6sbare, verstellbare Schnallenverschluss. Internes Aufblaskammer mit UML MK5 33g automatischer Aktivierung und manuellem Ausl\u00f6ser. Eine Gr\u00f6\u00dfe f\u00fcr Erwachsene.<\/p>\n","protected":false},"excerpt":{"rendered":"<p>Automatische aufblasbare Rettungsweste VSG Skipper 150N &#8211; 150N aufblasbare Rettungsweste CE ISO12402-3 genehmigt f\u00fcr Freizeitboote ohne Einschr\u00e4nkungen. Hoch widerstandsf\u00e4higer Stoff\u00fcberzug,<\/p>\n","protected":false},"featured_media":5945621,"comment_status":"open","ping_status":"closed","template":"","meta":[],"product_brand":[3515],"product_cat":[1314],"product_tag":[],"class_list":{"0":"post-737053","1":"product","2":"type-product","3":"status-publish","4":"has-post-thumbnail","6":"product_brand-veleria-san-giorgio-de","7":"product_cat-zugelassene-rettungswesten","9":"first","10":"instock","11":"shipping-taxable","12":"purchasable","13":"product-type-simple"},"_links":{"self":[{"href":"https:\/\/stoic-curie.212-227-153-4.plesk.page\/de\/wp-json\/wp\/v2\/product\/737053","targetHints":{"allow":["GET"]}}],"collection":[{"href":"https:\/\/stoic-curie.212-227-153-4.plesk.page\/de\/wp-json\/wp\/v2\/product"}],"about":[{"href":"https:\/\/stoic-curie.212-227-153-4.plesk.page\/de\/wp-json\/wp\/v2\/types\/product"}],"replies":[{"embeddable":true,"href":"https:\/\/stoic-curie.212-227-153-4.plesk.page\/de\/wp-json\/wp\/v2\/comments?post=737053"}],"version-history":[{"count":0,"href":"https:\/\/stoic-curie.212-227-153-4.plesk.page\/de\/wp-json\/wp\/v2\/product\/737053\/revisions"}],"wp:featuredmedia":[{"embeddable":true,"href":"https:\/\/stoic-curie.212-227-153-4.plesk.page\/de\/wp-json\/wp\/v2\/media\/5945621"}],"wp:attachment":[{"href":"https:\/\/stoic-curie.212-227-153-4.plesk.page\/de\/wp-json\/wp\/v2\/media?parent=737053"}],"wp:term":[{"taxonomy":"product_brand","embeddable":true,"href":"https:\/\/stoic-curie.212-227-153-4.plesk.page\/de\/wp-json\/wp\/v2\/product_brand?post=737053"},{"taxonomy":"product_cat","embeddable":true,"href":"https:\/\/stoic-curie.212-227-153-4.plesk.page\/de\/wp-json\/wp\/v2\/product_cat?post=737053"},{"taxonomy":"product_tag","embeddable":true,"href":"https:\/\/stoic-curie.212-227-153-4.plesk.page\/de\/wp-json\/wp\/v2\/product_tag?post=737053"}],"curies":[{"name":"wp","href":"https:\/\/api.w.org\/{rel}","templated":true}]}}