{"id":737062,"date":"2025-03-03T16:35:04","date_gmt":"2025-03-03T15:35:04","guid":{"rendered":"https:\/\/stoic-curie.212-227-153-4.plesk.page\/producto\/aufblasbares-boot-eurovinil-ev-210-cm\/"},"modified":"2026-02-24T23:35:10","modified_gmt":"2026-02-24T23:35:10","slug":"aufblasbares-boot-eurovinil-ev-210-cm","status":"publish","type":"product","link":"https:\/\/stoic-curie.212-227-153-4.plesk.page\/de\/product\/aufblasbares-boot-eurovinil-ev-210-cm\/","title":{"rendered":"Aufblasbares Boot Eurovinil Roll-Up 210cm"},"content":{"rendered":"<p>Aufblasbares Boot Eurovinil Roll-Up 210cm &#8211; <\/p>\n<p>Aufblasbares Boot Eurovinil Roll-Up 210 cm. Dieses Beiboot besteht aus starkem 1100D-Gewebe, das mit einem hitzeverschwei\u00dften PVC-Beschichtung versehen ist. Dadurch ist es leicht und l\u00e4sst sich einfach aufrollen, um es platzsparend in einem Schrank zu verstauen. Es verf\u00fcgt \u00fcber gro\u00dfe R\u00f6hren mit einem spritzabweisenden Scheuerleiste und einem verst\u00e4rkten Lattenboden, was die Haltbarkeit verbessert.<\/p>\n<p>Im Lieferumfang des Beiboots sind mehrere Zubeh\u00f6rteile enthalten, darunter eine Pumpe, ein Reparaturset, Ruder, eine Bank, Festmacherleine und eine Tragetasche. Die neue Roll-up-Serie nutzt eine fortschrittliche Hei\u00dfsiegeltechnologie, die die Festigkeit der Rohrstrukturen erh\u00f6ht, eine langlebige Abdichtung unter Druck gew\u00e4hrleistet und zur allgemeinen Haltbarkeit des Bootes beitr\u00e4gt.<\/p>\n<p>Mit einem Fokus auf \u00c4sthetik, Gr\u00f6\u00dfe und Gewicht wurde die Roll-up-Serie so konzipiert, dass sie den verf\u00fcgbaren Platz an Bord optimal nutzt. Sogar das kleinste Modell ist sorgf\u00e4ltig gestaltet, um sowohl optisch ansprechend als auch kompakt zu sein. Es verf\u00fcgt \u00fcber einen Spritzschutz, um zu verhindern, dass Wasser in die Verdr\u00e4ngungseinheit eindringt, und ist aus demselben robusten EV-Gewebe gefertigt wie seine gr\u00f6\u00dferen Pendants.<\/p>\n<p>Dieses Beiboot kann einfach aufgerollt in einem Schrank verstaut, mit der Fl\u00e4che nach unten auf dem Vorderdeck oder auf den Br\u00fcckenoberseiten platziert oder an den Heckdavits gesichert werden. Sein kompaktes Design erm\u00f6glicht es, es an verschiedenen Stellen an Bord unterzubringen, und bietet den Komfort eines Beiboots bei maximaler Raumnutzung.<\/p>\n<p><strong>Technische Spezifikationen:<\/strong><\/p>\n<ul>\n<li>Modell: TENDER LINE ROLL-UP<\/li>\n<li>Gesamtl\u00e4nge (cm): 180 \/ 210 \/ 240<\/li>\n<li>Gesamtbreite (cm): 131<\/li>\n<li>Innenl\u00e4nge (cm): 103 \/ 128 \/ 155<\/li>\n<li>Innenbreite (cm): 55<\/li>\n<li>Bugh\u00f6he (cm): 50<\/li>\n<li>Heckh\u00f6he (cm): 38<\/li>\n<li>Durchmesser der Rohrstrukturen (cm, durchschnittlich): 38<\/li>\n<li>Kapazit\u00e4t: 2 \/ 3 Personen<\/li>\n<li>Raumanzahl: 2 \/ 3<\/li>\n<li>Gewicht (kg): 20 \/ 23 \/ 26<\/li>\n<li>Maximale Pferdest\u00e4rke (HP): 2.5 \/ 4<\/li>\n<li>Welle: Kurz<\/li>\n<li>Abmessungen im gerollten Zustand (cm): 80 x 30 x 45 \/ 80 x 35 x 45 \/ 85 x 35 x 45<\/li>\n<\/ul>\n","protected":false},"excerpt":{"rendered":"<p>Aufblasbares Boot Eurovinil Roll-Up 210cm &#8211; Aufblasbares Boot Eurovinil Roll-Up 210 cm. Dieses Beiboot besteht aus starkem 1100D-Gewebe, das mit<\/p>\n","protected":false},"featured_media":5945628,"comment_status":"open","ping_status":"closed","template":"","meta":[],"product_brand":[2925],"product_cat":[1546],"product_tag":[],"class_list":{"0":"post-737062","1":"product","2":"type-product","3":"status-publish","4":"has-post-thumbnail","6":"product_brand-eurovinil-de","7":"product_cat-schlauchboote-und-beiboote","9":"first","10":"instock","11":"shipping-taxable","12":"purchasable","13":"product-type-simple"},"_links":{"self":[{"href":"https:\/\/stoic-curie.212-227-153-4.plesk.page\/de\/wp-json\/wp\/v2\/product\/737062","targetHints":{"allow":["GET"]}}],"collection":[{"href":"https:\/\/stoic-curie.212-227-153-4.plesk.page\/de\/wp-json\/wp\/v2\/product"}],"about":[{"href":"https:\/\/stoic-curie.212-227-153-4.plesk.page\/de\/wp-json\/wp\/v2\/types\/product"}],"replies":[{"embeddable":true,"href":"https:\/\/stoic-curie.212-227-153-4.plesk.page\/de\/wp-json\/wp\/v2\/comments?post=737062"}],"version-history":[{"count":0,"href":"https:\/\/stoic-curie.212-227-153-4.plesk.page\/de\/wp-json\/wp\/v2\/product\/737062\/revisions"}],"wp:featuredmedia":[{"embeddable":true,"href":"https:\/\/stoic-curie.212-227-153-4.plesk.page\/de\/wp-json\/wp\/v2\/media\/5945628"}],"wp:attachment":[{"href":"https:\/\/stoic-curie.212-227-153-4.plesk.page\/de\/wp-json\/wp\/v2\/media?parent=737062"}],"wp:term":[{"taxonomy":"product_brand","embeddable":true,"href":"https:\/\/stoic-curie.212-227-153-4.plesk.page\/de\/wp-json\/wp\/v2\/product_brand?post=737062"},{"taxonomy":"product_cat","embeddable":true,"href":"https:\/\/stoic-curie.212-227-153-4.plesk.page\/de\/wp-json\/wp\/v2\/product_cat?post=737062"},{"taxonomy":"product_tag","embeddable":true,"href":"https:\/\/stoic-curie.212-227-153-4.plesk.page\/de\/wp-json\/wp\/v2\/product_tag?post=737062"}],"curies":[{"name":"wp","href":"https:\/\/api.w.org\/{rel}","templated":true}]}}