{"id":737063,"date":"2025-03-03T16:35:04","date_gmt":"2025-03-03T15:35:04","guid":{"rendered":"https:\/\/stoic-curie.212-227-153-4.plesk.page\/producto\/aufblasbares-boot-eurovinil-ev-240-cm\/"},"modified":"2026-02-24T23:35:10","modified_gmt":"2026-02-24T23:35:10","slug":"aufblasbares-boot-eurovinil-ev-240-cm","status":"publish","type":"product","link":"https:\/\/stoic-curie.212-227-153-4.plesk.page\/de\/product\/aufblasbares-boot-eurovinil-ev-240-cm\/","title":{"rendered":"Aufblasbares Boot Eurovinil EV, 240 cm"},"content":{"rendered":"<p>Aufblasbares Boot Eurovinil EV, 240 cm &#8211; <\/p>\n<p>Hochwiderstandsf\u00e4higer 1100D PVC-Stoff, sehr leichter Rollboot, der leicht aufgerollt in einem Schrank verstaut werden kann. Ausgestattet mit gro\u00dfen Schlauchbooten mit spritzwassergesch\u00fctztem Fender und einem verst\u00e4rkten Boden mit Latten. Standardausstattung: Aufblaspumpe, Reparaturset, Paddel, Bank, Mooringschnur und Bootst\u00fcrbeutel 80 x 35 x 50 cm.<\/p>\n","protected":false},"excerpt":{"rendered":"<p>Aufblasbares Boot Eurovinil EV, 240 cm &#8211; Hochwiderstandsf\u00e4higer 1100D PVC-Stoff, sehr leichter Rollboot, der leicht aufgerollt in einem Schrank verstaut<\/p>\n","protected":false},"featured_media":5945628,"comment_status":"open","ping_status":"closed","template":"","meta":[],"product_brand":[2925],"product_cat":[1546],"product_tag":[],"class_list":{"0":"post-737063","1":"product","2":"type-product","3":"status-publish","4":"has-post-thumbnail","6":"product_brand-eurovinil-de","7":"product_cat-schlauchboote-und-beiboote","9":"first","10":"instock","11":"shipping-taxable","12":"purchasable","13":"product-type-simple"},"_links":{"self":[{"href":"https:\/\/stoic-curie.212-227-153-4.plesk.page\/de\/wp-json\/wp\/v2\/product\/737063","targetHints":{"allow":["GET"]}}],"collection":[{"href":"https:\/\/stoic-curie.212-227-153-4.plesk.page\/de\/wp-json\/wp\/v2\/product"}],"about":[{"href":"https:\/\/stoic-curie.212-227-153-4.plesk.page\/de\/wp-json\/wp\/v2\/types\/product"}],"replies":[{"embeddable":true,"href":"https:\/\/stoic-curie.212-227-153-4.plesk.page\/de\/wp-json\/wp\/v2\/comments?post=737063"}],"version-history":[{"count":0,"href":"https:\/\/stoic-curie.212-227-153-4.plesk.page\/de\/wp-json\/wp\/v2\/product\/737063\/revisions"}],"wp:featuredmedia":[{"embeddable":true,"href":"https:\/\/stoic-curie.212-227-153-4.plesk.page\/de\/wp-json\/wp\/v2\/media\/5945628"}],"wp:attachment":[{"href":"https:\/\/stoic-curie.212-227-153-4.plesk.page\/de\/wp-json\/wp\/v2\/media?parent=737063"}],"wp:term":[{"taxonomy":"product_brand","embeddable":true,"href":"https:\/\/stoic-curie.212-227-153-4.plesk.page\/de\/wp-json\/wp\/v2\/product_brand?post=737063"},{"taxonomy":"product_cat","embeddable":true,"href":"https:\/\/stoic-curie.212-227-153-4.plesk.page\/de\/wp-json\/wp\/v2\/product_cat?post=737063"},{"taxonomy":"product_tag","embeddable":true,"href":"https:\/\/stoic-curie.212-227-153-4.plesk.page\/de\/wp-json\/wp\/v2\/product_tag?post=737063"}],"curies":[{"name":"wp","href":"https:\/\/api.w.org\/{rel}","templated":true}]}}