{"id":737065,"date":"2025-03-03T16:35:05","date_gmt":"2025-03-03T15:35:05","guid":{"rendered":"https:\/\/stoic-curie.212-227-153-4.plesk.page\/producto\/schlauchboot-eurovinil-ev-rib-202cm\/"},"modified":"2026-02-24T23:35:10","modified_gmt":"2026-02-24T23:35:10","slug":"schlauchboot-eurovinil-ev-rib-202cm","status":"publish","type":"product","link":"https:\/\/stoic-curie.212-227-153-4.plesk.page\/de\/product\/schlauchboot-eurovinil-ev-rib-202cm\/","title":{"rendered":"Schlauchboot Eurovinil EV RIB 202cm"},"content":{"rendered":"<p>Schlauchboot Eurovinil EV RIB 202cm &#8211; <\/p>\n<p>Der Semi-Rigid Tender Eurovinil EV RIB 202 cm verf\u00fcgt \u00fcber einen Fiberglasboden, der mit modernster Vakuumtechnologie hergestellt wurde, was zu einem Produkt f\u00fchrt, das sowohl langlebig als auch leicht ist. Dieses Design gew\u00e4hrleistet au\u00dfergew\u00f6hnliche Leistung, selbst bei kleineren Motoren. Hergestellt aus widerstandsf\u00e4higem 1100D PVC-Gewebe, verspricht dieser Tender Langlebigkeit und Effizienz, wodurch er sich ideal f\u00fcr den Einsatz mit weniger leistungsstarken Motoren eignet. Sein Rohrdesign mit gro\u00dfem Durchmesser und spritzwassergesch\u00fctzten Fendern erh\u00f6ht den Komfort w\u00e4hrend der Navigation.<\/p>\n<p>Diese Produktlinie zeichnet sich durch sorgf\u00e4ltige Detailgenauigkeit und stilvolles Erscheinungsbild aus. Der ger\u00e4umige Rohrrahmen, erg\u00e4nzt durch ein spritzwassergesch\u00fctztes Dach, verbessert nicht nur den Komfort, sondern sch\u00fctzt die Passagiere auch vor Wassereintritt.<\/p>\n<p>Die semi-rigiden Boote mit ihrem eleganten wei\u00dfen Finish sind darauf ausgelegt, mit jedem Schiff zu harmonieren und bieten eine perfekte Kombination aus Eleganz, Einfachheit und Leistung.<\/p>\n<p>Im Lieferumfang des Tenders sind standardm\u00e4\u00dfig folgende Ausstattungen enthalten:<\/p>\n<ul>\n<li>Aufblasger\u00e4t<\/li>\n<li>Reparaturset<\/li>\n<li>Paddel<\/li>\n<li>Bootstasche<\/li>\n<li>Festmacherleine<\/li>\n<li>Bank<\/li>\n<\/ul>\n<p>Technische Daten der Semi-Rigid Tender Reihe:<\/p>\n<table>\n<thead>\n<tr>\n<th>Modell<\/th>\n<th>200<\/th>\n<th>220<\/th>\n<th>250<\/th>\n<th>285<\/th>\n<\/tr>\n<\/thead>\n<tbody>\n<tr>\n<td>Gesamtl\u00e4nge (cm)<\/td>\n<td>200<\/td>\n<td>220<\/td>\n<td>250<\/td>\n<td>290<\/td>\n<\/tr>\n<tr>\n<td>Gesamtbreite (cm)<\/td>\n<td>147<\/td>\n<td>147<\/td>\n<td>150<\/td>\n<td>168<\/td>\n<\/tr>\n<tr>\n<td>Transomh\u00f6he (cm)<\/td>\n<td>38<\/td>\n<td>38<\/td>\n<td>38<\/td>\n<td>39<\/td>\n<\/tr>\n<tr>\n<td>Durchmesser der Rohrstruktur (cm, durchschnittlich)<\/td>\n<td>38<\/td>\n<td>38<\/td>\n<td>42<\/td>\n<td>43<\/td>\n<\/tr>\n<tr>\n<td>Anzahl der Personen<\/td>\n<td>2<\/td>\n<td>2<\/td>\n<td>3<\/td>\n<td>3<\/td>\n<\/tr>\n<tr>\n<td>Maximale Zuladung (kg)<\/td>\n<td>180<\/td>\n<td>280<\/td>\n<td>450<\/td>\n<td>550<\/td>\n<\/tr>\n<tr>\n<td>Anzahl der R\u00e4ume<\/td>\n<td>3<\/td>\n<td>3<\/td>\n<td>3<\/td>\n<td>3<\/td>\n<\/tr>\n<tr>\n<td>Gewicht (kg)<\/td>\n<td>37<\/td>\n<td>39<\/td>\n<td>50<\/td>\n<td>65<\/td>\n<\/tr>\n<tr>\n<td>Maximale Pferdest\u00e4rke (HP)<\/td>\n<td>4.5<\/td>\n<td>10<\/td>\n<td>10<\/td>\n<td>10<\/td>\n<\/tr>\n<tr>\n<td>Welle<\/td>\n<td>Kurz<\/td>\n<td>Kurz<\/td>\n<td>Kurz<\/td>\n<td>Kurz<\/td>\n<\/tr>\n<tr>\n<td>Design-Kategorie<\/td>\n<td>D<\/td>\n<td>D<\/td>\n<td>D<\/td>\n<td>D<\/td>\n<\/tr>\n<\/tbody>\n<\/table>\n<p>Diese umfassende \u00dcbersicht bietet Ihnen alle wichtigen Informationen, die Sie ben\u00f6tigen, um eine fundierte Entscheidung zu Ihren Anforderungen an einen semi-rigid Tender zu treffen.<\/p>\n","protected":false},"excerpt":{"rendered":"<p>Schlauchboot Eurovinil EV RIB 202cm &#8211; Der Semi-Rigid Tender Eurovinil EV RIB 202 cm verf\u00fcgt \u00fcber einen Fiberglasboden, der mit<\/p>\n","protected":false},"featured_media":5942138,"comment_status":"open","ping_status":"closed","template":"","meta":[],"product_brand":[2925],"product_cat":[1546],"product_tag":[],"class_list":{"0":"post-737065","1":"product","2":"type-product","3":"status-publish","4":"has-post-thumbnail","6":"product_brand-eurovinil-de","7":"product_cat-schlauchboote-und-beiboote","9":"first","10":"instock","11":"shipping-taxable","12":"purchasable","13":"product-type-simple"},"_links":{"self":[{"href":"https:\/\/stoic-curie.212-227-153-4.plesk.page\/de\/wp-json\/wp\/v2\/product\/737065","targetHints":{"allow":["GET"]}}],"collection":[{"href":"https:\/\/stoic-curie.212-227-153-4.plesk.page\/de\/wp-json\/wp\/v2\/product"}],"about":[{"href":"https:\/\/stoic-curie.212-227-153-4.plesk.page\/de\/wp-json\/wp\/v2\/types\/product"}],"replies":[{"embeddable":true,"href":"https:\/\/stoic-curie.212-227-153-4.plesk.page\/de\/wp-json\/wp\/v2\/comments?post=737065"}],"version-history":[{"count":0,"href":"https:\/\/stoic-curie.212-227-153-4.plesk.page\/de\/wp-json\/wp\/v2\/product\/737065\/revisions"}],"wp:featuredmedia":[{"embeddable":true,"href":"https:\/\/stoic-curie.212-227-153-4.plesk.page\/de\/wp-json\/wp\/v2\/media\/5942138"}],"wp:attachment":[{"href":"https:\/\/stoic-curie.212-227-153-4.plesk.page\/de\/wp-json\/wp\/v2\/media?parent=737065"}],"wp:term":[{"taxonomy":"product_brand","embeddable":true,"href":"https:\/\/stoic-curie.212-227-153-4.plesk.page\/de\/wp-json\/wp\/v2\/product_brand?post=737065"},{"taxonomy":"product_cat","embeddable":true,"href":"https:\/\/stoic-curie.212-227-153-4.plesk.page\/de\/wp-json\/wp\/v2\/product_cat?post=737065"},{"taxonomy":"product_tag","embeddable":true,"href":"https:\/\/stoic-curie.212-227-153-4.plesk.page\/de\/wp-json\/wp\/v2\/product_tag?post=737065"}],"curies":[{"name":"wp","href":"https:\/\/api.w.org\/{rel}","templated":true}]}}