{"id":737066,"date":"2025-03-03T16:35:05","date_gmt":"2025-03-03T15:35:05","guid":{"rendered":"https:\/\/stoic-curie.212-227-153-4.plesk.page\/producto\/schlauchboot-eurovinil-ev-rib-285cm\/"},"modified":"2026-02-24T23:35:10","modified_gmt":"2026-02-24T23:35:10","slug":"schlauchboot-eurovinil-ev-rib-285cm","status":"publish","type":"product","link":"https:\/\/stoic-curie.212-227-153-4.plesk.page\/de\/product\/schlauchboot-eurovinil-ev-rib-285cm\/","title":{"rendered":"Schlauchboot Eurovinil EV RIB 285cm"},"content":{"rendered":"<p>Schlauchboot Eurovinil EV RIB 285cm &#8211; <\/p>\n<p style='color: rgb(34, 34, 34); font-family: Arial, Helvetica, sans-serif; font-size: small;'>Der semi-rigide Tender Eurovinil EV RIB 285 cm verf\u00fcgt \u00fcber einen Unterboden aus Fiberglas, der mit fortschrittlicher Vakuumtechnologie hergestellt wurde. Dies resultiert in einem Produkt, das robust und leicht ist und selbst bei kleineren Motoren eine hohe Leistung erbringt. Der Tender besteht aus hochfestem 1100D PVC-Material, was Langlebigkeit und Effizienz gew\u00e4hrleistet, selbst wenn er mit bescheidenen Motoren betrieben wird. Die gro\u00dfen, durchmesser Tubusstrukturen und spritzwassergesch\u00fctzten Fender sorgen f\u00fcr au\u00dfergew\u00f6hnlichen Komfort beim Fahren.<\/p>\n<p style='color: rgb(34, 34, 34); font-family: Arial, Helvetica, sans-serif; font-size: small;'>Diese Baureihe zeichnet sich durch akribische Detailverliebtheit und stilvolles Design aus. Der ger\u00e4umige tubul\u00e4re Rahmen und das spritzwassergesch\u00fctzte Verdeck erh\u00f6hen den Komfort und sch\u00fctzen die Passagiere vor eindringendem Wasser.<\/p>\n<p style='color: rgb(34, 34, 34); font-family: Arial, Helvetica, sans-serif; font-size: small;'>Die semi-rigiden Boote, die sich durch ihr elegantes wei\u00dfes Finish auszeichnen, erg\u00e4nzen jedes Schiff und bieten eine Mischung aus Raffinesse, Einfachheit und Leistung. Das Modell 275DF sticht durch zus\u00e4tzliche Features hervor.<\/p>\n<p style='color: rgb(34, 34, 34); font-family: Arial, Helvetica, sans-serif; font-size: small;'>Die Standardausstattung umfasst:<\/p>\n<ul style='color: rgb(34, 34, 34); font-family: Arial, Helvetica, sans-serif; font-size: small;'>\n<li>Inflator<\/li>\n<li>Reparaturset<\/li>\n<li>Ruder<\/li>\n<li>Bootstasche<\/li>\n<li>Festmacherleine<\/li>\n<li>Bank<\/li>\n<\/ul>\n<p style='color: rgb(34, 34, 34); font-family: Arial, Helvetica, sans-serif; font-size: small;'>Spezifikationen f\u00fcr die semi-rigide Tender-Linie:<\/p>\n<table style='color: rgb(34, 34, 34); font-family: Arial, Helvetica, sans-serif; font-size: small;'>\n<thead>\n<tr>\n<th>Modell<\/th>\n<th>200<\/th>\n<th>220<\/th>\n<th>250<\/th>\n<th>285<\/th>\n<\/tr>\n<\/thead>\n<tbody>\n<tr>\n<td style='margin: 0px;'>Gesamtl\u00e4nge (cm)<\/td>\n<td style='margin: 0px;'>200<\/td>\n<td style='margin: 0px;'>220<\/td>\n<td style='margin: 0px;'>250<\/td>\n<td style='margin: 0px;'>290<\/td>\n<\/tr>\n<tr>\n<td style='margin: 0px;'>Gesamtbreite (cm)<\/td>\n<td style='margin: 0px;'>147<\/td>\n<td style='margin: 0px;'>147<\/td>\n<td style='margin: 0px;'>150<\/td>\n<td style='margin: 0px;'>168<\/td>\n<\/tr>\n<tr>\n<td style='margin: 0px;'>Heckh\u00f6he (cm)<\/td>\n<td style='margin: 0px;'>38<\/td>\n<td style='margin: 0px;'>38<\/td>\n<td style='margin: 0px;'>38<\/td>\n<td style='margin: 0px;'>39<\/td>\n<\/tr>\n<tr>\n<td style='margin: 0px;'>Durchmesser der Tubusstrukturen (cm, durchschnittlich)<\/td>\n<td style='margin: 0px;'>38<\/td>\n<td style='margin: 0px;'>38<\/td>\n<td style='margin: 0px;'>42<\/td>\n<td style='margin: 0px;'>43<\/td>\n<\/tr>\n<tr>\n<td style='margin: 0px;'>Anzahl der Personen<\/td>\n<td style='margin: 0px;'>2<\/td>\n<td style='margin: 0px;'>2<\/td>\n<td style='margin: 0px;'>3<\/td>\n<td style='margin: 0px;'>3<\/td>\n<\/tr>\n<tr>\n<td style='margin: 0px;'>Maximale Zuladung (kg)<\/td>\n<td style='margin: 0px;'>180<\/td>\n<td style='margin: 0px;'>280<\/td>\n<td style='margin: 0px;'>450<\/td>\n<td style='margin: 0px;'>550<\/td>\n<\/tr>\n<tr>\n<td style='margin: 0px;'>Anzahl der R\u00e4ume<\/td>\n<td style='margin: 0px;'>3<\/td>\n<td style='margin: 0px;'>3<\/td>\n<td style='margin: 0px;'>3<\/td>\n<td style='margin: 0px;'>3<\/td>\n<\/tr>\n<tr>\n<td style='margin: 0px;'>Gewicht (kg)<\/td>\n<td style='margin: 0px;'>37<\/td>\n<td style='margin: 0px;'>39<\/td>\n<td style='margin: 0px;'>50<\/td>\n<td style='margin: 0px;'>65<\/td>\n<\/tr>\n<tr>\n<td style='margin: 0px;'>Maximale PS (HP)<\/td>\n<td style='margin: 0px;'>4<\/td>\n<td style='margin: 0px;'>5<\/td>\n<td style='margin: 0px;'>10<\/td>\n<td style='margin: 0px;'>10<\/td>\n<\/tr>\n<tr>\n<td style='margin: 0px;'>Schafter<\/td>\n<td style='margin: 0px;'>Kurz<\/td>\n<td style='margin: 0px;'>Kurz<\/td>\n<td style='margin: 0px;'>Kurz<\/td>\n<td style='margin: 0px;'>Kurz<\/td>\n<\/tr>\n<tr>\n<td style='margin: 0px;'>Designkategorie<\/td>\n<td style='margin: 0px;'>D<\/td>\n<td style='margin: 0px;'>D<\/td>\n<td style='margin: 0px;'>D<\/td>\n<td style='margin: 0px;'>D<\/td>\n<\/tr>\n<\/tbody>\n<\/table>\n<p style='color: rgb(34, 34, 34); font-family: Arial, Helvetica, sans-serif; font-size: small;'>Diese umfassende \u00dcbersicht stellt sicher, dass Sie alle erforderlichen Informationen haben, um eine informierte Entscheidung zu Ihren Anforderungen an einen semi-rigid Tender zu treffen.<\/p>\n","protected":false},"excerpt":{"rendered":"<p>Schlauchboot Eurovinil EV RIB 285cm &#8211; Der semi-rigide Tender Eurovinil EV RIB 285 cm verf\u00fcgt \u00fcber einen Unterboden aus Fiberglas,<\/p>\n","protected":false},"featured_media":5942138,"comment_status":"open","ping_status":"closed","template":"","meta":[],"product_brand":[2925],"product_cat":[1546],"product_tag":[],"class_list":{"0":"post-737066","1":"product","2":"type-product","3":"status-publish","4":"has-post-thumbnail","6":"product_brand-eurovinil-de","7":"product_cat-schlauchboote-und-beiboote","9":"first","10":"instock","11":"shipping-taxable","12":"purchasable","13":"product-type-simple"},"_links":{"self":[{"href":"https:\/\/stoic-curie.212-227-153-4.plesk.page\/de\/wp-json\/wp\/v2\/product\/737066","targetHints":{"allow":["GET"]}}],"collection":[{"href":"https:\/\/stoic-curie.212-227-153-4.plesk.page\/de\/wp-json\/wp\/v2\/product"}],"about":[{"href":"https:\/\/stoic-curie.212-227-153-4.plesk.page\/de\/wp-json\/wp\/v2\/types\/product"}],"replies":[{"embeddable":true,"href":"https:\/\/stoic-curie.212-227-153-4.plesk.page\/de\/wp-json\/wp\/v2\/comments?post=737066"}],"version-history":[{"count":0,"href":"https:\/\/stoic-curie.212-227-153-4.plesk.page\/de\/wp-json\/wp\/v2\/product\/737066\/revisions"}],"wp:featuredmedia":[{"embeddable":true,"href":"https:\/\/stoic-curie.212-227-153-4.plesk.page\/de\/wp-json\/wp\/v2\/media\/5942138"}],"wp:attachment":[{"href":"https:\/\/stoic-curie.212-227-153-4.plesk.page\/de\/wp-json\/wp\/v2\/media?parent=737066"}],"wp:term":[{"taxonomy":"product_brand","embeddable":true,"href":"https:\/\/stoic-curie.212-227-153-4.plesk.page\/de\/wp-json\/wp\/v2\/product_brand?post=737066"},{"taxonomy":"product_cat","embeddable":true,"href":"https:\/\/stoic-curie.212-227-153-4.plesk.page\/de\/wp-json\/wp\/v2\/product_cat?post=737066"},{"taxonomy":"product_tag","embeddable":true,"href":"https:\/\/stoic-curie.212-227-153-4.plesk.page\/de\/wp-json\/wp\/v2\/product_tag?post=737066"}],"curies":[{"name":"wp","href":"https:\/\/api.w.org\/{rel}","templated":true}]}}