{"id":737069,"date":"2025-03-03T16:35:06","date_gmt":"2025-03-03T15:35:06","guid":{"rendered":"https:\/\/stoic-curie.212-227-153-4.plesk.page\/producto\/segeljacke-helly-hansen-oxford-shell-schwarz-groesse-xxl\/"},"modified":"2026-02-24T23:35:11","modified_gmt":"2026-02-24T23:35:11","slug":"segeljacke-helly-hansen-oxford-shell-schwarz-groesse-xxl","status":"publish","type":"product","link":"https:\/\/stoic-curie.212-227-153-4.plesk.page\/de\/product\/segeljacke-helly-hansen-oxford-shell-schwarz-groesse-xxl\/","title":{"rendered":"Segeljacke Helly Hansen Oxford Shell Schwarz ( Gr\u00f6\u00dfe XXL)"},"content":{"rendered":"<p>Segeljacke Helly Hansen Oxford Shell Schwarz ( Gr\u00f6\u00dfe XXL) &#8211; <\/p>\n<p>Die Helly Hansen Oxford Shell Jacke verf\u00fcgt \u00fcber eine vollst\u00e4ndig getapte Konstruktion mit Helly Tech\u00c2\u00ae Performance Membran, die f\u00fcr hervorragende Atmungsaktivit\u00e4t sorgt und gleichzeitig wasserdicht bleibt. Sie ist bequem und \u00e4u\u00dferst widerstandsf\u00e4hig dank des Ripstop-Stoffes. Mit abnehmbarer und verstellbarer Kapuze, Innentasche f\u00fcr die Brust, verstellbaren Manschetten und Saum sowie einem verl\u00e4ngerten R\u00fccken f\u00fcr zus\u00e4tzlichen Komfort. Diese Jacke ist das ganze Jahr \u00fcber zuverl\u00e4ssig, ob allein oder in Kombination mit einer Basisschicht und Fleece.<\/p>\n","protected":false},"excerpt":{"rendered":"<p>Segeljacke Helly Hansen Oxford Shell Schwarz ( Gr\u00f6\u00dfe XXL) &#8211; Die Helly Hansen Oxford Shell Jacke verf\u00fcgt \u00fcber eine vollst\u00e4ndig<\/p>\n","protected":false},"featured_media":5945636,"comment_status":"open","ping_status":"closed","template":"","meta":[],"product_brand":[3000],"product_cat":[1570],"product_tag":[],"class_list":{"0":"post-737069","1":"product","2":"type-product","3":"status-publish","4":"has-post-thumbnail","6":"product_brand-helly-hansen-de","7":"product_cat-nautische-bekleidung-helly-hansen","9":"first","10":"instock","11":"shipping-taxable","12":"purchasable","13":"product-type-simple"},"_links":{"self":[{"href":"https:\/\/stoic-curie.212-227-153-4.plesk.page\/de\/wp-json\/wp\/v2\/product\/737069","targetHints":{"allow":["GET"]}}],"collection":[{"href":"https:\/\/stoic-curie.212-227-153-4.plesk.page\/de\/wp-json\/wp\/v2\/product"}],"about":[{"href":"https:\/\/stoic-curie.212-227-153-4.plesk.page\/de\/wp-json\/wp\/v2\/types\/product"}],"replies":[{"embeddable":true,"href":"https:\/\/stoic-curie.212-227-153-4.plesk.page\/de\/wp-json\/wp\/v2\/comments?post=737069"}],"version-history":[{"count":0,"href":"https:\/\/stoic-curie.212-227-153-4.plesk.page\/de\/wp-json\/wp\/v2\/product\/737069\/revisions"}],"wp:featuredmedia":[{"embeddable":true,"href":"https:\/\/stoic-curie.212-227-153-4.plesk.page\/de\/wp-json\/wp\/v2\/media\/5945636"}],"wp:attachment":[{"href":"https:\/\/stoic-curie.212-227-153-4.plesk.page\/de\/wp-json\/wp\/v2\/media?parent=737069"}],"wp:term":[{"taxonomy":"product_brand","embeddable":true,"href":"https:\/\/stoic-curie.212-227-153-4.plesk.page\/de\/wp-json\/wp\/v2\/product_brand?post=737069"},{"taxonomy":"product_cat","embeddable":true,"href":"https:\/\/stoic-curie.212-227-153-4.plesk.page\/de\/wp-json\/wp\/v2\/product_cat?post=737069"},{"taxonomy":"product_tag","embeddable":true,"href":"https:\/\/stoic-curie.212-227-153-4.plesk.page\/de\/wp-json\/wp\/v2\/product_tag?post=737069"}],"curies":[{"name":"wp","href":"https:\/\/api.w.org\/{rel}","templated":true}]}}